{"id":94216,"date":"2025-04-25T09:22:39","date_gmt":"2025-04-25T09:22:39","guid":{"rendered":"https:\/\/moto-oprema.com\/Artikel\/spidi-moto-jeggings-dyneema-blau\/"},"modified":"2025-04-25T09:22:39","modified_gmt":"2025-04-25T09:22:39","slug":"spidi-moto-jeggings-dyneema-blau","status":"publish","type":"product","link":"https:\/\/moto-oprema.com\/de\/Artikel\/spidi-moto-jeggings-dyneema-blau\/","title":{"rendered":"SPIDI MOTO JEGGINGS DYNEEMA\u00ae BLAU"},"content":{"rendered":"<p>SPIDI Moto Jeggings: einlagige Stretch-Denim-Jeans, die maximalen Komfort bieten.<br \/>\nHergestellt aus innovativem, leichtem Denim, der mit Elastam und Dyneema\u00ae gemischt ist, die f\u00fcr eine hohe Dehnbarkeit und Formgebung untersucht wurden. Dieser Stoff wurde entwickelt, um die R\u00fcckstellf\u00e4higkeit zu verbessern und so den ganzen Tag \u00fcber eine perfekte Passform und hervorragenden Komfort zu gew\u00e4hrleisten.<br \/>\nDie Moto Leggings sind nach EN 17092-4:2020 Klasse A zertifiziert und enthalten abnehmbare Warrior Lite CE-zertifizierte Kniesch\u00fctzer, w\u00e4hrend Warrior Lite CE-zertifizierte H\u00fcftpolster als Zubeh\u00f6r erh\u00e4ltlich sind.<br \/>\nDie Baumwoll-\/Dyneema\u00ae-Zusammensetzung und die elastischen Eins\u00e4tze an den Knien machen sie ideal f\u00fcr den Einsatz im Fr\u00fchjahr\/Sommer auf allen Arten von Fahrr\u00e4dern.<\/p>\n","protected":false},"excerpt":{"rendered":"<p>Moto Jeggings Dyneema\u00ae Textil Damenhosen<\/p>\n","protected":false},"featured_media":84149,"comment_status":"open","ping_status":"closed","template":"","meta":{"_acf_changed":false},"brand":[2124],"gender":[2170],"product_brand":[],"product_cat":[1357,2189,2190],"product_tag":[],"class_list":{"0":"post-94216","1":"product","2":"type-product","3":"status-publish","4":"has-post-thumbnail","6":"brand-spidi-de","7":"gender-zenska-de","8":"product_cat-ausrustung-fur-motorradfahrer","9":"product_cat-hose","10":"product_cat-jeans-hosen","11":"pa_size-2xl-de","12":"pa_size-3xl-de","13":"pa_size-l-de","14":"pa_size-m-de","15":"pa_size-s-de","16":"pa_size-xl-de","17":"pa_size-xs-de","19":"first","20":"instock","21":"sale","22":"taxable","23":"shipping-taxable","24":"purchasable","25":"product-type-variable"},"acf":[],"_links":{"self":[{"href":"https:\/\/moto-oprema.com\/de\/wp-json\/wp\/v2\/product\/94216","targetHints":{"allow":["GET"]}}],"collection":[{"href":"https:\/\/moto-oprema.com\/de\/wp-json\/wp\/v2\/product"}],"about":[{"href":"https:\/\/moto-oprema.com\/de\/wp-json\/wp\/v2\/types\/product"}],"replies":[{"embeddable":true,"href":"https:\/\/moto-oprema.com\/de\/wp-json\/wp\/v2\/comments?post=94216"}],"wp:featuredmedia":[{"embeddable":true,"href":"https:\/\/moto-oprema.com\/de\/wp-json\/wp\/v2\/media\/84149"}],"wp:attachment":[{"href":"https:\/\/moto-oprema.com\/de\/wp-json\/wp\/v2\/media?parent=94216"}],"wp:term":[{"taxonomy":"brand","embeddable":true,"href":"https:\/\/moto-oprema.com\/de\/wp-json\/wp\/v2\/brand?post=94216"},{"taxonomy":"gender","embeddable":true,"href":"https:\/\/moto-oprema.com\/de\/wp-json\/wp\/v2\/gender?post=94216"},{"taxonomy":"product_brand","embeddable":true,"href":"https:\/\/moto-oprema.com\/de\/wp-json\/wp\/v2\/product_brand?post=94216"},{"taxonomy":"product_cat","embeddable":true,"href":"https:\/\/moto-oprema.com\/de\/wp-json\/wp\/v2\/product_cat?post=94216"},{"taxonomy":"product_tag","embeddable":true,"href":"https:\/\/moto-oprema.com\/de\/wp-json\/wp\/v2\/product_tag?post=94216"}],"curies":[{"name":"wp","href":"https:\/\/api.w.org\/{rel}","templated":true}]}}