{"id":94201,"date":"2025-04-25T09:21:32","date_gmt":"2025-04-25T09:21:32","guid":{"rendered":"https:\/\/moto-oprema.com\/Artikel\/spidi-moto-jeggings-hw-dyneema-schwarz\/"},"modified":"2025-04-25T09:21:32","modified_gmt":"2025-04-25T09:21:32","slug":"spidi-moto-jeggings-hw-dyneema-schwarz","status":"publish","type":"product","link":"https:\/\/moto-oprema.com\/de\/Artikel\/spidi-moto-jeggings-hw-dyneema-schwarz\/","title":{"rendered":"SPIDI MOTO JEGGINGS HW DYNEEMA\u00ae SCHWARZ"},"content":{"rendered":"<p>SPIDI Moto Jeggins HW Dyneema\u00ae: einlagige Jeanshosen mit hoher Taille, die vor allem in w\u00e4rmeren Klimazonen f\u00fcr maximalen Komfort sorgen. Sie bestehen aus einem innovativen, leichten Stretch-Denim, der mit Elastam und Dyneema\u00ae gemischt ist, die auf ihre Dehnbarkeit und formgebende Wirkung hin untersucht wurden. Dieser Stoff wurde entwickelt, um die R\u00fcckstellf\u00e4higkeit zu verbessern und so eine perfekte Passform und hervorragenden Komfort den ganzen Tag \u00fcber zu gew\u00e4hrleisten.  <\/p>\n<p>Die HW Dyneema\u00ae Moto Jeggings sind nach EN 17092-4:2020 Klasse A zertifiziert und verf\u00fcgen \u00fcber herausnehmbare Warrior Lite CE-zertifizierte Kniesch\u00fctzer, wobei Warrior Lite Level 2 CE-zertifizierte H\u00fcftsch\u00fctzer als Zubeh\u00f6r erh\u00e4ltlich sind. Die Baumwoll-\/Dyneema\u00ae-Zusammensetzung, der elastische Bund und die Stretcheins\u00e4tze an den Knien machen sie au\u00dferdem ideal f\u00fcr das Fahren von Sporttouring-Motorr\u00e4dern.<\/p>\n","protected":false},"excerpt":{"rendered":"<p>Moto Jeggings Dyneema\u00ae HW Textil Damenhosen<\/p>\n","protected":false},"featured_media":84090,"comment_status":"open","ping_status":"closed","template":"","meta":{"_acf_changed":false},"brand":[2124],"gender":[2170],"product_brand":[],"product_cat":[1357,2189,2190],"product_tag":[],"class_list":{"0":"post-94201","1":"product","2":"type-product","3":"status-publish","4":"has-post-thumbnail","6":"brand-spidi-de","7":"gender-zenska-de","8":"product_cat-ausrustung-fur-motorradfahrer","9":"product_cat-hose","10":"product_cat-jeans-hosen","11":"pa_size-2xl-de","12":"pa_size-3xl-de","13":"pa_size-l-de","14":"pa_size-m-de","15":"pa_size-s-de","16":"pa_size-xl-de","17":"pa_size-xs-de","19":"first","20":"instock","21":"sale","22":"taxable","23":"shipping-taxable","24":"purchasable","25":"product-type-variable"},"acf":[],"_links":{"self":[{"href":"https:\/\/moto-oprema.com\/de\/wp-json\/wp\/v2\/product\/94201","targetHints":{"allow":["GET"]}}],"collection":[{"href":"https:\/\/moto-oprema.com\/de\/wp-json\/wp\/v2\/product"}],"about":[{"href":"https:\/\/moto-oprema.com\/de\/wp-json\/wp\/v2\/types\/product"}],"replies":[{"embeddable":true,"href":"https:\/\/moto-oprema.com\/de\/wp-json\/wp\/v2\/comments?post=94201"}],"wp:featuredmedia":[{"embeddable":true,"href":"https:\/\/moto-oprema.com\/de\/wp-json\/wp\/v2\/media\/84090"}],"wp:attachment":[{"href":"https:\/\/moto-oprema.com\/de\/wp-json\/wp\/v2\/media?parent=94201"}],"wp:term":[{"taxonomy":"brand","embeddable":true,"href":"https:\/\/moto-oprema.com\/de\/wp-json\/wp\/v2\/brand?post=94201"},{"taxonomy":"gender","embeddable":true,"href":"https:\/\/moto-oprema.com\/de\/wp-json\/wp\/v2\/gender?post=94201"},{"taxonomy":"product_brand","embeddable":true,"href":"https:\/\/moto-oprema.com\/de\/wp-json\/wp\/v2\/product_brand?post=94201"},{"taxonomy":"product_cat","embeddable":true,"href":"https:\/\/moto-oprema.com\/de\/wp-json\/wp\/v2\/product_cat?post=94201"},{"taxonomy":"product_tag","embeddable":true,"href":"https:\/\/moto-oprema.com\/de\/wp-json\/wp\/v2\/product_tag?post=94201"}],"curies":[{"name":"wp","href":"https:\/\/api.w.org\/{rel}","templated":true}]}}