{"id":94179,"date":"2025-04-25T09:05:11","date_gmt":"2025-04-25T09:05:11","guid":{"rendered":"https:\/\/moto-oprema.com\/Artikel\/spidi-super-net-frauen-textiljacke-schwarz\/"},"modified":"2025-04-25T09:05:11","modified_gmt":"2025-04-25T09:05:11","slug":"spidi-super-net-frauen-textiljacke-schwarz","status":"publish","type":"product","link":"https:\/\/moto-oprema.com\/de\/Artikel\/spidi-super-net-frauen-textiljacke-schwarz\/","title":{"rendered":"SPIDI SUPER NET FRAUEN TEXTILJACKE SCHWARZ"},"content":{"rendered":"<p>Die SPIDI Super Net ist eine leichte Jacke der Sicherheitsklasse A f\u00fcr Damen, die Schutz und Bel\u00fcftung bietet, wenn Sie bei extremer Hitze fahren.<br \/>\nMit der patentierten STEP-INARMOR-Technologie von SPIDI kann die Super Net als eigenst\u00e4ndige Netzjacke oder unter einer anderen Jacke mit der gleichen Technologie getragen werden.<br \/>\nDie Super Net Jacke besteht aus hochfestem Polyestergewebe in Kombination mit elastischen Stoffabschnitten und ist CE-zertifiziert nach EN 17092-4:2020 und mit Level 1 Schulter- und Ellbogenpolstern ausgestattet, die CE-zertifiziert nach EN 1621-1:2012 sind. F\u00fcr diejenigen, die den absoluten Maximalschutz w\u00fcnschen, ist die Jacke mit R\u00fccken- und Brustpolstern ausgestattet, die separat erh\u00e4ltlich sind. Diese Schicht kann \u00fcber den Hauptrei\u00dfverschluss und die Schlaufen mit anderen thermischen und wasserdichten Schichten in verschiedenen Kombinationen kombiniert werden; sie kann auch unter einer separaten harten oder weichen Shell verwendet werden.<\/p>\n","protected":false},"excerpt":{"rendered":"<p>Die SPIDI Super Net ist eine leichte Jacke der Sicherheitsklasse A f\u00fcr Damen, die Schutz und&#8230;<\/p>\n","protected":false},"featured_media":83930,"comment_status":"open","ping_status":"closed","template":"","meta":{"_acf_changed":false},"brand":[2124],"gender":[2170],"product_brand":[],"product_cat":[1357,2045,2048],"product_tag":[],"class_list":{"0":"post-94179","1":"product","2":"type-product","3":"status-publish","4":"has-post-thumbnail","6":"brand-spidi-de","7":"gender-zenska-de","8":"product_cat-ausrustung-fur-motorradfahrer","9":"product_cat-jakne-de","10":"product_cat-textil-jacken","11":"pa_size-2xl-de","12":"pa_size-l-de","13":"pa_size-m-de","14":"pa_size-s-de","15":"pa_size-xl-de","16":"pa_size-xs-de","18":"first","19":"instock","20":"sale","21":"taxable","22":"shipping-taxable","23":"purchasable","24":"product-type-variable"},"acf":[],"_links":{"self":[{"href":"https:\/\/moto-oprema.com\/de\/wp-json\/wp\/v2\/product\/94179","targetHints":{"allow":["GET"]}}],"collection":[{"href":"https:\/\/moto-oprema.com\/de\/wp-json\/wp\/v2\/product"}],"about":[{"href":"https:\/\/moto-oprema.com\/de\/wp-json\/wp\/v2\/types\/product"}],"replies":[{"embeddable":true,"href":"https:\/\/moto-oprema.com\/de\/wp-json\/wp\/v2\/comments?post=94179"}],"wp:featuredmedia":[{"embeddable":true,"href":"https:\/\/moto-oprema.com\/de\/wp-json\/wp\/v2\/media\/83930"}],"wp:attachment":[{"href":"https:\/\/moto-oprema.com\/de\/wp-json\/wp\/v2\/media?parent=94179"}],"wp:term":[{"taxonomy":"brand","embeddable":true,"href":"https:\/\/moto-oprema.com\/de\/wp-json\/wp\/v2\/brand?post=94179"},{"taxonomy":"gender","embeddable":true,"href":"https:\/\/moto-oprema.com\/de\/wp-json\/wp\/v2\/gender?post=94179"},{"taxonomy":"product_brand","embeddable":true,"href":"https:\/\/moto-oprema.com\/de\/wp-json\/wp\/v2\/product_brand?post=94179"},{"taxonomy":"product_cat","embeddable":true,"href":"https:\/\/moto-oprema.com\/de\/wp-json\/wp\/v2\/product_cat?post=94179"},{"taxonomy":"product_tag","embeddable":true,"href":"https:\/\/moto-oprema.com\/de\/wp-json\/wp\/v2\/product_tag?post=94179"}],"curies":[{"name":"wp","href":"https:\/\/api.w.org\/{rel}","templated":true}]}}