{"id":94099,"date":"2025-04-23T07:53:27","date_gmt":"2025-04-23T07:53:27","guid":{"rendered":"https:\/\/moto-oprema.com\/Artikel\/oakley-mx-schutzbrille-airbrake-50th-anniversary\/"},"modified":"2025-04-23T07:53:27","modified_gmt":"2025-04-23T07:53:27","slug":"oakley-mx-schutzbrille-airbrake-50th-anniversary","status":"publish","type":"product","link":"https:\/\/moto-oprema.com\/de\/Artikel\/oakley-mx-schutzbrille-airbrake-50th-anniversary\/","title":{"rendered":"OAKLEY MX-Schutzbrille AIRBRAKE 50th ANNIVERSARY"},"content":{"rendered":"<p>Die OAKLEY Airbrake Goggles sind mit hochwertigen 24K-Gl\u00e4sern ausgestattet, die nicht nur atemberaubend aussehen, sondern auch den besten UV-Schutz bieten. Ein spezielles F3-Antibeschlagsystem sorgt f\u00fcr klare Sicht, egal wie herausfordernd die Bedingungen sind. Der solide Exoskeleton-Rahmen sorgt in Kombination mit der flexiblen O Matter-Gesichtsplatte f\u00fcr eine perfekte Passform und Komfort, der f\u00fcr lange Fahrten und Abenteuer ausgelegt ist. Dar\u00fcber hinaus sorgt der dreilagige Gesichtsschaum f\u00fcr einen bequemen Sitz und absorbiert zuverl\u00e4ssig Schwei\u00df.   <\/p>\n<p>7 Top-Vorteile der OAKLEY Airbrake 50TH ANNIVERSARY<br \/>\n1. Limitierte Auflage zur Feier des 50-j\u00e4hrigen Jubil\u00e4ums von Oakley.<br \/>\n2. Bahnbrechendes Design mit reinem Plutonite\u2122-Glasmaterial f\u00fcr maximalen Schutz.<br \/>\n3. Switchlock\u00ae-Technologie f\u00fcr schnellen und einfachen Glaswechsel.<br \/>\n4.. 100%iger Schutz gegen UVA\/UVB\/UVC und sch\u00e4dliches blaues Licht bis 400 nm.<br \/>\n5. F3-Antibeschlagbeschichtung f\u00fcr klare Sicht unter allen Bedingungen.<br \/>\n6. starres Exoskelett mit flexibler O Matter-Gesichtsplatte f\u00fcr optimalen Komfort.<br \/>\n7. abnehmbarer Nasenschutz und 7 laminierte Abrisskappen im Lieferumfang enthalten.<\/p>\n","protected":false},"excerpt":{"rendered":"<p>Box: 50. Jahrestag Glas: 24K Iridium<\/p>\n","protected":false},"featured_media":83026,"comment_status":"open","ping_status":"closed","template":"","meta":{"_acf_changed":false},"brand":[2181],"gender":[2173],"product_brand":[],"product_cat":[1357,2028,2182],"product_tag":[],"class_list":{"0":"post-94099","1":"product","2":"type-product","3":"status-publish","4":"has-post-thumbnail","6":"brand-oakley-de","7":"gender-unisex-de","8":"product_cat-ausrustung-fur-motorradfahrer","9":"product_cat-motocross-ausrustung","10":"product_cat-mx-brille","12":"first","13":"onbackorder","14":"sale","15":"taxable","16":"shipping-taxable","17":"purchasable","18":"product-type-simple"},"acf":[],"_links":{"self":[{"href":"https:\/\/moto-oprema.com\/de\/wp-json\/wp\/v2\/product\/94099","targetHints":{"allow":["GET"]}}],"collection":[{"href":"https:\/\/moto-oprema.com\/de\/wp-json\/wp\/v2\/product"}],"about":[{"href":"https:\/\/moto-oprema.com\/de\/wp-json\/wp\/v2\/types\/product"}],"replies":[{"embeddable":true,"href":"https:\/\/moto-oprema.com\/de\/wp-json\/wp\/v2\/comments?post=94099"}],"wp:featuredmedia":[{"embeddable":true,"href":"https:\/\/moto-oprema.com\/de\/wp-json\/wp\/v2\/media\/83026"}],"wp:attachment":[{"href":"https:\/\/moto-oprema.com\/de\/wp-json\/wp\/v2\/media?parent=94099"}],"wp:term":[{"taxonomy":"brand","embeddable":true,"href":"https:\/\/moto-oprema.com\/de\/wp-json\/wp\/v2\/brand?post=94099"},{"taxonomy":"gender","embeddable":true,"href":"https:\/\/moto-oprema.com\/de\/wp-json\/wp\/v2\/gender?post=94099"},{"taxonomy":"product_brand","embeddable":true,"href":"https:\/\/moto-oprema.com\/de\/wp-json\/wp\/v2\/product_brand?post=94099"},{"taxonomy":"product_cat","embeddable":true,"href":"https:\/\/moto-oprema.com\/de\/wp-json\/wp\/v2\/product_cat?post=94099"},{"taxonomy":"product_tag","embeddable":true,"href":"https:\/\/moto-oprema.com\/de\/wp-json\/wp\/v2\/product_tag?post=94099"}],"curies":[{"name":"wp","href":"https:\/\/api.w.org\/{rel}","templated":true}]}}