{"id":94090,"date":"2025-04-23T07:40:14","date_gmt":"2025-04-23T07:40:14","guid":{"rendered":"https:\/\/moto-oprema.com\/Artikel\/oakley-mx-brille-airbrake-chase-sexton\/"},"modified":"2025-04-23T07:40:14","modified_gmt":"2025-04-23T07:40:14","slug":"oakley-mx-brille-airbrake-chase-sexton","status":"publish","type":"product","link":"https:\/\/moto-oprema.com\/de\/Artikel\/oakley-mx-brille-airbrake-chase-sexton\/","title":{"rendered":"OAKLEY MX BRILLE AIRBRAKE CHASE SEXTON"},"content":{"rendered":"<p>Die OAKLEY Airbrake-Technologie bietet un\u00fcbertroffene Sicherheit und Leistung. Sie sind mit Pure Plutonite\u2122-Gl\u00e4sern ausgestattet, die eine Sto\u00dffestigkeit bieten, die sich als praktisch unzerst\u00f6rbar erweist. Dank der Switchlock\u2122 Technologie kann das Glas schnell und einfach gewechselt werden, was eine maximale Anpassungsf\u00e4higkeit an wechselnde Wetterbedingungen erm\u00f6glicht. Die optisch korrekte Scheibe mit F3-Antibeschlagbeschichtung sorgt f\u00fcr klare Sicht, w\u00e4hrend das gro\u00dfe Sichtfeld und der nahezu unglaubliche Tragekomfort jeden Fahrer in den Schatten stellen.   <\/p>\n<p>Zus\u00e4tzlich zu ihrem innovativen Design und ihren technologischen Vorteilen bietet die Brille eine Vielzahl von Anpassungsm\u00f6glichkeiten. Ausgestattet mit dreilagigem, schwei\u00dfableitendem Schaumstoff und einem verstellbaren, silikonbeschichteten Band sorgt die Brille selbst bei den h\u00e4rtesten Rennen f\u00fcr einen sicheren Sitz. Das Paket wird durch wiederverwendbare Nasenpads und die M\u00f6glichkeit der Kompatibilit\u00e4t mit verschiedenen Helmen abgerundet. Die OAKLEY Airbrake CHASE SEXTON Signature Series ist perfekt f\u00fcr alle Streckenabenteuer und setzt neue Ma\u00dfst\u00e4be in Sachen Stil und Funktionalit\u00e4t.   <\/p>\n<p>Merkmale:<\/p>\n<ul>\n<li>PRIZM\u2122 Objektiv-Technologie<\/li>\n<li>Schlagfeste Plutonitlinse mit F3-Anti-Beschlag-Beschichtung<\/li>\n<li>Switch-Lock-Objektivtechnologie f\u00fcr schnellen und einfachen Objektivwechsel<\/li>\n<li>Ausleger-System f\u00fcr ausgewogenen Sitz<\/li>\n<li>Spritzgegossenes Polycarbonat unter extremem Druck, um eine pr\u00e4zise Kontur mit optisch korrekter Geometrie zu schaffen<\/li>\n<\/ul>\n","protected":false},"excerpt":{"rendered":"<p>Rahmen:Chase Sexton Unterschrift Glas: Prizm MX Sapphire<\/p>\n","protected":false},"featured_media":82988,"comment_status":"open","ping_status":"closed","template":"","meta":{"_acf_changed":false},"brand":[2181],"gender":[2173],"product_brand":[],"product_cat":[1357,2028,2182],"product_tag":[],"class_list":{"0":"post-94090","1":"product","2":"type-product","3":"status-publish","4":"has-post-thumbnail","6":"brand-oakley-de","7":"gender-unisex-de","8":"product_cat-ausrustung-fur-motorradfahrer","9":"product_cat-motocross-ausrustung","10":"product_cat-mx-brille","12":"first","13":"onbackorder","14":"sale","15":"taxable","16":"shipping-taxable","17":"purchasable","18":"product-type-simple"},"acf":[],"_links":{"self":[{"href":"https:\/\/moto-oprema.com\/de\/wp-json\/wp\/v2\/product\/94090","targetHints":{"allow":["GET"]}}],"collection":[{"href":"https:\/\/moto-oprema.com\/de\/wp-json\/wp\/v2\/product"}],"about":[{"href":"https:\/\/moto-oprema.com\/de\/wp-json\/wp\/v2\/types\/product"}],"replies":[{"embeddable":true,"href":"https:\/\/moto-oprema.com\/de\/wp-json\/wp\/v2\/comments?post=94090"}],"wp:featuredmedia":[{"embeddable":true,"href":"https:\/\/moto-oprema.com\/de\/wp-json\/wp\/v2\/media\/82988"}],"wp:attachment":[{"href":"https:\/\/moto-oprema.com\/de\/wp-json\/wp\/v2\/media?parent=94090"}],"wp:term":[{"taxonomy":"brand","embeddable":true,"href":"https:\/\/moto-oprema.com\/de\/wp-json\/wp\/v2\/brand?post=94090"},{"taxonomy":"gender","embeddable":true,"href":"https:\/\/moto-oprema.com\/de\/wp-json\/wp\/v2\/gender?post=94090"},{"taxonomy":"product_brand","embeddable":true,"href":"https:\/\/moto-oprema.com\/de\/wp-json\/wp\/v2\/product_brand?post=94090"},{"taxonomy":"product_cat","embeddable":true,"href":"https:\/\/moto-oprema.com\/de\/wp-json\/wp\/v2\/product_cat?post=94090"},{"taxonomy":"product_tag","embeddable":true,"href":"https:\/\/moto-oprema.com\/de\/wp-json\/wp\/v2\/product_tag?post=94090"}],"curies":[{"name":"wp","href":"https:\/\/api.w.org\/{rel}","templated":true}]}}