{"id":93970,"date":"2025-06-16T07:25:48","date_gmt":"2025-06-16T07:25:48","guid":{"rendered":"https:\/\/moto-oprema.com\/Artikel\/sena-spider-st1-mesh-universal-kommunikation-duo-pack\/"},"modified":"2025-06-16T07:25:48","modified_gmt":"2025-06-16T07:25:48","slug":"sena-spider-st1-mesh-universal-kommunikation-duo-pack","status":"publish","type":"product","link":"https:\/\/moto-oprema.com\/de\/Artikel\/sena-spider-st1-mesh-universal-kommunikation-duo-pack\/","title":{"rendered":"SENA SPIDER ST1 MESH UNIVERSAL KOMMUNIKATION DUO PACK"},"content":{"rendered":"<p>Sena Spider ST1 HD Bluetooth Kommunikationssystem, Doppelset<\/p>\n<p>Robuste Zuverl\u00e4ssigkeit zu einem erschwinglichen Preis.<\/p>\n<p>Sena stellt das neue Spider ST1 vor. Ein reines Netzwerksystem mit robuster Zuverl\u00e4ssigkeit zur Optimierung Ihrer Verbindung zu einem erschwinglichen Preis. Die hochmoderne Netzwerktechnologie von Sena optimiert die Kommunikation zwischen den Fahrern. Das Spider ST1 ist mit hochwertigen HD-Lautsprechern f\u00fcr ein au\u00dfergew\u00f6hnliches Klangerlebnis ausgestattet.   <\/p>\n<p>Merkmale:<\/p>\n<ul>\n<li>neu definierte Verbindungen dank Sena Mesh<\/li>\n<li>Gro\u00dfartiges Klangerlebnis mit erstklassigen HD-Lautsprechern<\/li>\n<li>Bluetooth 5.2<\/li>\n<li>einfache Einrichtung des Ger\u00e4ts \u00fcber die Sena App<\/li>\n<li>Mesh Intercom<\/li>\n<li>Multi-Channel-Kommunikation<\/li>\n<li>Intercom-Reichweite bis zu 8 km<\/li>\n<li>Erweiterte L\u00e4rmkontrolle<\/li>\n<\/ul>\n<p>Technische Daten:<\/p>\n<ul>\n<li>Akku-Typ: Lithium-Polymer-Akku<\/li>\n<li>Standard-Tests:CE, FCC, IC<\/li>\n<\/ul>\n<p>Packungsinhalt:<\/p>\n<p>2 x Sena Hauptger\u00e4t<\/p>\n<p>2 x Paar Lautsprecher<\/p>\n<p>2 x Schwanenhalsmikrofon<\/p>\n<p>2 x kabelgebundenes Mikrofon<\/p>\n<p>einschlie\u00dflich Befestigungsmaterial<\/p>\n<p>&nbsp;<\/p>\n<p>&nbsp;<\/p>\n","protected":false},"excerpt":{"rendered":"<p>Sena Spider ST1 HD Bluetooth Kommunikationssystem, Doppelset Robuste Zuverl\u00e4ssigkeit zu einem erschwinglichen Preis. Sena stellt das&#8230;<\/p>\n","protected":false},"featured_media":91936,"comment_status":"open","ping_status":"closed","template":"","meta":{"_acf_changed":false},"brand":[2151],"gender":[],"product_brand":[],"product_cat":[1357,1360,2064],"product_tag":[],"class_list":{"0":"post-93970","1":"product","2":"type-product","3":"status-publish","4":"has-post-thumbnail","6":"brand-sena-de","7":"product_cat-ausrustung-fur-motorradfahrer","8":"product_cat-helme","9":"product_cat-kommunikation","11":"first","12":"instock","13":"sale","14":"taxable","15":"shipping-taxable","16":"purchasable","17":"product-type-simple"},"acf":[],"_links":{"self":[{"href":"https:\/\/moto-oprema.com\/de\/wp-json\/wp\/v2\/product\/93970","targetHints":{"allow":["GET"]}}],"collection":[{"href":"https:\/\/moto-oprema.com\/de\/wp-json\/wp\/v2\/product"}],"about":[{"href":"https:\/\/moto-oprema.com\/de\/wp-json\/wp\/v2\/types\/product"}],"replies":[{"embeddable":true,"href":"https:\/\/moto-oprema.com\/de\/wp-json\/wp\/v2\/comments?post=93970"}],"wp:featuredmedia":[{"embeddable":true,"href":"https:\/\/moto-oprema.com\/de\/wp-json\/wp\/v2\/media\/91936"}],"wp:attachment":[{"href":"https:\/\/moto-oprema.com\/de\/wp-json\/wp\/v2\/media?parent=93970"}],"wp:term":[{"taxonomy":"brand","embeddable":true,"href":"https:\/\/moto-oprema.com\/de\/wp-json\/wp\/v2\/brand?post=93970"},{"taxonomy":"gender","embeddable":true,"href":"https:\/\/moto-oprema.com\/de\/wp-json\/wp\/v2\/gender?post=93970"},{"taxonomy":"product_brand","embeddable":true,"href":"https:\/\/moto-oprema.com\/de\/wp-json\/wp\/v2\/product_brand?post=93970"},{"taxonomy":"product_cat","embeddable":true,"href":"https:\/\/moto-oprema.com\/de\/wp-json\/wp\/v2\/product_cat?post=93970"},{"taxonomy":"product_tag","embeddable":true,"href":"https:\/\/moto-oprema.com\/de\/wp-json\/wp\/v2\/product_tag?post=93970"}],"curies":[{"name":"wp","href":"https:\/\/api.w.org\/{rel}","templated":true}]}}