{"id":93966,"date":"2025-07-16T08:20:36","date_gmt":"2025-07-16T08:20:36","guid":{"rendered":"https:\/\/moto-oprema.com\/Artikel\/shoei-vfx-wr-06-sparkle-tc-3\/"},"modified":"2025-07-16T08:20:36","modified_gmt":"2025-07-16T08:20:36","slug":"shoei-vfx-wr-06-sparkle-tc-3","status":"publish","type":"product","link":"https:\/\/moto-oprema.com\/de\/Artikel\/shoei-vfx-wr-06-sparkle-tc-3\/","title":{"rendered":"SHOEI VFX-WR 06 SPARKLE TC-3"},"content":{"rendered":"<p>Der VFX-WR Helm ist die neueste Entwicklung der Shoei Helme f\u00fcr das Fahren abseits des Weges. Bei seiner Konstruktion wurden die neuesten technologischen Fortschritte ber\u00fccksichtigt. Die wichtigsten Merkmale des VFX-WR Helms sind sein geringes Gewicht, seine Sto\u00dffestigkeit und die Verwendung des neuen M.E.D.S Systems (Motion Energy Distribution System). Auch das Visier wurde aktualisiert. Beim VFX-WR Helm ist es noch st\u00e4rker in die Helmschale integriert. Der VFX-WR ist der perfekte Helm f\u00fcr Off-Road- und MX-Trail-Fahrten.     <\/p>\n<p>Merkmale:<\/p>\n<ul>\n<li>Au\u00dfenh\u00fclle aus AIM (Advanced Integrated Matrix), einer Mischung aus organischen und mehreren Verbundfasern in verschiedenen Schichten<\/li>\n<li>Die innere Schale ist aus EPS gefertigt<\/li>\n<li>M.E.D.S (Motion Energy Distribution System)<\/li>\n<li>Doppelniederschlagsspannung<\/li>\n<li>EQRS (Emergency Quick Release System, erm\u00f6glicht ein sicheres Abnehmen des Helms im Falle eines Unfalls<\/li>\n<li>Abnehmbarer Nasenschutz mit neuem Design<\/li>\n<li>Innovatives Bel\u00fcftungssystem<\/li>\n<li>Modernes und sportliches Design<\/li>\n<li>ECE 22.06<\/li>\n<\/ul>\n","protected":false},"excerpt":{"rendered":"<p>Shoei VFX-WR MX Helm ECE 22.06<\/p>\n","protected":false},"featured_media":92401,"comment_status":"open","ping_status":"closed","template":"","meta":{"_acf_changed":false},"brand":[2126],"gender":[2173],"product_brand":[],"product_cat":[2028,2063],"product_tag":[],"class_list":{"0":"post-93966","1":"product","2":"type-product","3":"status-publish","4":"has-post-thumbnail","6":"brand-shoei-de","7":"gender-unisex-de","8":"product_cat-motocross-ausrustung","9":"product_cat-mx-helme","10":"pa_size-l-de","11":"pa_size-m-de","12":"pa_size-s-de","13":"pa_size-xl-de","14":"pa_size-xs-de","15":"pa_size-xxl-de","17":"first","18":"instock","19":"taxable","20":"shipping-taxable","21":"purchasable","22":"product-type-variable"},"acf":[],"_links":{"self":[{"href":"https:\/\/moto-oprema.com\/de\/wp-json\/wp\/v2\/product\/93966","targetHints":{"allow":["GET"]}}],"collection":[{"href":"https:\/\/moto-oprema.com\/de\/wp-json\/wp\/v2\/product"}],"about":[{"href":"https:\/\/moto-oprema.com\/de\/wp-json\/wp\/v2\/types\/product"}],"replies":[{"embeddable":true,"href":"https:\/\/moto-oprema.com\/de\/wp-json\/wp\/v2\/comments?post=93966"}],"wp:featuredmedia":[{"embeddable":true,"href":"https:\/\/moto-oprema.com\/de\/wp-json\/wp\/v2\/media\/92401"}],"wp:attachment":[{"href":"https:\/\/moto-oprema.com\/de\/wp-json\/wp\/v2\/media?parent=93966"}],"wp:term":[{"taxonomy":"brand","embeddable":true,"href":"https:\/\/moto-oprema.com\/de\/wp-json\/wp\/v2\/brand?post=93966"},{"taxonomy":"gender","embeddable":true,"href":"https:\/\/moto-oprema.com\/de\/wp-json\/wp\/v2\/gender?post=93966"},{"taxonomy":"product_brand","embeddable":true,"href":"https:\/\/moto-oprema.com\/de\/wp-json\/wp\/v2\/product_brand?post=93966"},{"taxonomy":"product_cat","embeddable":true,"href":"https:\/\/moto-oprema.com\/de\/wp-json\/wp\/v2\/product_cat?post=93966"},{"taxonomy":"product_tag","embeddable":true,"href":"https:\/\/moto-oprema.com\/de\/wp-json\/wp\/v2\/product_tag?post=93966"}],"curies":[{"name":"wp","href":"https:\/\/api.w.org\/{rel}","templated":true}]}}