{"id":93961,"date":"2025-06-13T10:23:15","date_gmt":"2025-06-13T10:23:15","guid":{"rendered":"https:\/\/moto-oprema.com\/Artikel\/sena-60s-universelle-kommunikation\/"},"modified":"2025-06-13T10:23:15","modified_gmt":"2025-06-13T10:23:15","slug":"sena-60s-universelle-kommunikation","status":"publish","type":"product","link":"https:\/\/moto-oprema.com\/de\/Artikel\/sena-60s-universelle-kommunikation\/","title":{"rendered":"SENA 60S UNIVERSELLE KOMMUNIKATION"},"content":{"rendered":"<p>Sena 60S Sound by Harman Kardon Bluetooth Kommunikationssystem, Einzelset f\u00fcr einen Helm<\/p>\n<p>Sena 60S ist ein Mesh-Kommunikationssystem mit erstklassigem Harman Kardon-Sound. Dank seiner Dual-Mesh-Version ist es vollst\u00e4ndig kompatibel mit \u00e4lteren Sena Mesh-Produkten, so dass Sie \u00fcber Generationen hinweg in Verbindung bleiben k\u00f6nnen. <\/p>\n<p>Merkmale:<\/p>\n<ul>\n<li>Harman Kardon Lautsprecher der 2. Generation <\/li>\n<li>Wave Intercom Mobile Kommunikation in einer Gruppe<\/li>\n<li>KI-unterst\u00fctzte Ger\u00e4uschunterdr\u00fcckung<\/li>\n<li>Erweiterte Sprachsteuerung<\/li>\n<li>Magnetischer Halter<\/li>\n<li>Schnell und einfach auf mehreren Helmen zu verwenden<\/li>\n<li>Auswechselbare Frontplatte<\/li>\n<li>Dynamische LED-Beleuchtung<\/li>\n<li>Eingebaute LED-Lampe<\/li>\n<li>Wasserdicht nach IPX7 Standard<\/li>\n<li>Drahtlose Updates \u00fcber die Sena Motorrad-App<\/li>\n<\/ul>\n<p>Technische Daten:<\/p>\n<ul>\n<li>Abmessungen des Hauptmoduls: 94 mm x 52 mm x 27 mm<\/li>\n<li>Abmessungen der Lautsprecher: 40 mm &#8211; 8,6 mm dick<\/li>\n<li>Gewicht des Hauptmoduls: 68 g<\/li>\n<li>Betriebstemperatur: -10 \u00b0C &#8211; 55 \u00b0C<\/li>\n<li>Masche 3.0<\/li>\n<li>Bluetooth 5.3<\/li>\n<li>H\u00f6rerprofil (HSP)<\/li>\n<li>Profil f\u00fcr freih\u00e4ndiges W\u00e4hlen (HFP)<\/li>\n<li>Erweitertes Audio-Ausgangsprofil (A2DP)<\/li>\n<li>Audio- oder Video-Fernbedienungsprofil (AVRCP)<\/li>\n<li>Bluetooth-Reichweite: bis zu 2 km in offenem Gel\u00e4nde<\/li>\n<li>Mesh-Reichweite: bis zu 2 km in offenem Gel\u00e4nde (kann auf 8,0 km erweitert werden, wenn mindestens 6 Treiber angeschlossen sind)<\/li>\n<li>Wave-Intercom: unbegrenzte Anzahl von Treibern<\/li>\n<li>Bluetooth-Intercom: bis zu vier Treiber<\/li>\n<li>Mesh-Intercom (Open Mesh): unbegrenzte Anzahl von Treibern<\/li>\n<li>Mesh-Intercom (Closed Mesh): bis zu 24 Treiber<\/li>\n<li>Sprechzeit mit Bluetooth Intercom: 24 Stunden<\/li>\n<li>Sprechzeit mit Mesh Intercom: 17 Stunden<\/li>\n<li>Aufladezeit: 1,5 Stunden<\/li>\n<li>Pr\u00fcfnormen:CE, FCC, IC, KC, J-MIC, SRRC<\/li>\n<\/ul>\n<p>Packungsinhalt:<\/p>\n<ul>\n<li>1x Sena 60S Hauptger\u00e4t<\/li>\n<li>2x Helmklammern<\/li>\n<li>2x Lautsprecher<\/li>\n<li>2x Lautsprecherpads<\/li>\n<li>4x Pads mit Klettband f\u00fcr Lautsprecher<\/li>\n<li>3x Mikrofone<\/li>\n<li>4x Frontplatten<\/li>\n<li>4x Mikrofonschw\u00e4mme<\/li>\n<li>3x Mikrofonpolster mit Klettband<\/li>\n<li>1x Mikrofonhalterung1x magnetische Abdeckung f\u00fcr Helmclip<\/li>\n<li>1x 3,5 mm Stereo-Audio-Adapter<\/li>\n<li>1x USB-C Ladekabel<\/li>\n<\/ul>\n<p>&nbsp;<\/p>\n<p>&nbsp;<\/p>\n","protected":false},"excerpt":{"rendered":"<p>Sena 60S Sound by Harman Kardon Bluetooth Kommunikationssystem, Einzelset f\u00fcr einen Helm Sena 60S ist ein&#8230;<\/p>\n","protected":false},"featured_media":91895,"comment_status":"open","ping_status":"closed","template":"","meta":{"_acf_changed":false},"brand":[2151],"gender":[],"product_brand":[],"product_cat":[1357,1360,2064],"product_tag":[],"class_list":{"0":"post-93961","1":"product","2":"type-product","3":"status-publish","4":"has-post-thumbnail","6":"brand-sena-de","7":"product_cat-ausrustung-fur-motorradfahrer","8":"product_cat-helme","9":"product_cat-kommunikation","11":"first","12":"instock","13":"sale","14":"taxable","15":"shipping-taxable","16":"purchasable","17":"product-type-simple"},"acf":[],"_links":{"self":[{"href":"https:\/\/moto-oprema.com\/de\/wp-json\/wp\/v2\/product\/93961","targetHints":{"allow":["GET"]}}],"collection":[{"href":"https:\/\/moto-oprema.com\/de\/wp-json\/wp\/v2\/product"}],"about":[{"href":"https:\/\/moto-oprema.com\/de\/wp-json\/wp\/v2\/types\/product"}],"replies":[{"embeddable":true,"href":"https:\/\/moto-oprema.com\/de\/wp-json\/wp\/v2\/comments?post=93961"}],"wp:featuredmedia":[{"embeddable":true,"href":"https:\/\/moto-oprema.com\/de\/wp-json\/wp\/v2\/media\/91895"}],"wp:attachment":[{"href":"https:\/\/moto-oprema.com\/de\/wp-json\/wp\/v2\/media?parent=93961"}],"wp:term":[{"taxonomy":"brand","embeddable":true,"href":"https:\/\/moto-oprema.com\/de\/wp-json\/wp\/v2\/brand?post=93961"},{"taxonomy":"gender","embeddable":true,"href":"https:\/\/moto-oprema.com\/de\/wp-json\/wp\/v2\/gender?post=93961"},{"taxonomy":"product_brand","embeddable":true,"href":"https:\/\/moto-oprema.com\/de\/wp-json\/wp\/v2\/product_brand?post=93961"},{"taxonomy":"product_cat","embeddable":true,"href":"https:\/\/moto-oprema.com\/de\/wp-json\/wp\/v2\/product_cat?post=93961"},{"taxonomy":"product_tag","embeddable":true,"href":"https:\/\/moto-oprema.com\/de\/wp-json\/wp\/v2\/product_tag?post=93961"}],"curies":[{"name":"wp","href":"https:\/\/api.w.org\/{rel}","templated":true}]}}