{"id":93924,"date":"2025-06-10T09:49:45","date_gmt":"2025-06-10T09:49:45","guid":{"rendered":"https:\/\/moto-oprema.com\/Artikel\/fox-180-mx-trikot-flow-weiss-rot\/"},"modified":"2025-06-10T09:49:45","modified_gmt":"2025-06-10T09:49:45","slug":"fox-180-mx-trikot-flow-weiss-rot","status":"publish","type":"product","link":"https:\/\/moto-oprema.com\/de\/Artikel\/fox-180-mx-trikot-flow-weiss-rot\/","title":{"rendered":"FOX 180 MX TRIKOT FLOW WEISS ROT"},"content":{"rendered":"<p>Das FOX 180 Air Flow Trikot bietet alle wesentlichen Eigenschaften, die Sie f\u00fcr Ihre Fahrt ben\u00f6tigen und ist das ideale Kit f\u00fcr jeden, der sich vom Anf\u00e4nger zum erfahrenen, fortgeschrittenen Fahrer entwickelt. Das 180er Trikot besteht aus feuchtigkeitsableitendem Material und Mesh-Eins\u00e4tzen zur Bel\u00fcftung, die Sie k\u00fchl, trocken und komfortabel halten, w\u00e4hrend das Drop-Back-Design daf\u00fcr sorgt, dass das Trikot w\u00e4hrend der Fahrt in der Hose bleibt. <\/p>\n<p>Leserschaft:<br \/>\n1. Feuchtigkeitsableitendes Material sorgt f\u00fcr ein weiches, leichtes Tragegef\u00fchl und leitet den Schwei\u00df vom K\u00f6rper weg, damit Sie trocken bleiben<br \/>\n2. Bel\u00fcftungseins\u00e4tze aus Mesh erh\u00f6hen die Atmungsaktivit\u00e4t und den Luftstrom<br \/>\n3. Mesh-Kragen und -B\u00fcndchen verbessern die Passform und den Tragekomfort<br \/>\n4. Gef\u00e4rbte oder sublimierte Grafikpaneele f\u00fcr satte, leuchtende Farben<br \/>\n5. Drop-Tail-Design sorgt daf\u00fcr, dass das Hemd in die Shorts passt<\/p>\n","protected":false},"excerpt":{"rendered":"<p>Das FOX 180 Air Flow Trikot bietet alle wesentlichen Eigenschaften, die Sie f\u00fcr Ihre Fahrt ben\u00f6tigen&#8230;<\/p>\n","protected":false},"featured_media":91401,"comment_status":"open","ping_status":"closed","template":"","meta":{"_acf_changed":false},"brand":[2115],"gender":[2168],"product_brand":[],"product_cat":[2028,2029],"product_tag":[],"class_list":{"0":"post-93924","1":"product","2":"type-product","3":"status-publish","4":"has-post-thumbnail","6":"brand-fox-de","7":"gender-moski-de","8":"product_cat-motocross-ausrustung","9":"product_cat-mx-dresi-de","10":"pa_size-2xl-de","11":"pa_size-l-de","12":"pa_size-m-de","13":"pa_size-xl-de","15":"first","16":"instock","17":"taxable","18":"shipping-taxable","19":"purchasable","20":"product-type-variable"},"acf":[],"_links":{"self":[{"href":"https:\/\/moto-oprema.com\/de\/wp-json\/wp\/v2\/product\/93924","targetHints":{"allow":["GET"]}}],"collection":[{"href":"https:\/\/moto-oprema.com\/de\/wp-json\/wp\/v2\/product"}],"about":[{"href":"https:\/\/moto-oprema.com\/de\/wp-json\/wp\/v2\/types\/product"}],"replies":[{"embeddable":true,"href":"https:\/\/moto-oprema.com\/de\/wp-json\/wp\/v2\/comments?post=93924"}],"wp:featuredmedia":[{"embeddable":true,"href":"https:\/\/moto-oprema.com\/de\/wp-json\/wp\/v2\/media\/91401"}],"wp:attachment":[{"href":"https:\/\/moto-oprema.com\/de\/wp-json\/wp\/v2\/media?parent=93924"}],"wp:term":[{"taxonomy":"brand","embeddable":true,"href":"https:\/\/moto-oprema.com\/de\/wp-json\/wp\/v2\/brand?post=93924"},{"taxonomy":"gender","embeddable":true,"href":"https:\/\/moto-oprema.com\/de\/wp-json\/wp\/v2\/gender?post=93924"},{"taxonomy":"product_brand","embeddable":true,"href":"https:\/\/moto-oprema.com\/de\/wp-json\/wp\/v2\/product_brand?post=93924"},{"taxonomy":"product_cat","embeddable":true,"href":"https:\/\/moto-oprema.com\/de\/wp-json\/wp\/v2\/product_cat?post=93924"},{"taxonomy":"product_tag","embeddable":true,"href":"https:\/\/moto-oprema.com\/de\/wp-json\/wp\/v2\/product_tag?post=93924"}],"curies":[{"name":"wp","href":"https:\/\/api.w.org\/{rel}","templated":true}]}}