{"id":93895,"date":"2025-07-16T10:46:39","date_gmt":"2025-07-16T10:46:39","guid":{"rendered":"https:\/\/moto-oprema.com\/Artikel\/hjc-abenteuer-helm-rpha-60-pfund-mc47sf\/"},"modified":"2025-07-16T10:46:39","modified_gmt":"2025-07-16T10:46:39","slug":"hjc-abenteuer-helm-rpha-60-pfund-mc47sf","status":"publish","type":"product","link":"https:\/\/moto-oprema.com\/de\/Artikel\/hjc-abenteuer-helm-rpha-60-pfund-mc47sf\/","title":{"rendered":"HJC ABENTEUER HELM RPHA 60 PFUND MC47SF"},"content":{"rendered":"<p>Der HJC RPHA 60 bietet dank der Premium Integrated Matrix (P.I.M.) Technologie, einem Hochleistungsmaterial aus der Luft- und Raumfahrt und dem Rennsport, hervorragenden Aufprallschutz bei geringem Gewicht. Das ACS Advanced Channeling Ventilation System sorgt f\u00fcr eine effiziente Bel\u00fcftung und transportiert W\u00e4rme und Feuchtigkeit von vorne nach hinten, nach oben und nach au\u00dfen ab und sorgt so f\u00fcr ein angenehmes Klima w\u00e4hrend der Fahrt. Die aerodynamische Struktur der Helmschale reduziert den Luftwiderstand und tr\u00e4gt so zur Stabilit\u00e4t bei hohen Geschwindigkeiten bei, was besonders auf l\u00e4ngeren Strecken oder bei schneller Fahrt von Vorteil ist. Der Helm bietet die perfekte Balance zwischen Sicherheit, Komfort und Leistung &#8211; ideal f\u00fcr alle Arten von Fahrten.   <\/p>\n<p>Merkmale:<\/p>\n<ul>\n<li>Premium Integrated Matrix \/ P.I.M.TM: Hochleistungsmaterial mit Epoxidharz und Fasergewebe<\/li>\n<li>ACS: vollst\u00e4ndige Luftzirkulation von vorne nach hinten mit 3 Lufteinl\u00e4ssen und 4 Luftausl\u00e4ssen zur Ableitung von W\u00e4rme und Feuchtigkeit<\/li>\n<li>Das im Windkanal getestete Visier sorgt f\u00fcr maximale Stabilit\u00e4t und reduzierten Luftwiderstand, selbst bei hohen Geschwindigkeiten<\/li>\n<li>dynamische, mehrfach verstellbare Sonnenblende<\/li>\n<li>Kopf- und Wangenpolster: abnehmbar und waschbar.<\/li>\n<li>Kan\u00e4le f\u00fcr Brillen: geeignet f\u00fcr Brillentr\u00e4ger.<\/li>\n<\/ul>\n<p>Spezifikationen:<\/p>\n<ul>\n<li>Material: Thermoplastisch<\/li>\n<li>ECE 22.06<\/li>\n<li>Verschluss: Doppel-D<\/li>\n<li>Visier Typ: HJ-47, mit Anti-Staub-Beschichtung<\/li>\n<li>Sonnenschutz: HJ-V12<\/li>\n<\/ul>\n<p>Kompatibilit\u00e4t:<\/p>\n<p>Vorbereitet f\u00fcr SMART HJC 11B, 21B &amp; 50B Bluetooth (nicht im Lieferumfang enthalten)<\/p>\n<p>&nbsp;<\/p>\n<p>Helmgr\u00f6\u00dfe \/ Wangenpolsterung \/ Kopfpolsterung:<\/p>\n<p>XS (54-55 cm) \/ 35 mm \/ 9 mm<\/p>\n<p>S (55-56 cm) \/ 30 mm \/ 7 mm<\/p>\n<p>M (57-58 cm) \/ 30 mm \/ 9 mm<\/p>\n<p>L (58-59 cm) \/ 30 mm \/ 9 mm<\/p>\n<p>XL (60-61 cm) \/ 35 mm \/ 12 mm<\/p>\n<p>XXL (62-63 cm) \/ 25 mm \/ 7 mm<\/p>\n<p>&nbsp;<\/p>\n<p>&nbsp;<\/p>\n","protected":false},"excerpt":{"rendered":"<p>Farbe: MC47SF<\/p>\n","protected":false},"featured_media":93076,"comment_status":"open","ping_status":"closed","template":"","meta":{"_acf_changed":false},"brand":[2131],"gender":[2173],"product_brand":[],"product_cat":[1357,1360,1361],"product_tag":[],"class_list":{"0":"post-93895","1":"product","2":"type-product","3":"status-publish","4":"has-post-thumbnail","6":"brand-hjc-de","7":"gender-unisex-de","8":"product_cat-ausrustung-fur-motorradfahrer","9":"product_cat-helme","10":"product_cat-integral","11":"pa_size-l-de","12":"pa_size-m-de","13":"pa_size-s-de","14":"pa_size-xl-de","15":"pa_size-xs-de","16":"pa_size-xxl-de","18":"first","19":"onbackorder","20":"sale","21":"taxable","22":"shipping-taxable","23":"purchasable","24":"product-type-variable"},"acf":[],"_links":{"self":[{"href":"https:\/\/moto-oprema.com\/de\/wp-json\/wp\/v2\/product\/93895","targetHints":{"allow":["GET"]}}],"collection":[{"href":"https:\/\/moto-oprema.com\/de\/wp-json\/wp\/v2\/product"}],"about":[{"href":"https:\/\/moto-oprema.com\/de\/wp-json\/wp\/v2\/types\/product"}],"replies":[{"embeddable":true,"href":"https:\/\/moto-oprema.com\/de\/wp-json\/wp\/v2\/comments?post=93895"}],"wp:featuredmedia":[{"embeddable":true,"href":"https:\/\/moto-oprema.com\/de\/wp-json\/wp\/v2\/media\/93076"}],"wp:attachment":[{"href":"https:\/\/moto-oprema.com\/de\/wp-json\/wp\/v2\/media?parent=93895"}],"wp:term":[{"taxonomy":"brand","embeddable":true,"href":"https:\/\/moto-oprema.com\/de\/wp-json\/wp\/v2\/brand?post=93895"},{"taxonomy":"gender","embeddable":true,"href":"https:\/\/moto-oprema.com\/de\/wp-json\/wp\/v2\/gender?post=93895"},{"taxonomy":"product_brand","embeddable":true,"href":"https:\/\/moto-oprema.com\/de\/wp-json\/wp\/v2\/product_brand?post=93895"},{"taxonomy":"product_cat","embeddable":true,"href":"https:\/\/moto-oprema.com\/de\/wp-json\/wp\/v2\/product_cat?post=93895"},{"taxonomy":"product_tag","embeddable":true,"href":"https:\/\/moto-oprema.com\/de\/wp-json\/wp\/v2\/product_tag?post=93895"}],"curies":[{"name":"wp","href":"https:\/\/api.w.org\/{rel}","templated":true}]}}