{"id":93873,"date":"2025-06-16T08:06:11","date_gmt":"2025-06-16T08:06:11","guid":{"rendered":"https:\/\/moto-oprema.com\/Artikel\/schuberth-sc2-kommunikation\/"},"modified":"2025-06-16T08:06:11","modified_gmt":"2025-06-16T08:06:11","slug":"schuberth-sc2-kommunikation","status":"publish","type":"product","link":"https:\/\/moto-oprema.com\/de\/Artikel\/schuberth-sc2-kommunikation\/","title":{"rendered":"SCHUBERTH SC2 KOMMUNIKATION"},"content":{"rendered":"<p>Schuberth SC2 C5 E2 S3 J2 Kommunikationssystem, Einzelset<\/p>\n<p>SC2 setzt einen neuen Standard in der Motorradkommunikation. HD-Lautsprecher und drei Antennen f\u00fcr FM-Radio, Bluetooth Intercom und Mesh Intercom sind bereits im Schuberth C5 integriert. Das SC2 ist extrem einfach zu installieren: Setzen Sie das HD-Mikrofon ein, entfernen Sie die Abdeckungen an der R\u00fcckseite des Helms, legen Sie das Fernbedienungsgeh\u00e4use an der Seite frei, setzen Sie beides ein, schalten Sie es ein und schon kann es losgehen!  <\/p>\n<p>Dank der neuen Mesh 2.0 Technologie bietet das Schuberth SC2 ein noch nie dagewesenes Ma\u00df an Intercom-Konnektivit\u00e4t und definiert das Konzept des &#8222;Kommunikationsnetzwerks&#8220; neu. Mit der Mesh 2.0 Technologie ist es jetzt m\u00f6glich, eine nahezu unbegrenzte Anzahl von Teilnehmern zu verbinden. Dar\u00fcber hinaus bietet das neue System die neuesten HD-Lautsprecher und Mikrofone von Sena, eine fortschrittliche Ger\u00e4uschkontrolle, einen digitalen Assistenten und eine Reichweite, die mit den leistungsst\u00e4rksten Produkten auf dem Markt vergleichbar ist.  <\/p>\n<p>Merkmale:<\/p>\n<p>HD-Lautsprecher und drei Antennen (FM-Radio, Bluetooth Intercom und Mesh Intercom) sind bereits im Schuberth C5 integriert.<br \/>\nEinfache Installation im Helm.<br \/>\nMit Mesh 2.0 Technologie.<\/p>\n<p>Spezifikationen:<\/p>\n<p>Kompatibilit\u00e4t:<\/p>\n<p>Schuberth C5<br \/>\nSchuberth E2<br \/>\nSchuberth S3<br \/>\nSchuberth J2<\/p>\n<p>Packungsinhalt:<\/p>\n<p>1 x Schuberth Hauptger\u00e4t<br \/>\n1 x Schuberth Steuerger\u00e4t<br \/>\n1 x Mikrofon<\/p>\n<p>&nbsp;<\/p>\n","protected":false},"excerpt":{"rendered":"<p>Schuberth SC2 C5 E2 S3 J2 Kommunikationssystem, Einzelset SC2 setzt einen neuen Standard in der Motorradkommunikation&#8230;.<\/p>\n","protected":false},"featured_media":91980,"comment_status":"open","ping_status":"closed","template":"","meta":{"_acf_changed":false},"brand":[2157],"gender":[],"product_brand":[],"product_cat":[1357,1360,2064],"product_tag":[],"class_list":{"0":"post-93873","1":"product","2":"type-product","3":"status-publish","4":"has-post-thumbnail","6":"brand-schuberth-de","7":"product_cat-ausrustung-fur-motorradfahrer","8":"product_cat-helme","9":"product_cat-kommunikation","11":"first","12":"instock","13":"sale","14":"taxable","15":"shipping-taxable","16":"purchasable","17":"product-type-simple"},"acf":[],"_links":{"self":[{"href":"https:\/\/moto-oprema.com\/de\/wp-json\/wp\/v2\/product\/93873","targetHints":{"allow":["GET"]}}],"collection":[{"href":"https:\/\/moto-oprema.com\/de\/wp-json\/wp\/v2\/product"}],"about":[{"href":"https:\/\/moto-oprema.com\/de\/wp-json\/wp\/v2\/types\/product"}],"replies":[{"embeddable":true,"href":"https:\/\/moto-oprema.com\/de\/wp-json\/wp\/v2\/comments?post=93873"}],"wp:featuredmedia":[{"embeddable":true,"href":"https:\/\/moto-oprema.com\/de\/wp-json\/wp\/v2\/media\/91980"}],"wp:attachment":[{"href":"https:\/\/moto-oprema.com\/de\/wp-json\/wp\/v2\/media?parent=93873"}],"wp:term":[{"taxonomy":"brand","embeddable":true,"href":"https:\/\/moto-oprema.com\/de\/wp-json\/wp\/v2\/brand?post=93873"},{"taxonomy":"gender","embeddable":true,"href":"https:\/\/moto-oprema.com\/de\/wp-json\/wp\/v2\/gender?post=93873"},{"taxonomy":"product_brand","embeddable":true,"href":"https:\/\/moto-oprema.com\/de\/wp-json\/wp\/v2\/product_brand?post=93873"},{"taxonomy":"product_cat","embeddable":true,"href":"https:\/\/moto-oprema.com\/de\/wp-json\/wp\/v2\/product_cat?post=93873"},{"taxonomy":"product_tag","embeddable":true,"href":"https:\/\/moto-oprema.com\/de\/wp-json\/wp\/v2\/product_tag?post=93873"}],"curies":[{"name":"wp","href":"https:\/\/api.w.org\/{rel}","templated":true}]}}