{"id":93825,"date":"2025-05-30T10:12:02","date_gmt":"2025-05-30T10:12:02","guid":{"rendered":"https:\/\/moto-oprema.com\/Artikel\/alpinestars-kupfer-handschuhe-schwarz\/"},"modified":"2025-05-30T10:12:02","modified_gmt":"2025-05-30T10:12:02","slug":"alpinestars-kupfer-handschuhe-schwarz","status":"publish","type":"product","link":"https:\/\/moto-oprema.com\/de\/Artikel\/alpinestars-kupfer-handschuhe-schwarz\/","title":{"rendered":"ALPINESTARS KUPFER HANDSCHUHE SCHWARZ"},"content":{"rendered":"<p>Der Alpinestars Copper ist ein leichter urbaner Handschuh. Dieser Handschuh verf\u00fcgt \u00fcber einen robusten Kn\u00f6chelschutz und eine vollsynthetische Wildlederhandfl\u00e4che f\u00fcr ein hohes Ma\u00df an Strapazierf\u00e4higkeit. Er ist au\u00dferdem mit Touchscreen-kompatiblen Fingern ausgestattet.  <\/p>\n<p>Merkmale:<\/p>\n<p>Ein kurzer, leichter Handschuh im urbanen Stil, ideal f\u00fcr Pendler.<br \/>\nSolider Kn\u00f6chelschutz mit Stretch-Beschichtung f\u00fcr hohen Aufprallschutz.<br \/>\nHandfl\u00e4che aus synthetischem Wildleder f\u00fcr erh\u00f6hte Haltbarkeit.<br \/>\nSehneneins\u00e4tze auf dem Handr\u00fccken f\u00fcr erh\u00f6hte Fingerflexibilit\u00e4t.<br \/>\nKlettverschluss am Handgelenk f\u00fcr einen sicheren Sitz.<br \/>\nHandfl\u00e4chenverst\u00e4rkung f\u00fcr hervorragenden Grip.<br \/>\nErgonomische Zuglasche f\u00fcr einfache Handhabung.<br \/>\nTouchscreen-kompatible Fingerspitze am Zeigefinger.<br \/>\nPolsterung an den Fingern f\u00fcr erh\u00f6hten Fahrkomfort.<br \/>\nZircra-Eins\u00e4tze f\u00fcr hohe Atmungsaktivit\u00e4t und Flexibilit\u00e4t.<br \/>\nSchutzstufe 1 (EN 13594:2015, KP)<\/p>\n<p>Zusammensetzung des Rohmaterials:<br \/>\nObermaterial: 46% Polyamid, 33% Polyester, 10% Polyurethan, 7% Elastan, 4% Ziegenleder. Innenfutter: 100 % Polyester. Enth\u00e4lt nichttextile Teile tierischen Ursprungs.<\/p>\n","protected":false},"excerpt":{"rendered":"<p>Der Alpinestars Copper ist ein leichter urbaner Handschuh. Dieser Handschuh verf\u00fcgt \u00fcber einen robusten Kn\u00f6chelschutz und&#8230;<\/p>\n","protected":false},"featured_media":90491,"comment_status":"open","ping_status":"closed","template":"","meta":{"_acf_changed":false},"brand":[2111],"gender":[2168],"product_brand":[],"product_cat":[1357,2086,2092],"product_tag":[],"class_list":{"0":"post-93825","1":"product","2":"type-product","3":"status-publish","4":"has-post-thumbnail","6":"brand-alpinestars-de","7":"gender-moski-de","8":"product_cat-ausrustung-fur-motorradfahrer","9":"product_cat-handschuhe","10":"product_cat-textil-handschuhe","11":"pa_velikost-rokovice-l-de","12":"pa_velikost-rokovice-m-de","13":"pa_velikost-rokovice-s-de","14":"pa_velikost-rokovice-xl-de","15":"pa_velikost-rokovice-xxl-de","17":"first","18":"onbackorder","19":"taxable","20":"shipping-taxable","21":"purchasable","22":"product-type-variable"},"acf":[],"_links":{"self":[{"href":"https:\/\/moto-oprema.com\/de\/wp-json\/wp\/v2\/product\/93825","targetHints":{"allow":["GET"]}}],"collection":[{"href":"https:\/\/moto-oprema.com\/de\/wp-json\/wp\/v2\/product"}],"about":[{"href":"https:\/\/moto-oprema.com\/de\/wp-json\/wp\/v2\/types\/product"}],"replies":[{"embeddable":true,"href":"https:\/\/moto-oprema.com\/de\/wp-json\/wp\/v2\/comments?post=93825"}],"wp:featuredmedia":[{"embeddable":true,"href":"https:\/\/moto-oprema.com\/de\/wp-json\/wp\/v2\/media\/90491"}],"wp:attachment":[{"href":"https:\/\/moto-oprema.com\/de\/wp-json\/wp\/v2\/media?parent=93825"}],"wp:term":[{"taxonomy":"brand","embeddable":true,"href":"https:\/\/moto-oprema.com\/de\/wp-json\/wp\/v2\/brand?post=93825"},{"taxonomy":"gender","embeddable":true,"href":"https:\/\/moto-oprema.com\/de\/wp-json\/wp\/v2\/gender?post=93825"},{"taxonomy":"product_brand","embeddable":true,"href":"https:\/\/moto-oprema.com\/de\/wp-json\/wp\/v2\/product_brand?post=93825"},{"taxonomy":"product_cat","embeddable":true,"href":"https:\/\/moto-oprema.com\/de\/wp-json\/wp\/v2\/product_cat?post=93825"},{"taxonomy":"product_tag","embeddable":true,"href":"https:\/\/moto-oprema.com\/de\/wp-json\/wp\/v2\/product_tag?post=93825"}],"curies":[{"name":"wp","href":"https:\/\/api.w.org\/{rel}","templated":true}]}}