{"id":93773,"date":"2025-06-10T09:41:20","date_gmt":"2025-06-10T09:41:20","guid":{"rendered":"https:\/\/moto-oprema.com\/Artikel\/fox-180-jugend-mx-shorts-erhoehtes-hellblau\/"},"modified":"2025-06-10T09:41:20","modified_gmt":"2025-06-10T09:41:20","slug":"fox-180-jugend-mx-shorts-erhoehtes-hellblau","status":"publish","type":"product","link":"https:\/\/moto-oprema.com\/de\/Artikel\/fox-180-jugend-mx-shorts-erhoehtes-hellblau\/","title":{"rendered":"FOX 180 JUGEND MX SHORTS ERH\u00d6HTES HELLBLAU"},"content":{"rendered":"<p>Die FOX 180 Elevated Future Youth Pants bietet die Leistung, die Sie f\u00fcr das Fahren im Gel\u00e4nde ben\u00f6tigen, und beschleunigt Ihre Reise vom Anf\u00e4nger zum erfahrenen, fortgeschrittenen Fahrer. Die Rider Attack Position (RAP\u2122) sorgt f\u00fcr mehr Komfort in der Fahrposition. Die vorgeformte Passform in Kombination mit TruMotion\u00ae Stretcheins\u00e4tzen sorgt f\u00fcr Flexibilit\u00e4t und nat\u00fcrlichere Bewegungen auf dem Motorrad. Der \u00dcbergang vom Anf\u00e4nger zum erfahrenen, fortgeschrittenen Fahrer ist keine leichte Aufgabe. 180 Racewear wurde entwickelt, um diese Off-Road-Fahrer zu unterst\u00fctzen.    <\/p>\n<p>Mehr lesen<\/p>\n<p>1. RAP\u2122-Konstruktion (Rider Attack Position) f\u00fcr verbesserte ergonomische Passform auf dem Fahrrad<br \/>\n2. Hitze- und abriebfeste Ledereins\u00e4tze an den Knien erh\u00f6hen die Widerstandsf\u00e4higkeit gegen\u00fcber Knieschonern, Knieschonern und dem Fahrrad<br \/>\n3. TruMotion\u00ae gewebte zonale Eins\u00e4tze f\u00fcr Stretch in alle Richtungen f\u00fcr un\u00fcbertroffene Bewegungsfreiheit<br \/>\n4. 600D gef\u00e4rbtes Polyamid mit siebgedruckten Logos<br \/>\n5. gef\u00e4rbtes und farbstoffsublimiertes Hauptgewebe mit hochwertigen Siebdruckgrafiken<br \/>\n6. inklusive H\u00fcftpolster<\/p>\n","protected":false},"excerpt":{"rendered":"<p>Die FOX 180 Elevated Future Youth Pants bietet die Leistung, die Sie f\u00fcr das Fahren im&#8230;<\/p>\n","protected":false},"featured_media":91314,"comment_status":"open","ping_status":"closed","template":"","meta":{"_acf_changed":false},"brand":[2115],"gender":[2168],"product_brand":[],"product_cat":[2028,2069],"product_tag":[],"class_list":{"0":"post-93773","1":"product","2":"type-product","3":"status-publish","4":"has-post-thumbnail","6":"brand-fox-de","7":"gender-moski-de","8":"product_cat-motocross-ausrustung","9":"product_cat-mx-hose","10":"pa_size-22-de","11":"pa_size-24-de","12":"pa_size-26-de","13":"pa_size-28-de","15":"first","16":"instock","17":"sale","18":"taxable","19":"shipping-taxable","20":"purchasable","21":"product-type-variable"},"acf":[],"_links":{"self":[{"href":"https:\/\/moto-oprema.com\/de\/wp-json\/wp\/v2\/product\/93773","targetHints":{"allow":["GET"]}}],"collection":[{"href":"https:\/\/moto-oprema.com\/de\/wp-json\/wp\/v2\/product"}],"about":[{"href":"https:\/\/moto-oprema.com\/de\/wp-json\/wp\/v2\/types\/product"}],"replies":[{"embeddable":true,"href":"https:\/\/moto-oprema.com\/de\/wp-json\/wp\/v2\/comments?post=93773"}],"wp:featuredmedia":[{"embeddable":true,"href":"https:\/\/moto-oprema.com\/de\/wp-json\/wp\/v2\/media\/91314"}],"wp:attachment":[{"href":"https:\/\/moto-oprema.com\/de\/wp-json\/wp\/v2\/media?parent=93773"}],"wp:term":[{"taxonomy":"brand","embeddable":true,"href":"https:\/\/moto-oprema.com\/de\/wp-json\/wp\/v2\/brand?post=93773"},{"taxonomy":"gender","embeddable":true,"href":"https:\/\/moto-oprema.com\/de\/wp-json\/wp\/v2\/gender?post=93773"},{"taxonomy":"product_brand","embeddable":true,"href":"https:\/\/moto-oprema.com\/de\/wp-json\/wp\/v2\/product_brand?post=93773"},{"taxonomy":"product_cat","embeddable":true,"href":"https:\/\/moto-oprema.com\/de\/wp-json\/wp\/v2\/product_cat?post=93773"},{"taxonomy":"product_tag","embeddable":true,"href":"https:\/\/moto-oprema.com\/de\/wp-json\/wp\/v2\/product_tag?post=93773"}],"curies":[{"name":"wp","href":"https:\/\/api.w.org\/{rel}","templated":true}]}}