{"id":93748,"date":"2025-06-16T08:05:46","date_gmt":"2025-06-16T08:05:46","guid":{"rendered":"https:\/\/moto-oprema.com\/Artikel\/schuberth-sc2-standard-kommunikation\/"},"modified":"2025-06-16T08:05:46","modified_gmt":"2025-06-16T08:05:46","slug":"schuberth-sc2-standard-kommunikation","status":"publish","type":"product","link":"https:\/\/moto-oprema.com\/de\/Artikel\/schuberth-sc2-standard-kommunikation\/","title":{"rendered":"SCHUBERTH SC2 STANDARD KOMMUNIKATION"},"content":{"rendered":"<p>Schuberth SC2 Standard Kommunikationssystem<\/p>\n<p>Das SC2 Standard ist der ideale Begleiter f\u00fcr jedes Abenteuer und bietet maximale Benutzerfreundlichkeit und Effizienz. Perfekt auf die SCHUBERTH Helmserie abgestimmt, basiert es auf der bew\u00e4hrten SENA 10S Technologie und bietet eine zuverl\u00e4ssige 4-Wege-Gegensprechanlage ohne Netzwerktechnologie. HD-Lautsprecher, HD-Mikrofon und fortschrittliche Rauschunterdr\u00fcckungstechnologie sorgen f\u00fcr einen hervorragenden Klang. Mit einer Reichweite von bis zu 1 Kilometer in offenem Gel\u00e4nde, einem leistungsstarken Akku f\u00fcr 12 Stunden Gespr\u00e4chszeit und einer ergonomischen Fernbedienung ist das System optimal integriert und einfach zu bedienen &#8211; auch mit Handschuhen. Die Sprachsteuerung \u00fcber Google und Apple erm\u00f6glicht eine vollst\u00e4ndige Kontrolle ohne Unterbrechungen. Das SC2 Standard kombiniert innovative Technologie mit Benutzerfreundlichkeit f\u00fcr eine sichere und komfortable Fahrt.     <\/p>\n<p>Merkmale:<\/p>\n<ul>\n<li>Bluetooth 5.1<\/li>\n<li>Mehrsprachige Sprachbefehle<\/li>\n<li>Kommunikation \u00fcber mehrere Kan\u00e4le<\/li>\n<li>FM-Radio<\/li>\n<li>Reichweite bis zu 1 km (ca. 400 m f\u00fcr Carbonhelme)<\/li>\n<li>Erweiterte Ger\u00e4uschkontrolle<\/li>\n<li>HD-Lautsprecher<\/li>\n<li>Audio-Multitasking<\/li>\n<\/ul>\n<p>Spezifikationen:<\/p>\n<p>ECE 22-06<\/p>\n<p>Kompatibilit\u00e4t:<\/p>\n<ul>\n<li>Schuberth C5<\/li>\n<li>Schuberth E2<\/li>\n<li>Schuberth S3<\/li>\n<li>Schuberth J2<\/li>\n<\/ul>\n<p>Packungsinhalt:<\/p>\n<p>1x Schuberth SC2 Standard Hauptger\u00e4t<\/p>\n<p>1x Schuberth SC2 Standard Steuerger\u00e4t<\/p>\n<p>1x Mikrofon<\/p>\n<p>&nbsp;<\/p>\n","protected":false},"excerpt":{"rendered":"<p>Schuberth SC2 Standard Kommunikationssystem Das SC2 Standard ist der ideale Begleiter f\u00fcr jedes Abenteuer und bietet&#8230;<\/p>\n","protected":false},"featured_media":91980,"comment_status":"open","ping_status":"closed","template":"","meta":{"_acf_changed":false},"brand":[2157],"gender":[],"product_brand":[],"product_cat":[1357,1360,2064],"product_tag":[],"class_list":{"0":"post-93748","1":"product","2":"type-product","3":"status-publish","4":"has-post-thumbnail","6":"brand-schuberth-de","7":"product_cat-ausrustung-fur-motorradfahrer","8":"product_cat-helme","9":"product_cat-kommunikation","11":"first","12":"instock","13":"sale","14":"taxable","15":"shipping-taxable","16":"purchasable","17":"product-type-simple"},"acf":[],"_links":{"self":[{"href":"https:\/\/moto-oprema.com\/de\/wp-json\/wp\/v2\/product\/93748","targetHints":{"allow":["GET"]}}],"collection":[{"href":"https:\/\/moto-oprema.com\/de\/wp-json\/wp\/v2\/product"}],"about":[{"href":"https:\/\/moto-oprema.com\/de\/wp-json\/wp\/v2\/types\/product"}],"replies":[{"embeddable":true,"href":"https:\/\/moto-oprema.com\/de\/wp-json\/wp\/v2\/comments?post=93748"}],"wp:featuredmedia":[{"embeddable":true,"href":"https:\/\/moto-oprema.com\/de\/wp-json\/wp\/v2\/media\/91980"}],"wp:attachment":[{"href":"https:\/\/moto-oprema.com\/de\/wp-json\/wp\/v2\/media?parent=93748"}],"wp:term":[{"taxonomy":"brand","embeddable":true,"href":"https:\/\/moto-oprema.com\/de\/wp-json\/wp\/v2\/brand?post=93748"},{"taxonomy":"gender","embeddable":true,"href":"https:\/\/moto-oprema.com\/de\/wp-json\/wp\/v2\/gender?post=93748"},{"taxonomy":"product_brand","embeddable":true,"href":"https:\/\/moto-oprema.com\/de\/wp-json\/wp\/v2\/product_brand?post=93748"},{"taxonomy":"product_cat","embeddable":true,"href":"https:\/\/moto-oprema.com\/de\/wp-json\/wp\/v2\/product_cat?post=93748"},{"taxonomy":"product_tag","embeddable":true,"href":"https:\/\/moto-oprema.com\/de\/wp-json\/wp\/v2\/product_tag?post=93748"}],"curies":[{"name":"wp","href":"https:\/\/api.w.org\/{rel}","templated":true}]}}