{"id":93480,"date":"2025-05-22T09:28:46","date_gmt":"2025-05-22T09:28:46","guid":{"rendered":"https:\/\/moto-oprema.com\/Artikel\/spidi-traveler-3-jacke-dark-edition\/"},"modified":"2025-05-22T09:28:46","modified_gmt":"2025-05-22T09:28:46","slug":"spidi-traveler-3-jacke-dark-edition","status":"publish","type":"product","link":"https:\/\/moto-oprema.com\/de\/Artikel\/spidi-traveler-3-jacke-dark-edition\/","title":{"rendered":"SPIDI TRAVELER 3 JACKE DARK EDITION"},"content":{"rendered":"<p>Die SPIDI Traveler 3 Dark Edition Jacke ist Teil der gro\u00dfen SPIDI Traveler Kollektion, die aus Produkten f\u00fcr Komfort und Zuverl\u00e4ssigkeit besteht. Die Dark Edition ist die minimalistischste und praktischste Version der Traveler 3 Jacken, mit einem komplett schwarzen Look und einem unschlagbaren Preis-Leistungs-Verh\u00e4ltnis. Die Jacke verf\u00fcgt \u00fcber ein herausnehmbares 150 g\/m\u00b2 Thermo-Futter und eine H2Out\u00ae-Membran f\u00fcr wasserdichte, winddichte und atmungsaktive Leistung. F\u00fcr die Luftzirkulation sorgen dynamische Bel\u00fcftungs\u00f6ffnungen auf der Vorder- und R\u00fcckseite mit dem exklusiven SPIDI Direct Airflow System, einer effektiven Methode zur Verbesserung der K\u00f6rperatmung und des Fahrerkomforts an den w\u00e4rmsten Tagen.<br \/>\nDas Grundmaterial der Jacke besteht vollst\u00e4ndig aus hochfestem Polyester, das f\u00fcr au\u00dfergew\u00f6hnliche Haltbarkeit und einfache Pflege sorgt.   <\/p>\n<p>Die Traveler 3 Dark Edition hat eine verstellbare Taille, Arme und Unterarme f\u00fcr eine perfekte Passform. Die Sicherheit wird durch einen YKK\u00ae-Rei\u00dfverschluss zur Befestigung der Jacke an der Hose, herausnehmbare CE-zertifizierte Warrior Light Level 2 Schulter- und Ellbogenpolster sowie eine Tasche zur Anbringung eines Level 1 oder 2 R\u00fcckenprotektors (nicht im Lieferumfang enthalten) gew\u00e4hrleistet. Die Kombination aus hochwiderstandsf\u00e4higen Stoffen und einer ausgekl\u00fcgelten Konstruktion der sicherheitsrelevanten Bereiche hat die Herstellung einer fortschrittlichen CE-zertifizierten Jacke nach der anspruchsvollen Norm prEN 17092-3:2020 Klasse AA erm\u00f6glicht.<br \/>\nDie wasserdichten Innentaschen f\u00fcr Wertsachen und Ger\u00e4te befinden sich in der Au\u00dfenh\u00fclle und im Futter, w\u00e4hrend 3M\u00ae reflektierende Zonen f\u00fcr eine bessere Sichtbarkeit bei Nacht eingearbeitet wurden.     <\/p>\n<p>Zusammensetzung des Rohmaterials:<\/p>\n<p>&#8211; 100% Polyester<\/p>\n","protected":false},"excerpt":{"rendered":"<p>Die SPIDI Traveler 3 Dark Edition Jacke ist Teil der gro\u00dfen SPIDI Traveler Kollektion, die aus&#8230;<\/p>\n","protected":false},"featured_media":90170,"comment_status":"open","ping_status":"closed","template":"","meta":{"_acf_changed":false},"brand":[2124],"gender":[2168],"product_brand":[],"product_cat":[1357,2045,2048],"product_tag":[],"class_list":{"0":"post-93480","1":"product","2":"type-product","3":"status-publish","4":"has-post-thumbnail","6":"brand-spidi-de","7":"gender-moski-de","8":"product_cat-ausrustung-fur-motorradfahrer","9":"product_cat-jakne-de","10":"product_cat-textil-jacken","11":"pa_size-2xl-de","12":"pa_size-3xl-de","13":"pa_size-4xl-de","14":"pa_size-l-de","15":"pa_size-m-de","16":"pa_size-xl-de","18":"first","19":"instock","20":"sale","21":"taxable","22":"shipping-taxable","23":"purchasable","24":"product-type-variable"},"acf":[],"_links":{"self":[{"href":"https:\/\/moto-oprema.com\/de\/wp-json\/wp\/v2\/product\/93480","targetHints":{"allow":["GET"]}}],"collection":[{"href":"https:\/\/moto-oprema.com\/de\/wp-json\/wp\/v2\/product"}],"about":[{"href":"https:\/\/moto-oprema.com\/de\/wp-json\/wp\/v2\/types\/product"}],"replies":[{"embeddable":true,"href":"https:\/\/moto-oprema.com\/de\/wp-json\/wp\/v2\/comments?post=93480"}],"wp:featuredmedia":[{"embeddable":true,"href":"https:\/\/moto-oprema.com\/de\/wp-json\/wp\/v2\/media\/90170"}],"wp:attachment":[{"href":"https:\/\/moto-oprema.com\/de\/wp-json\/wp\/v2\/media?parent=93480"}],"wp:term":[{"taxonomy":"brand","embeddable":true,"href":"https:\/\/moto-oprema.com\/de\/wp-json\/wp\/v2\/brand?post=93480"},{"taxonomy":"gender","embeddable":true,"href":"https:\/\/moto-oprema.com\/de\/wp-json\/wp\/v2\/gender?post=93480"},{"taxonomy":"product_brand","embeddable":true,"href":"https:\/\/moto-oprema.com\/de\/wp-json\/wp\/v2\/product_brand?post=93480"},{"taxonomy":"product_cat","embeddable":true,"href":"https:\/\/moto-oprema.com\/de\/wp-json\/wp\/v2\/product_cat?post=93480"},{"taxonomy":"product_tag","embeddable":true,"href":"https:\/\/moto-oprema.com\/de\/wp-json\/wp\/v2\/product_tag?post=93480"}],"curies":[{"name":"wp","href":"https:\/\/api.w.org\/{rel}","templated":true}]}}