{"id":93462,"date":"2025-06-12T08:46:36","date_gmt":"2025-06-12T08:46:36","guid":{"rendered":"https:\/\/moto-oprema.com\/Artikel\/fox-360-mx-trikot-fade-braun-schwarz\/"},"modified":"2025-06-12T08:46:36","modified_gmt":"2025-06-12T08:46:36","slug":"fox-360-mx-trikot-fade-braun-schwarz","status":"publish","type":"product","link":"https:\/\/moto-oprema.com\/de\/Artikel\/fox-360-mx-trikot-fade-braun-schwarz\/","title":{"rendered":"FOX 360 MX TRIKOT FADE BRAUN SCHWARZ"},"content":{"rendered":"<p>Das FOX 360 Fade Jersey setzt neue Ma\u00dfst\u00e4be in der Motorradbekleidung. Jede Naht und jedes Paneel wurde sorgf\u00e4ltig entworfen, um die Widerstandsf\u00e4higkeit des Trikots unter extremen Bedingungen zu gew\u00e4hrleisten. Dieses Trikot hat sich bei f\u00fchrenden Motorradfahrern auf der ganzen Welt bew\u00e4hrt und bietet eine Kombination aus Leichtigkeit, Haltbarkeit und optimaler Passform. Dank der innovativen TruDri\u00ae-Technologie werden Schwei\u00df und Feuchtigkeit effektiv vom K\u00f6rper weggeleitet, damit Sie w\u00e4hrend der Fahrt trocken und komfortabel bleiben.   <\/p>\n<p>Der ergonomische Schnitt des FOX 360 Fade Trikots ist mit vorgeformten \u00c4rmeln optimiert, die sich der nat\u00fcrlichen Fahrposition des Fahrers anpassen (RAP\u2122). Das sorgt f\u00fcr Komfort auch bei den anspruchsvollsten Fahrten. Dar\u00fcber hinaus sorgen bel\u00fcftete Mesh-Eins\u00e4tze an den Seiten und am R\u00fccken f\u00fcr eine bessere Atmungsaktivit\u00e4t und Luftzirkulation, was f\u00fcr Ihre Leistung beim Motorradfahren entscheidend ist. Dank der strapazierf\u00e4higen Pikee-Zonen bleibt das Jersey auch bei intensiver Nutzung robust.   <\/p>\n<p>Das herausragende Merkmal des FOX 360 Fade T-Shirts ist der verschwei\u00dfte Kragen und die minimalistischen, elastischen B\u00fcndchen, die f\u00fcr h\u00f6chsten Komfort sorgen. Dank des abnehmbaren R\u00fcckenteils kann das Hemd einfach in die Hose gesteckt werden, was nicht nur praktisch, sondern auch stilvoll ist. Mit gef\u00e4rbten und sublimierten Hauptteilen und hochwertigen Grafiken bietet das T-Shirt nicht nur Funktionalit\u00e4t, sondern auch eine erstklassige, langlebige \u00c4sthetik, die sich bei jeder Fahrt sehen lassen kann.  <\/p>\n<p>Leserschaft:<br \/>\n1. TruDri\u00ae Technologie f\u00fcr effizienten Feuchtigkeitstransport.<br \/>\n2. Fortschrittlicher, ergonomischer Schnitt mit vorgeformten \u00c4rmeln.<br \/>\n3. Verbesserte Abriebfestigkeit dank langlebiger Pikee-Zonen-Panels.<br \/>\n4.Optimale Bel\u00fcftung durch Mesh-Eins\u00e4tze an den Seiten und am R\u00fccken.<br \/>\n5. Verschwei\u00dfter Kragen f\u00fcr au\u00dfergew\u00f6hnlichen Komfort.<br \/>\n6. Abnehmbarer R\u00fccken f\u00fcr einen sauberen Look.<br \/>\n7. Hochwertige, langlebige Grafiken f\u00fcr einen stilvollen Look.<\/p>\n","protected":false},"excerpt":{"rendered":"<p>Das FOX 360 Fade Jersey setzt neue Ma\u00dfst\u00e4be in der Motorradbekleidung. Jede Naht und jedes Paneel&#8230;<\/p>\n","protected":false},"featured_media":91644,"comment_status":"open","ping_status":"closed","template":"","meta":{"_acf_changed":false},"brand":[2115],"gender":[2168],"product_brand":[],"product_cat":[2028,2029],"product_tag":[],"class_list":{"0":"post-93462","1":"product","2":"type-product","3":"status-publish","4":"has-post-thumbnail","6":"brand-fox-de","7":"gender-moski-de","8":"product_cat-motocross-ausrustung","9":"product_cat-mx-dresi-de","10":"pa_size-2xl-de","11":"pa_size-l-de","12":"pa_size-m-de","13":"pa_size-xl-de","15":"first","16":"instock","17":"sale","18":"taxable","19":"shipping-taxable","20":"purchasable","21":"product-type-variable"},"acf":[],"_links":{"self":[{"href":"https:\/\/moto-oprema.com\/de\/wp-json\/wp\/v2\/product\/93462","targetHints":{"allow":["GET"]}}],"collection":[{"href":"https:\/\/moto-oprema.com\/de\/wp-json\/wp\/v2\/product"}],"about":[{"href":"https:\/\/moto-oprema.com\/de\/wp-json\/wp\/v2\/types\/product"}],"replies":[{"embeddable":true,"href":"https:\/\/moto-oprema.com\/de\/wp-json\/wp\/v2\/comments?post=93462"}],"wp:featuredmedia":[{"embeddable":true,"href":"https:\/\/moto-oprema.com\/de\/wp-json\/wp\/v2\/media\/91644"}],"wp:attachment":[{"href":"https:\/\/moto-oprema.com\/de\/wp-json\/wp\/v2\/media?parent=93462"}],"wp:term":[{"taxonomy":"brand","embeddable":true,"href":"https:\/\/moto-oprema.com\/de\/wp-json\/wp\/v2\/brand?post=93462"},{"taxonomy":"gender","embeddable":true,"href":"https:\/\/moto-oprema.com\/de\/wp-json\/wp\/v2\/gender?post=93462"},{"taxonomy":"product_brand","embeddable":true,"href":"https:\/\/moto-oprema.com\/de\/wp-json\/wp\/v2\/product_brand?post=93462"},{"taxonomy":"product_cat","embeddable":true,"href":"https:\/\/moto-oprema.com\/de\/wp-json\/wp\/v2\/product_cat?post=93462"},{"taxonomy":"product_tag","embeddable":true,"href":"https:\/\/moto-oprema.com\/de\/wp-json\/wp\/v2\/product_tag?post=93462"}],"curies":[{"name":"wp","href":"https:\/\/api.w.org\/{rel}","templated":true}]}}