{"id":93431,"date":"2025-07-17T09:30:55","date_gmt":"2025-07-17T09:30:55","guid":{"rendered":"https:\/\/moto-oprema.com\/Artikel\/sp-connect-spiegelhalter-pro\/"},"modified":"2025-07-17T09:30:55","modified_gmt":"2025-07-17T09:30:55","slug":"sp-connect-spiegelhalter-pro","status":"publish","type":"product","link":"https:\/\/moto-oprema.com\/de\/Artikel\/sp-connect-spiegelhalter-pro\/","title":{"rendered":"SP CONNECT SPIEGELHALTER PRO"},"content":{"rendered":"<p>SP CONNECT Spiegelhalterung Pro<\/p>\n<p>Mit Mirror Mount Pro k\u00f6nnen Sie Ihr Smartphone schnell und sicher am Spiegel Ihres Mopeds oder Motorrads befestigen.<\/p>\n<p>Genie\u00dfen Sie eine noch intelligentere Erfahrung auf der Stra\u00dfe! Mit Mirror Mount Pro erhalten Sie eine vielseitige, sichere und praktische L\u00f6sung f\u00fcr Ihr Moped oder Motorrad, mit der Sie Ihr SP ConnectTM Phone Case in nur wenigen Sekunden befestigen k\u00f6nnen. <\/p>\n<p>Der Mirror Mount Pro l\u00e4sst sich einfach am Spiegel befestigen und Ihr Mobiltelefon kann dank des flexiblen Kopfes individuell positioniert werden. Ideal f\u00fcr die Navigation und den Zugriff auf Ihre Wiedergabelisten oder Nachrichten w\u00e4hrend der Fahrt. <\/p>\n<ul>\n<li>Handyhalterung am Spiegel von Mopeds oder Motorr\u00e4dern<\/li>\n<li>Teilweise aus CNC-gefr\u00e4stem Aluminium gefertigt<\/li>\n<li>Drehbar und umkehrbar<\/li>\n<li>Auch f\u00fcr Tr\u00e4ger von Navigationsger\u00e4ten auf Abenteuer-Motorr\u00e4dern<\/li>\n<\/ul>\n<p>&nbsp;<\/p>\n<p>&nbsp;<\/p>\n","protected":false},"excerpt":{"rendered":"<p>Die vielseitigste Halterung f\u00fcr die Befestigung Ihres Mobiltelefons an Ihrem Motorradspiegel.<\/p>\n","protected":false},"featured_media":93264,"comment_status":"open","ping_status":"closed","template":"","meta":{"_acf_changed":false},"brand":[2019],"gender":[],"product_brand":[],"product_cat":[2025,2024],"product_tag":[],"class_list":{"0":"post-93431","1":"product","2":"type-product","3":"status-publish","4":"has-post-thumbnail","6":"brand-spconnect","7":"product_cat-sonstiges-zubehor","8":"product_cat-zubehor","10":"first","11":"instock","12":"sale","13":"taxable","14":"shipping-taxable","15":"purchasable","16":"product-type-simple"},"acf":[],"_links":{"self":[{"href":"https:\/\/moto-oprema.com\/de\/wp-json\/wp\/v2\/product\/93431","targetHints":{"allow":["GET"]}}],"collection":[{"href":"https:\/\/moto-oprema.com\/de\/wp-json\/wp\/v2\/product"}],"about":[{"href":"https:\/\/moto-oprema.com\/de\/wp-json\/wp\/v2\/types\/product"}],"replies":[{"embeddable":true,"href":"https:\/\/moto-oprema.com\/de\/wp-json\/wp\/v2\/comments?post=93431"}],"wp:featuredmedia":[{"embeddable":true,"href":"https:\/\/moto-oprema.com\/de\/wp-json\/wp\/v2\/media\/93264"}],"wp:attachment":[{"href":"https:\/\/moto-oprema.com\/de\/wp-json\/wp\/v2\/media?parent=93431"}],"wp:term":[{"taxonomy":"brand","embeddable":true,"href":"https:\/\/moto-oprema.com\/de\/wp-json\/wp\/v2\/brand?post=93431"},{"taxonomy":"gender","embeddable":true,"href":"https:\/\/moto-oprema.com\/de\/wp-json\/wp\/v2\/gender?post=93431"},{"taxonomy":"product_brand","embeddable":true,"href":"https:\/\/moto-oprema.com\/de\/wp-json\/wp\/v2\/product_brand?post=93431"},{"taxonomy":"product_cat","embeddable":true,"href":"https:\/\/moto-oprema.com\/de\/wp-json\/wp\/v2\/product_cat?post=93431"},{"taxonomy":"product_tag","embeddable":true,"href":"https:\/\/moto-oprema.com\/de\/wp-json\/wp\/v2\/product_tag?post=93431"}],"curies":[{"name":"wp","href":"https:\/\/api.w.org\/{rel}","templated":true}]}}