{"id":93430,"date":"2025-07-18T07:47:23","date_gmt":"2025-07-18T07:47:23","guid":{"rendered":"https:\/\/moto-oprema.com\/Artikel\/sp-connect-gps-halterung\/"},"modified":"2025-07-18T07:47:23","modified_gmt":"2025-07-18T07:47:23","slug":"sp-connect-gps-halterung","status":"publish","type":"product","link":"https:\/\/moto-oprema.com\/de\/Artikel\/sp-connect-gps-halterung\/","title":{"rendered":"SP CONNECT GPS HALTERUNG"},"content":{"rendered":"<p>SP CONNECT GPS HALTERUNG<\/p>\n<p>Genie\u00dfen Sie die Bequemlichkeit, Navigations-Apps unterwegs zu nutzen, mit der Gewissheit, dass Ihr Ger\u00e4t dank der Kompatibilit\u00e4t mit der AMPS-Lochmuster-Schnittstelle sicher befestigt ist.<\/p>\n<ul>\n<li>Kompatibel mit Garmin\u00ae AMPS 38 x 30 mm Lochmuster<\/li>\n<li>Schockabsorbierender Kopf<\/li>\n<li>Einstellbarer Installationswinkel<\/li>\n<li>Installation im Hoch- und Querformat<\/li>\n<li>CNC-gefr\u00e4st aus Flugzeugaluminium<\/li>\n<\/ul>\n<p>&nbsp;<\/p>\n<p>&nbsp;<\/p>\n","protected":false},"excerpt":{"rendered":"<p>SP CONNECT GPS HALTERUNG Genie\u00dfen Sie die Bequemlichkeit, Navigations-Apps unterwegs zu nutzen, mit der Gewissheit, dass&#8230;<\/p>\n","protected":false},"featured_media":93324,"comment_status":"open","ping_status":"closed","template":"","meta":{"_acf_changed":false},"brand":[2019],"gender":[],"product_brand":[],"product_cat":[2025,2024],"product_tag":[],"class_list":{"0":"post-93430","1":"product","2":"type-product","3":"status-publish","4":"has-post-thumbnail","6":"brand-spconnect","7":"product_cat-sonstiges-zubehor","8":"product_cat-zubehor","10":"first","11":"instock","12":"sale","13":"taxable","14":"shipping-taxable","15":"purchasable","16":"product-type-simple"},"acf":[],"_links":{"self":[{"href":"https:\/\/moto-oprema.com\/de\/wp-json\/wp\/v2\/product\/93430","targetHints":{"allow":["GET"]}}],"collection":[{"href":"https:\/\/moto-oprema.com\/de\/wp-json\/wp\/v2\/product"}],"about":[{"href":"https:\/\/moto-oprema.com\/de\/wp-json\/wp\/v2\/types\/product"}],"replies":[{"embeddable":true,"href":"https:\/\/moto-oprema.com\/de\/wp-json\/wp\/v2\/comments?post=93430"}],"wp:featuredmedia":[{"embeddable":true,"href":"https:\/\/moto-oprema.com\/de\/wp-json\/wp\/v2\/media\/93324"}],"wp:attachment":[{"href":"https:\/\/moto-oprema.com\/de\/wp-json\/wp\/v2\/media?parent=93430"}],"wp:term":[{"taxonomy":"brand","embeddable":true,"href":"https:\/\/moto-oprema.com\/de\/wp-json\/wp\/v2\/brand?post=93430"},{"taxonomy":"gender","embeddable":true,"href":"https:\/\/moto-oprema.com\/de\/wp-json\/wp\/v2\/gender?post=93430"},{"taxonomy":"product_brand","embeddable":true,"href":"https:\/\/moto-oprema.com\/de\/wp-json\/wp\/v2\/product_brand?post=93430"},{"taxonomy":"product_cat","embeddable":true,"href":"https:\/\/moto-oprema.com\/de\/wp-json\/wp\/v2\/product_cat?post=93430"},{"taxonomy":"product_tag","embeddable":true,"href":"https:\/\/moto-oprema.com\/de\/wp-json\/wp\/v2\/product_tag?post=93430"}],"curies":[{"name":"wp","href":"https:\/\/api.w.org\/{rel}","templated":true}]}}