{"id":93422,"date":"2025-07-17T09:08:05","date_gmt":"2025-07-17T09:08:05","guid":{"rendered":"https:\/\/moto-oprema.com\/Artikel\/sp-connect-moto-mount-de\/"},"modified":"2025-07-17T09:08:05","modified_gmt":"2025-07-17T09:08:05","slug":"sp-connect-moto-mount-de","status":"publish","type":"product","link":"https:\/\/moto-oprema.com\/de\/Artikel\/sp-connect-moto-mount-de\/","title":{"rendered":"SP CONNECT MOTO MOUNT DE"},"content":{"rendered":"<p>SP CONNECT Moto Halterung LT<\/p>\n<p>Die SP ConnectTM Moto Mount LT besticht durch ein unschlagbares Preis-\/Leistungsverh\u00e4ltnis und bietet Ihnen flexible M\u00f6glichkeiten, Ihr Handy schnell und sicher an Ihrem Motorrad zu befestigen. W\u00e4hlen Sie zwischen Hoch- und Querformat und passen Sie Ihr Smartphone dank der 360\u00b0 Verstellm\u00f6glichkeit individuell an. <\/p>\n<p>Mit dieser robusten und leichten Konstruktion aus glasfaserverst\u00e4rktem Polyamid w\u00e4hlen Sie eine flexible L\u00f6sung f\u00fcr jeden Tag, mit der Sie Ihr Smartphone und alle Ihre Navigations-Apps immer im Blick haben.<\/p>\n<ul>\n<li>Langlebige leichte Konstruktion<\/li>\n<li>Hergestellt aus glasfaserverst\u00e4rktem Polyamid<\/li>\n<li>\u00c4u\u00dferst stabile 360\u00b0-Verstellung in 6\u00b0-Schritten<\/li>\n<li>F\u00fcr Standardlenker und gr\u00f6\u00dfere Lenker<\/li>\n<\/ul>\n<p>&nbsp;<\/p>\n","protected":false},"excerpt":{"rendered":"<p>Die vielseitigste Halterung f\u00fcr die Befestigung Ihres Mobiltelefons am Lenker Ihres Motorrads.<\/p>\n","protected":false},"featured_media":93219,"comment_status":"open","ping_status":"closed","template":"","meta":{"_acf_changed":false},"brand":[2019],"gender":[],"product_brand":[],"product_cat":[2025,2024],"product_tag":[],"class_list":{"0":"post-93422","1":"product","2":"type-product","3":"status-publish","4":"has-post-thumbnail","6":"brand-spconnect","7":"product_cat-sonstiges-zubehor","8":"product_cat-zubehor","10":"first","11":"instock","12":"sale","13":"taxable","14":"shipping-taxable","15":"purchasable","16":"product-type-simple"},"acf":[],"_links":{"self":[{"href":"https:\/\/moto-oprema.com\/de\/wp-json\/wp\/v2\/product\/93422","targetHints":{"allow":["GET"]}}],"collection":[{"href":"https:\/\/moto-oprema.com\/de\/wp-json\/wp\/v2\/product"}],"about":[{"href":"https:\/\/moto-oprema.com\/de\/wp-json\/wp\/v2\/types\/product"}],"replies":[{"embeddable":true,"href":"https:\/\/moto-oprema.com\/de\/wp-json\/wp\/v2\/comments?post=93422"}],"wp:featuredmedia":[{"embeddable":true,"href":"https:\/\/moto-oprema.com\/de\/wp-json\/wp\/v2\/media\/93219"}],"wp:attachment":[{"href":"https:\/\/moto-oprema.com\/de\/wp-json\/wp\/v2\/media?parent=93422"}],"wp:term":[{"taxonomy":"brand","embeddable":true,"href":"https:\/\/moto-oprema.com\/de\/wp-json\/wp\/v2\/brand?post=93422"},{"taxonomy":"gender","embeddable":true,"href":"https:\/\/moto-oprema.com\/de\/wp-json\/wp\/v2\/gender?post=93422"},{"taxonomy":"product_brand","embeddable":true,"href":"https:\/\/moto-oprema.com\/de\/wp-json\/wp\/v2\/product_brand?post=93422"},{"taxonomy":"product_cat","embeddable":true,"href":"https:\/\/moto-oprema.com\/de\/wp-json\/wp\/v2\/product_cat?post=93422"},{"taxonomy":"product_tag","embeddable":true,"href":"https:\/\/moto-oprema.com\/de\/wp-json\/wp\/v2\/product_tag?post=93422"}],"curies":[{"name":"wp","href":"https:\/\/api.w.org\/{rel}","templated":true}]}}