{"id":93421,"date":"2025-07-17T10:51:42","date_gmt":"2025-07-17T10:51:42","guid":{"rendered":"https:\/\/moto-oprema.com\/Artikel\/sp-connect-bar-clamp-mount-pro\/"},"modified":"2025-07-17T10:51:42","modified_gmt":"2025-07-17T10:51:42","slug":"sp-connect-bar-clamp-mount-pro","status":"publish","type":"product","link":"https:\/\/moto-oprema.com\/de\/Artikel\/sp-connect-bar-clamp-mount-pro\/","title":{"rendered":"SP CONNECT BAR CLAMP MOUNT PRO"},"content":{"rendered":"<p>SP CONNECT Bar Clamp Mount Pro<\/p>\n<p>Legen Sie Ihr Mobiltelefon in der gew\u00fcnschten Position auf den Lenker Ihres Motorrads.<\/p>\n<p>Das n\u00e4chste Abenteuer wartet schon &#8211; Sie brauchen nur noch die richtige L\u00f6sung, um Ihr SP Phone Case schnell und sicher an Ihrem Motorrad zu befestigen! Mit der Bar Clamp Mount Pro entscheiden Sie sich f\u00fcr eine extrem robuste Aluminiumklemme, die durch h\u00f6chste Qualit\u00e4t und Flexibilit\u00e4t besticht. <\/p>\n<p>Befestigen Sie die Bar Clamp Mount Pro an der Lenkstange Ihres Motorrads (M8 SCREW) und verbessern Sie Ihr Fahrerlebnis mit mehr Komfort. Von nun an haben Sie Ihr Mobiltelefon immer dabei. <\/p>\n<ul>\n<li>Einfache Montage am Fahrradgriff<\/li>\n<li>CNC-gefr\u00e4st aus Flugzeugaluminium<\/li>\n<li>Flexible Ausrichtung dank dreh- und schwenkbarem Kopf<\/li>\n<li>Navigation und Apps direkt in Ihrem Blickfeld<\/li>\n<li>3 \u00d7 M8-Schraube (40\/45\/50 mm)<\/li>\n<\/ul>\n<p>&nbsp;<\/p>\n<p>&nbsp;<\/p>\n","protected":false},"excerpt":{"rendered":"<p>SP CONNECT Bar Clamp Mount Pro Legen Sie Ihr Mobiltelefon in der gew\u00fcnschten Position auf den&#8230;<\/p>\n","protected":false},"featured_media":93285,"comment_status":"open","ping_status":"closed","template":"","meta":{"_acf_changed":false},"brand":[2019],"gender":[],"product_brand":[],"product_cat":[2025,2024],"product_tag":[],"class_list":{"0":"post-93421","1":"product","2":"type-product","3":"status-publish","4":"has-post-thumbnail","6":"brand-spconnect","7":"product_cat-sonstiges-zubehor","8":"product_cat-zubehor","10":"first","11":"instock","12":"sale","13":"taxable","14":"shipping-taxable","15":"purchasable","16":"product-type-simple"},"acf":[],"_links":{"self":[{"href":"https:\/\/moto-oprema.com\/de\/wp-json\/wp\/v2\/product\/93421","targetHints":{"allow":["GET"]}}],"collection":[{"href":"https:\/\/moto-oprema.com\/de\/wp-json\/wp\/v2\/product"}],"about":[{"href":"https:\/\/moto-oprema.com\/de\/wp-json\/wp\/v2\/types\/product"}],"replies":[{"embeddable":true,"href":"https:\/\/moto-oprema.com\/de\/wp-json\/wp\/v2\/comments?post=93421"}],"wp:featuredmedia":[{"embeddable":true,"href":"https:\/\/moto-oprema.com\/de\/wp-json\/wp\/v2\/media\/93285"}],"wp:attachment":[{"href":"https:\/\/moto-oprema.com\/de\/wp-json\/wp\/v2\/media?parent=93421"}],"wp:term":[{"taxonomy":"brand","embeddable":true,"href":"https:\/\/moto-oprema.com\/de\/wp-json\/wp\/v2\/brand?post=93421"},{"taxonomy":"gender","embeddable":true,"href":"https:\/\/moto-oprema.com\/de\/wp-json\/wp\/v2\/gender?post=93421"},{"taxonomy":"product_brand","embeddable":true,"href":"https:\/\/moto-oprema.com\/de\/wp-json\/wp\/v2\/product_brand?post=93421"},{"taxonomy":"product_cat","embeddable":true,"href":"https:\/\/moto-oprema.com\/de\/wp-json\/wp\/v2\/product_cat?post=93421"},{"taxonomy":"product_tag","embeddable":true,"href":"https:\/\/moto-oprema.com\/de\/wp-json\/wp\/v2\/product_tag?post=93421"}],"curies":[{"name":"wp","href":"https:\/\/api.w.org\/{rel}","templated":true}]}}