{"id":93420,"date":"2025-07-17T09:06:02","date_gmt":"2025-07-17T09:06:02","guid":{"rendered":"https:\/\/moto-oprema.com\/Artikel\/sp-connect-moto-mount-pro\/"},"modified":"2025-07-17T09:06:02","modified_gmt":"2025-07-17T09:06:02","slug":"sp-connect-moto-mount-pro","status":"publish","type":"product","link":"https:\/\/moto-oprema.com\/de\/Artikel\/sp-connect-moto-mount-pro\/","title":{"rendered":"SP CONNECT MOTO MOUNT PRO"},"content":{"rendered":"<p>SP CONNECT Moto Mount Pro<\/p>\n<p>Die vielseitigste Halterung f\u00fcr die Befestigung Ihres Mobiltelefons am Lenker Ihres Motorrads.<\/p>\n<ul>\n<li>D\u00e4mpfung von Vibrationen<\/li>\n<li>CNC-gefr\u00e4st aus Flugzeugaluminium<\/li>\n<li>Horizontale oder vertikale Installation<\/li>\n<li>Extrem stabile 360\u00b0-Verstellbarkeit in 6\u00b0-Schritten<\/li>\n<li>Geeignet f\u00fcr Standard- und Oversize-Lenker (Durchmesser 2,22 \/ 2,54 \/ 2,86 \/ 3,17 cm oder 0,875 \/ 1,0 \/ 1,125 \/ 1,25 Zoll)<\/li>\n<\/ul>\n<p>SP ConnectTM Moto Mount Pro ist eine intuitive und extrem robuste L\u00f6sung zur Befestigung Ihres Smartphones an Ihrem Lenker. Die Moto Mount Pro kann an Standard- oder gr\u00f6\u00dferen Lenkern mit einem Durchmesser von 2,22 \/ 2,54 \/ 2,86 \/ 3,17 cm oder 0,875 \/ 1,0 \/ 1,125 \/ 1,25 Zoll angebracht werden und ist flexibel \u00fcber einen Bereich von 360\u00b0 einstellbar. So wird sichergestellt, dass Ihr Mobiltelefon optimal in Ihrem Blickfeld positioniert ist.  <\/p>\n<p>Sie k\u00f6nnen zwischen Hoch- und Querformat w\u00e4hlen. Sie k\u00f6nnen Ihr Smartphone zum Navigieren verwenden, w\u00e4hrend Sie mit dem Motorrad fahren. So haben Sie jederzeit einen \u00dcberblick \u00fcber die Route. Maximale Sicherheit und einfach praktisch.   <\/p>\n<p>&nbsp;<\/p>\n<p>&nbsp;<\/p>\n","protected":false},"excerpt":{"rendered":"<p>Die vielseitigste Halterung f\u00fcr die Befestigung Ihres Mobiltelefons am Lenker Ihres Motorrads.<\/p>\n","protected":false},"featured_media":93186,"comment_status":"open","ping_status":"closed","template":"","meta":{"_acf_changed":false},"brand":[2019],"gender":[],"product_brand":[],"product_cat":[2025,2024],"product_tag":[],"class_list":{"0":"post-93420","1":"product","2":"type-product","3":"status-publish","4":"has-post-thumbnail","6":"brand-spconnect","7":"product_cat-sonstiges-zubehor","8":"product_cat-zubehor","10":"first","11":"instock","12":"sale","13":"taxable","14":"shipping-taxable","15":"purchasable","16":"product-type-simple"},"acf":[],"_links":{"self":[{"href":"https:\/\/moto-oprema.com\/de\/wp-json\/wp\/v2\/product\/93420","targetHints":{"allow":["GET"]}}],"collection":[{"href":"https:\/\/moto-oprema.com\/de\/wp-json\/wp\/v2\/product"}],"about":[{"href":"https:\/\/moto-oprema.com\/de\/wp-json\/wp\/v2\/types\/product"}],"replies":[{"embeddable":true,"href":"https:\/\/moto-oprema.com\/de\/wp-json\/wp\/v2\/comments?post=93420"}],"wp:featuredmedia":[{"embeddable":true,"href":"https:\/\/moto-oprema.com\/de\/wp-json\/wp\/v2\/media\/93186"}],"wp:attachment":[{"href":"https:\/\/moto-oprema.com\/de\/wp-json\/wp\/v2\/media?parent=93420"}],"wp:term":[{"taxonomy":"brand","embeddable":true,"href":"https:\/\/moto-oprema.com\/de\/wp-json\/wp\/v2\/brand?post=93420"},{"taxonomy":"gender","embeddable":true,"href":"https:\/\/moto-oprema.com\/de\/wp-json\/wp\/v2\/gender?post=93420"},{"taxonomy":"product_brand","embeddable":true,"href":"https:\/\/moto-oprema.com\/de\/wp-json\/wp\/v2\/product_brand?post=93420"},{"taxonomy":"product_cat","embeddable":true,"href":"https:\/\/moto-oprema.com\/de\/wp-json\/wp\/v2\/product_cat?post=93420"},{"taxonomy":"product_tag","embeddable":true,"href":"https:\/\/moto-oprema.com\/de\/wp-json\/wp\/v2\/product_tag?post=93420"}],"curies":[{"name":"wp","href":"https:\/\/api.w.org\/{rel}","templated":true}]}}