{"id":225263,"date":"2026-05-13T09:41:49","date_gmt":"2026-05-13T09:41:49","guid":{"rendered":"https:\/\/moto-oprema.com\/?post_type=product&#038;p=225263"},"modified":"2026-05-13T09:49:43","modified_gmt":"2026-05-13T09:49:43","slug":"scorpion-exo-930-evo-ardens-matt-weiss-schwarz-rot-kopija","status":"publish","type":"product","link":"https:\/\/moto-oprema.com\/de\/Artikel\/scorpion-exo-930-evo-ardens-matt-weiss-schwarz-rot-kopija\/","title":{"rendered":"SKORPION EXO-930 EVO ARDENS METALLISCH SCHWARZ ROT"},"content":{"rendered":"<p>Scorpion EXO 930 Evo Klapphelm mit abnehmbarem Kinnteil<\/p>\n<p>Auf Wunsch vieler Nutzer wird die Vielseitigkeit des EXO-900 Transformer im brandneuen EXO-930 Helm wiederbelebt, dank eines einzigartigen, vollst\u00e4ndig abnehmbaren Kinndesigns, das die ECE &#8222;P&#8220;-Konfiguration dank seiner modularen Funktion in ein Outdoor-Fahrgef\u00fchl verwandelt. Dieses Fahrgef\u00fchl unter freiem Himmel kann dann dank der ECE &#8222;J&#8220;-Typgenehmigung in vollen Z\u00fcgen und in voller Sicherheit genossen werden.  <\/p>\n<p>Merkmale:<\/p>\n<ul>\n<li>(P\/J) Typgenehmigung<\/li>\n<li>Kwikwick\u00ae Innenfutter: weich, hypoallergen, herausnehmbar und waschbar<\/li>\n<li>Kwikfit\u2122: geeignet f\u00fcr Brillentr\u00e4ger<\/li>\n<li>SpeedView\u2122: ein internes abschaltbares Sonnenvisier, das die Augen bei wechselnden Lichtverh\u00e4ltnissen sofort entlastet<\/li>\n<li>Ellip-Tec: dr\u00fcckt das Visier mit Federkraft gegen die Dichtung, um eine maximale Abdichtung zu gew\u00e4hrleisten und erm\u00f6glicht einen werkzeuglosen Visierwechsel in Sekundenschnelle<\/li>\n<li>Verbessertes Kinnteil: Dieses Kinnteil schlie\u00dft leiser, so dass Sie kein lautes Klicken mehr h\u00f6ren.<\/li>\n<li>Automatische mikrometrische Kinnriemenschnalle f\u00fcr schnelles \u00d6ffnen und pr\u00e4zise Einstellung<\/li>\n<li>Kompatibel mit EXO-COM<\/li>\n<\/ul>\n<p>Technische Daten:<\/p>\n<p>2 Muschelgr\u00f6\u00dfen<\/p>\n<p>Material: Polycarbonat<\/p>\n<p>Verschluss: mikrometrische Schlie\u00dfe mit Hebel<\/p>\n<p>Norm: ECE 22.06<\/p>\n<p>&nbsp;<\/p>\n<p>&nbsp;<\/p>\n","protected":false},"excerpt":{"rendered":"","protected":false},"featured_media":225041,"comment_status":"open","ping_status":"closed","template":"","meta":{"_acf_changed":false},"brand":[3431],"gender":[2173],"product_brand":[],"product_cat":[2026,1357,1360],"product_tag":[],"class_list":{"0":"post-225263","1":"product","2":"type-product","3":"status-publish","4":"has-post-thumbnail","6":"brand-scorpion-de","7":"gender-unisex-de","8":"product_cat-ausklappbar","9":"product_cat-ausrustung-fur-motorradfahrer","10":"product_cat-helme","11":"pa_velikost-st-l-de","12":"pa_velikost-st-m-de","13":"pa_velikost-st-s-de","14":"pa_velikost-st-xl-de","15":"pa_velikost-st-xs-de","16":"pa_velikost-st-xxl-de","17":"pa_velikost-st-xxxl-de","19":"first","20":"instock","21":"taxable","22":"shipping-taxable","23":"purchasable","24":"product-type-variable"},"acf":[],"_links":{"self":[{"href":"https:\/\/moto-oprema.com\/de\/wp-json\/wp\/v2\/product\/225263","targetHints":{"allow":["GET"]}}],"collection":[{"href":"https:\/\/moto-oprema.com\/de\/wp-json\/wp\/v2\/product"}],"about":[{"href":"https:\/\/moto-oprema.com\/de\/wp-json\/wp\/v2\/types\/product"}],"replies":[{"embeddable":true,"href":"https:\/\/moto-oprema.com\/de\/wp-json\/wp\/v2\/comments?post=225263"}],"wp:featuredmedia":[{"embeddable":true,"href":"https:\/\/moto-oprema.com\/de\/wp-json\/wp\/v2\/media\/225041"}],"wp:attachment":[{"href":"https:\/\/moto-oprema.com\/de\/wp-json\/wp\/v2\/media?parent=225263"}],"wp:term":[{"taxonomy":"brand","embeddable":true,"href":"https:\/\/moto-oprema.com\/de\/wp-json\/wp\/v2\/brand?post=225263"},{"taxonomy":"gender","embeddable":true,"href":"https:\/\/moto-oprema.com\/de\/wp-json\/wp\/v2\/gender?post=225263"},{"taxonomy":"product_brand","embeddable":true,"href":"https:\/\/moto-oprema.com\/de\/wp-json\/wp\/v2\/product_brand?post=225263"},{"taxonomy":"product_cat","embeddable":true,"href":"https:\/\/moto-oprema.com\/de\/wp-json\/wp\/v2\/product_cat?post=225263"},{"taxonomy":"product_tag","embeddable":true,"href":"https:\/\/moto-oprema.com\/de\/wp-json\/wp\/v2\/product_tag?post=225263"}],"curies":[{"name":"wp","href":"https:\/\/api.w.org\/{rel}","templated":true}]}}