{"id":224423,"date":"2026-05-12T10:04:27","date_gmt":"2026-05-12T10:04:27","guid":{"rendered":"https:\/\/moto-oprema.com\/?post_type=product&#038;p=224423"},"modified":"2026-05-12T10:10:46","modified_gmt":"2026-05-12T10:10:46","slug":"skorpion-exo-tech-evo-traveller-schwarz-rot-kopija","status":"publish","type":"product","link":"https:\/\/moto-oprema.com\/de\/Artikel\/skorpion-exo-tech-evo-traveller-schwarz-rot-kopija\/","title":{"rendered":"SKORPION EXO-TECH EVO TRAVELLER SCHWARZ KUPFER"},"content":{"rendered":"<p>Scorpion Exo-Tech Evo modularer Klapphelm<\/p>\n<p>Der EXO-TECH Evo will nicht einfach nur ein weiterer modularer Klapphelm sein, er will mit seinem kompletten Vollhelm-Look die Spielregeln erneut \u00e4ndern. Gro\u00dfes Sichtfeld mit einem breiten Pinlock-Visier, leichter Helm, einfacher Kinn\u00f6ffnungsmechanismus und One-Touch-Bel\u00fcftung. Dieser Helm bietet ein gutes Preis-Leistungs-Verh\u00e4ltnis, um den unterschiedlichen Anspr\u00fcchen des Marktes gerecht zu werden. Sie werden die Unterschiede bemerken, wenn Sie ihn tragen und Sie werden sie sp\u00fcren, wenn Sie ihn fahren.   <\/p>\n<p>Merkmale:<\/p>\n<p>P\/J-Zulassung<br \/>\nSpeedView\u2122: ein innenliegendes, ausziehbares Visier, das die Augen bei wechselnden Lichtverh\u00e4ltnissen sofort entlastet<br \/>\nKwikwick II &amp; III\u2122: ein temperaturregulierendes Gewebe, das Sie bei warmem Wetter k\u00fchl und trocken und bei kaltem Wetter warm h\u00e4lt. Das Innenfutter ist leicht herausnehmbar und waschbar<br \/>\nPinlock\u00ae ready: der Pinlock\u00ae Schirm verhindert das Beschlagen, indem er einen konstanten Luftkorridor zwischen sich und dem Visier aufrechterh\u00e4lt, selbst wenn der Temperaturunterschied zwischen innen und au\u00dfen zunimmt<br \/>\nKwikfit\u2122: geeignet f\u00fcr Brillentr\u00e4ger<br \/>\nAutomatische Mikrometer-Kinnriemenschnalle f\u00fcr schnelles \u00d6ffnen und pr\u00e4zise Einstellung<br \/>\nEXO-COM kompatibel <\/p>\n<p>Technische Daten:<\/p>\n<p>Material: Thermoplast \/ Polycarbonat<br \/>\nVerschluss: Schnalle mit Griff<br \/>\nNorm: ECE 22.06<\/p>\n<p>Packungsinhalt:<\/p>\n<p>1 x Scorpion Exo-Tech Evo modularer Helm<br \/>\n1 x Pinlock Glas<\/p>\n<p>Gr\u00f6\u00dfen:<\/p>\n<p>Helmgr\u00f6\u00dfe \/ Kopfumfang:<\/p>\n<ul>\n<li>XS: 53 cm &#8211; 54 cm<\/li>\n<li>S: 55 cm &#8211; 56 cm<\/li>\n<li>M: 57 cm &#8211; 58 cm<\/li>\n<li>L: 59 cm &#8211; 60 cm<\/li>\n<li>XL: 61 cm &#8211; 62 cm<\/li>\n<li>XXL: 63 cm &#8211; 64 cm<\/li>\n<\/ul>\n<p>&nbsp;<\/p>\n","protected":false},"excerpt":{"rendered":"","protected":false},"featured_media":224270,"comment_status":"open","ping_status":"closed","template":"","meta":{"_acf_changed":false},"brand":[3431],"gender":[2173],"product_brand":[],"product_cat":[2026,1357,1360],"product_tag":[],"class_list":{"0":"post-224423","1":"product","2":"type-product","3":"status-publish","4":"has-post-thumbnail","6":"brand-scorpion-de","7":"gender-unisex-de","8":"product_cat-ausklappbar","9":"product_cat-ausrustung-fur-motorradfahrer","10":"product_cat-helme","11":"pa_velikost-st-l-de","12":"pa_velikost-st-m-de","13":"pa_velikost-st-s-de","14":"pa_velikost-st-xl-de","15":"pa_velikost-st-xs-de","16":"pa_velikost-st-xxl-de","18":"first","19":"instock","20":"taxable","21":"shipping-taxable","22":"purchasable","23":"product-type-variable"},"acf":[],"_links":{"self":[{"href":"https:\/\/moto-oprema.com\/de\/wp-json\/wp\/v2\/product\/224423","targetHints":{"allow":["GET"]}}],"collection":[{"href":"https:\/\/moto-oprema.com\/de\/wp-json\/wp\/v2\/product"}],"about":[{"href":"https:\/\/moto-oprema.com\/de\/wp-json\/wp\/v2\/types\/product"}],"replies":[{"embeddable":true,"href":"https:\/\/moto-oprema.com\/de\/wp-json\/wp\/v2\/comments?post=224423"}],"wp:featuredmedia":[{"embeddable":true,"href":"https:\/\/moto-oprema.com\/de\/wp-json\/wp\/v2\/media\/224270"}],"wp:attachment":[{"href":"https:\/\/moto-oprema.com\/de\/wp-json\/wp\/v2\/media?parent=224423"}],"wp:term":[{"taxonomy":"brand","embeddable":true,"href":"https:\/\/moto-oprema.com\/de\/wp-json\/wp\/v2\/brand?post=224423"},{"taxonomy":"gender","embeddable":true,"href":"https:\/\/moto-oprema.com\/de\/wp-json\/wp\/v2\/gender?post=224423"},{"taxonomy":"product_brand","embeddable":true,"href":"https:\/\/moto-oprema.com\/de\/wp-json\/wp\/v2\/product_brand?post=224423"},{"taxonomy":"product_cat","embeddable":true,"href":"https:\/\/moto-oprema.com\/de\/wp-json\/wp\/v2\/product_cat?post=224423"},{"taxonomy":"product_tag","embeddable":true,"href":"https:\/\/moto-oprema.com\/de\/wp-json\/wp\/v2\/product_tag?post=224423"}],"curies":[{"name":"wp","href":"https:\/\/api.w.org\/{rel}","templated":true}]}}