{"id":223992,"date":"2026-05-12T08:25:34","date_gmt":"2026-05-12T08:25:34","guid":{"rendered":"https:\/\/moto-oprema.com\/?post_type=product&#038;p=223992"},"modified":"2026-05-12T08:36:10","modified_gmt":"2026-05-12T08:36:10","slug":"alpinestars-gp-force-2-v2-einteiligen-anzug-schwarz-blau-rot-fluo-kopija","status":"publish","type":"product","link":"https:\/\/moto-oprema.com\/de\/Artikel\/alpinestars-gp-force-2-v2-einteiligen-anzug-schwarz-blau-rot-fluo-kopija\/","title":{"rendered":"ALPINESTARS GP FORCE 2 V2 EINTEILIGEN ANZUG WEISS SCHWARZ ROT FLUO"},"content":{"rendered":"<p>Alpinestars GP Force V2 &#8211; ein einteiliger Anzug, der f\u00fcr Leistung auf der Rennstrecke und dynamisches, sportliches Fahren entwickelt wurde und Schutz vor der Rennwelt mit au\u00dfergew\u00f6hnlichem Komfort und Bel\u00fcftung bietet. Der Anzug ist aus doppellagigem Rindsleder gefertigt, mit DFS Lite-Schutzelementen verst\u00e4rkt und vollst\u00e4ndig mit den Airbagsystemen Tech-Air\u00ae 7X, Tech-Air\u00ae 10 Race und Tech-Air\u00ae 5 kompatibel. Strategisch platzierte perforierte Eins\u00e4tze und HRSF-Stretchzonen sorgen f\u00fcr \u00fcberragende Bewegungsfreiheit und optimierte Luftzirkulation bei aggressiven Fahrten.  <\/p>\n<p>Merkmale:<\/p>\n<ul>\n<li>Kompatibel mit dem Tech-Air\u00ae 7X Airbag-System: Entwickelt f\u00fcr die nahtlose Integration mit der elektronischen Airbag-Technologie von Alpinestars f\u00fcr maximalen Schutz auf der Rennstrecke<\/li>\n<li>Doppellagiges Rindsleder: kritische Aufprallzonen sind an den Schultern und Knien mit DFS Lite (Dynamic Friction Shield) verst\u00e4rkt und bieten so eine hervorragende Abriebfestigkeit<\/li>\n<li>Perforierte Bel\u00fcftung: strategische Perforationen an Brust, R\u00fccken, \u00c4rmeln und Beinen maximieren die Luftzirkulation bei hoher Intensit\u00e4t<\/li>\n<li>Elastische HRSF-Paneele: Hochwiderstandsf\u00e4higes elastisches Gewebe an Armen, Schulterbl\u00e4ttern und Beinen erm\u00f6glicht eine uneingeschr\u00e4nkte Bewegung in einer bestimmten Rennposition<\/li>\n<li>Aerodynamische Speed Ridge: optimiert f\u00fcr die Verwendung mit dem Supertech R10 Helm, um den Luftwiderstand zu reduzieren und die Stabilit\u00e4t bei hohen Geschwindigkeiten zu verbessern<\/li>\n<li>Sportlicher Schnitt: Ledereins\u00e4tze im Akkordeonmuster am unteren R\u00fccken, an den Schultern und an den Knien sorgen f\u00fcr die n\u00f6tige Dehnbarkeit f\u00fcr aggressives Fahren<\/li>\n<\/ul>\n<p>Schutz:<\/p>\n<ul>\n<li>CE Level 1 Nucleon Flex Plus Schulterschutz und Nucleon Bio-Flex H\u00fcftschutz f\u00fcr effektiven Aufprallschutz<\/li>\n<li>DFS Lite (Dynamic Friction Shield) externe Schieber an Schultern und Knien f\u00fcr hervorragende Abriebfestigkeit und Reibungsmanagement<\/li>\n<li>Doppellagige Rindslederverst\u00e4rkung in kritischen Sto\u00dfbereichen f\u00fcr maximale Rei\u00df- und Abriebfestigkeit<\/li>\n<li>Kompatibel mit dem Tech-Air\u00ae 7x Airbagsystem; auch geeignet f\u00fcr das Tech-Air\u00ae 10 Race Airbagsystem und das Tech-Air\u00ae 5 Airbagsystem<\/li>\n<li>Vollst\u00e4ndig CE-zertifizierte Motorradbekleidung gem\u00e4\u00df den CE-Normen &#8211; Kategorie II prEN17092 &#8211; Klasse AA<\/li>\n<\/ul>\n<p>Konstruktion:<\/p>\n<ul>\n<li>Weiche Rindslederkonstruktion mit doppelter \u00dcberlappung an kritischen Verschlei\u00dfstellen<\/li>\n<li>DFS Lite (Dynamic Friction Shield) Verst\u00e4rkungseins\u00e4tze an Schultern und Knien<\/li>\n<li>Perforierte Ledereins\u00e4tze an Brust, R\u00fccken, \u00c4rmeln und Beinen<\/li>\n<li>HRSF (High Resistant Stretch Fabric) Eins\u00e4tze unter den Achseln, an den Schulterbl\u00e4ttern, der R\u00fcckseite der Beine und im Schritt<\/li>\n<li>Ledereins\u00e4tze im Akkordeonmuster am unteren R\u00fccken, an den Schultern und Knien<\/li>\n<li>In die R\u00fcckwand integrierte aerodynamische Erhebungen<\/li>\n<li>Klettverschluss am Hals mit Schlaufe und Verschluss an den Handgelenken<\/li>\n<li>Zugangspaneele mit Rei\u00dfverschluss an den Unterarmen<\/li>\n<li>Kragenfutter aus synthetischem Wildleder<\/li>\n<li>GP Plus austauschbare aerodynamische Knieschleifer mit Befestigungssystem<\/li>\n<\/ul>\n","protected":false},"excerpt":{"rendered":"<p>Farbe: Schwarz &#8211; Blau &#8211; Rot<\/p>\n","protected":false},"featured_media":223818,"comment_status":"open","ping_status":"closed","template":"","meta":{"_acf_changed":false},"brand":[2111],"gender":[2168],"product_brand":[],"product_cat":[2220,1357,2176],"product_tag":[],"class_list":{"0":"post-223992","1":"product","2":"type-product","3":"status-publish","4":"has-post-thumbnail","6":"brand-alpinestars-de","7":"gender-moski-de","8":"product_cat-1-teilige-latzhose","9":"product_cat-ausrustung-fur-motorradfahrer","10":"product_cat-latzhose","11":"pa_size-48-de","12":"pa_size-50-de","13":"pa_size-52-de","14":"pa_size-54-de","15":"pa_size-56-de","16":"pa_size-58-de","17":"pa_size-60-de","19":"first","20":"onbackorder","21":"sale","22":"taxable","23":"shipping-taxable","24":"purchasable","25":"product-type-variable"},"acf":[],"_links":{"self":[{"href":"https:\/\/moto-oprema.com\/de\/wp-json\/wp\/v2\/product\/223992","targetHints":{"allow":["GET"]}}],"collection":[{"href":"https:\/\/moto-oprema.com\/de\/wp-json\/wp\/v2\/product"}],"about":[{"href":"https:\/\/moto-oprema.com\/de\/wp-json\/wp\/v2\/types\/product"}],"replies":[{"embeddable":true,"href":"https:\/\/moto-oprema.com\/de\/wp-json\/wp\/v2\/comments?post=223992"}],"wp:featuredmedia":[{"embeddable":true,"href":"https:\/\/moto-oprema.com\/de\/wp-json\/wp\/v2\/media\/223818"}],"wp:attachment":[{"href":"https:\/\/moto-oprema.com\/de\/wp-json\/wp\/v2\/media?parent=223992"}],"wp:term":[{"taxonomy":"brand","embeddable":true,"href":"https:\/\/moto-oprema.com\/de\/wp-json\/wp\/v2\/brand?post=223992"},{"taxonomy":"gender","embeddable":true,"href":"https:\/\/moto-oprema.com\/de\/wp-json\/wp\/v2\/gender?post=223992"},{"taxonomy":"product_brand","embeddable":true,"href":"https:\/\/moto-oprema.com\/de\/wp-json\/wp\/v2\/product_brand?post=223992"},{"taxonomy":"product_cat","embeddable":true,"href":"https:\/\/moto-oprema.com\/de\/wp-json\/wp\/v2\/product_cat?post=223992"},{"taxonomy":"product_tag","embeddable":true,"href":"https:\/\/moto-oprema.com\/de\/wp-json\/wp\/v2\/product_tag?post=223992"}],"curies":[{"name":"wp","href":"https:\/\/api.w.org\/{rel}","templated":true}]}}