{"id":223404,"date":"2026-05-12T06:48:12","date_gmt":"2026-05-12T06:48:12","guid":{"rendered":"https:\/\/moto-oprema.com\/?post_type=product&#038;p=223404"},"modified":"2026-05-12T07:00:50","modified_gmt":"2026-05-12T07:00:50","slug":"hjc-abenteuer-helm-rpha-60-dakar-mc1-kopija","status":"publish","type":"product","link":"https:\/\/moto-oprema.com\/de\/Artikel\/hjc-abenteuer-helm-rpha-60-dakar-mc1-kopija\/","title":{"rendered":"HJC RPHA 60 HELM SPIELBERG RED BULL RING MC21SF"},"content":{"rendered":"<p>HJC RPHA 60 Spielberg Red Bull Ring Enduro-Helm<\/p>\n<p>Der RPHA 60 Helm bietet hervorragenden Aufprallschutz bei geringem Gewicht dank der Premium Integrated Matrix (P.I.M.) Technologie, einem Hochleistungsmaterial, das in der Luft- und Raumfahrt und im Motorsport verwendet wird. Das ACS Advanced Channeling Ventilation System sorgt f\u00fcr eine effiziente Bel\u00fcftung und transportiert W\u00e4rme und Feuchtigkeit durch drei Einl\u00e4sse und vier Ausl\u00e4sse von vorne nach hinten sowie nach oben und au\u00dfen ab und sorgt so f\u00fcr ein angenehmes Klima w\u00e4hrend der Fahrt. Die aerodynamische Struktur der Helmschale reduziert den Luftwiderstand und tr\u00e4gt so zur Stabilit\u00e4t bei hohen Geschwindigkeiten bei, was besonders auf l\u00e4ngeren Strecken oder bei Fahrten mit hohem Tempo von Vorteil ist. Der Helm bietet die perfekte Balance zwischen Sicherheit, Komfort und Leistung &#8211; ideal f\u00fcr alle Arten von Fahrten.   <\/p>\n<p>Merkmale:<\/p>\n<ul>\n<li>Premium Integrated Matrix \/ P.I.M.TM: Hochleistungsmaterial mit Epoxidharz und Fasergewebe<\/li>\n<li>ACS: vollst\u00e4ndige Luftzirkulation von vorne nach hinten mit 3 Lufteinl\u00e4ssen und 4 Luftausl\u00e4ssen zur Ableitung von W\u00e4rme und Feuchtigkeit<\/li>\n<li>Das im Windkanal getestete Visier sorgt f\u00fcr maximale Stabilit\u00e4t und reduzierten Luftwiderstand, selbst bei hohen Geschwindigkeiten<\/li>\n<li>dynamische, mehrfach verstellbare Sonnenblende<\/li>\n<li>Kopf- und Wangenpolster: abnehmbar und waschbar.<\/li>\n<li>Kan\u00e4le f\u00fcr Brillen: geeignet f\u00fcr Brillentr\u00e4ger.<\/li>\n<\/ul>\n<p>Spezifikationen:<\/p>\n<ul>\n<li>Material: Thermoplastisch<\/li>\n<li>ECE 22.06<\/li>\n<li>Verschluss: Doppel-D<\/li>\n<li>Visier Typ: HJ-47, mit Anti-Staub-Beschichtung<\/li>\n<li>Sonnenschutz: HJ-V12<\/li>\n<\/ul>\n<p>Kompatibilit\u00e4t:<\/p>\n<p>Vorbereitet f\u00fcr SMART HJC 11B, 21B &amp; 50B Bluetooth (nicht im Lieferumfang enthalten)<\/p>\n<p>&nbsp;<\/p>\n<p>Helmgr\u00f6\u00dfe \/ Wangenpolsterung \/ Kopfpolsterung:<\/p>\n<p>XS (54-55 cm) \/ 35 mm \/ 9 mm<\/p>\n<p>S (55-56 cm) \/ 30 mm \/ 7 mm<\/p>\n<p>M (57-58 cm) \/ 30 mm \/ 9 mm<\/p>\n<p>L (58-59 cm) \/ 30 mm \/ 9 mm<\/p>\n<p>XL (60-61 cm) \/ 35 mm \/ 12 mm<\/p>\n<p>XXL (62-63 cm) \/ 25 mm \/ 7 mm<\/p>\n<p>&nbsp;<\/p>\n<p>&nbsp;<\/p>\n","protected":false},"excerpt":{"rendered":"<p>Farbe: MC1<\/p>\n","protected":false},"featured_media":223515,"comment_status":"open","ping_status":"closed","template":"","meta":{"_acf_changed":false},"brand":[2131],"gender":[2173],"product_brand":[],"product_cat":[1357,1360,1361],"product_tag":[],"class_list":{"0":"post-223404","1":"product","2":"type-product","3":"status-publish","4":"has-post-thumbnail","6":"brand-hjc-de","7":"gender-unisex-de","8":"product_cat-ausrustung-fur-motorradfahrer","9":"product_cat-helme","10":"product_cat-integral","11":"pa_size-l-de","12":"pa_size-m-de","13":"pa_size-s-de","14":"pa_size-xl-de","15":"pa_size-xs-de","16":"pa_size-xxl-de","18":"first","19":"instock","20":"sale","21":"taxable","22":"shipping-taxable","23":"purchasable","24":"product-type-variable"},"acf":[],"_links":{"self":[{"href":"https:\/\/moto-oprema.com\/de\/wp-json\/wp\/v2\/product\/223404","targetHints":{"allow":["GET"]}}],"collection":[{"href":"https:\/\/moto-oprema.com\/de\/wp-json\/wp\/v2\/product"}],"about":[{"href":"https:\/\/moto-oprema.com\/de\/wp-json\/wp\/v2\/types\/product"}],"replies":[{"embeddable":true,"href":"https:\/\/moto-oprema.com\/de\/wp-json\/wp\/v2\/comments?post=223404"}],"wp:featuredmedia":[{"embeddable":true,"href":"https:\/\/moto-oprema.com\/de\/wp-json\/wp\/v2\/media\/223515"}],"wp:attachment":[{"href":"https:\/\/moto-oprema.com\/de\/wp-json\/wp\/v2\/media?parent=223404"}],"wp:term":[{"taxonomy":"brand","embeddable":true,"href":"https:\/\/moto-oprema.com\/de\/wp-json\/wp\/v2\/brand?post=223404"},{"taxonomy":"gender","embeddable":true,"href":"https:\/\/moto-oprema.com\/de\/wp-json\/wp\/v2\/gender?post=223404"},{"taxonomy":"product_brand","embeddable":true,"href":"https:\/\/moto-oprema.com\/de\/wp-json\/wp\/v2\/product_brand?post=223404"},{"taxonomy":"product_cat","embeddable":true,"href":"https:\/\/moto-oprema.com\/de\/wp-json\/wp\/v2\/product_cat?post=223404"},{"taxonomy":"product_tag","embeddable":true,"href":"https:\/\/moto-oprema.com\/de\/wp-json\/wp\/v2\/product_tag?post=223404"}],"curies":[{"name":"wp","href":"https:\/\/api.w.org\/{rel}","templated":true}]}}