{"id":222948,"date":"2026-05-11T09:51:58","date_gmt":"2026-05-11T09:51:58","guid":{"rendered":"https:\/\/moto-oprema.com\/?post_type=product&#038;p=222948"},"modified":"2026-05-11T09:59:27","modified_gmt":"2026-05-11T09:59:27","slug":"alpinestars-sp-9-handschuhe-schwarz-fluo-rot-kopija","status":"publish","type":"product","link":"https:\/\/moto-oprema.com\/de\/Artikel\/alpinestars-sp-9-handschuhe-schwarz-fluo-rot-kopija\/","title":{"rendered":"ALPINESTARS SP-9 HANDSCHUHE SCHWARZ"},"content":{"rendered":"<p>Die Alpinestars SP-9 Handschuhe wurden f\u00fcr den Rennsport und sportliche Fahrten entwickelt und kombinieren den Schutz aus der MotoGP mit einer Allround-Funktionalit\u00e4t f\u00fcr die Stra\u00dfe. Sie sind aus abriebfestem, vollnarbigem Ziegenleder gefertigt und verf\u00fcgen \u00fcber das fortschrittliche SP-R Split-TPU-Fingergelenkschutzelement, das f\u00fcr bew\u00e4hrten Aufprallschutz nach CE Level 1 KP zertifiziert ist. Das vorgeformte ergonomische Design mit der patentierten Br\u00fccke zwischen den Zehen, die perforierte Bel\u00fcftung und die Touchscreen-kompatiblen Fingerspitzen gew\u00e4hrleisten den ganzen Tag \u00fcber pr\u00e4zise Kontrolle und Komfort.  <\/p>\n<p>Merkmale:<\/p>\n<ul>\n<li>SP-R Split TPU Fingerschutz &#8211; Der MotoGP-erprobte TPU-Schutz h\u00e4lt die Finger flexibel und verhindert Druckstellen beim aggressiven Bremsen<\/li>\n<li>Perforiertes Ziegenleder &#8211; \u00fcberragende Abriebfestigkeit mit optimierter Luftzirkulation f\u00fcr sportliches Fahren in allen Jahreszeiten<\/li>\n<li>Anatomische Griffeins\u00e4tze &#8211; strategisch platzierte Verst\u00e4rkungen an Handfl\u00e4che und Daumen verringern die Erm\u00fcdung der Hand bei langen Fahrten<\/li>\n<li>Vorgeformtes Zehenmuster &#8211; reduziert die Materialfaltenbildung f\u00fcr sofortigen Komfort ohne Einarbeitungszeit<\/li>\n<li>Die Fingerspitzen sind mit Touchscreens kompatibel &#8211; bedienen Sie Ihr GPS und Smartphone, ohne die Handschuhe auszuziehen.<\/li>\n<\/ul>\n<p>Schutz:<\/p>\n<ul>\n<li>CE Level 1 KP-Zertifizierung f\u00fcr bew\u00e4hrten Aufprallschutz<\/li>\n<li>SP-R TPU Handfl\u00e4chengleiter mit Aramidfaser-Verst\u00e4rkungen f\u00fcr Abriebfestigkeit in kritischen Aufprallbereichen<\/li>\n<li>Verst\u00e4rkte Abdeckungen auf der Handfl\u00e4che und den Handseiten zum Schutz der Risikobereiche beim Rutschen<\/li>\n<li>Anti-Impact-Fingerverst\u00e4rkungen mit Aramidfasern auf der Br\u00fccke zwischen den Fingern f\u00fcr verbesserten Aufprallschutz<\/li>\n<li>Schaumstoffpolsterung in verschiedenen Dicken und EVA-Polsterung an Fingergelenken, Fingern, Handfl\u00e4chenschieber und sto\u00dfabsorbierender Manschette<\/li>\n<li>Die Br\u00fccke zwischen den Fingern der Street verhindert die Trennung und Dislokation von Ring- und Ringfinger bei Kollisionen<\/li>\n<li>Lange Manschette mit doppeltem Verschlusssystem f\u00fcr erweiterte Abdeckung des Handgelenks<\/li>\n<\/ul>\n<p>Bauwesen<\/p>\n<ul>\n<li>Hauptteil aus vollnarbigem Ziegenleder<\/li>\n<li>Synthetisches Leder an ausgew\u00e4hlten Teilen<\/li>\n<li>Elastischer Stoff an den Fingergelenken und den Zehenzwischenr\u00e4umen<\/li>\n<li>Doppellagige elastische Membran auf der Handfl\u00e4che an der Daumenbasis<\/li>\n<li>Elastische Teile im Akkordeonmuster an Zeige- und Mittelfinger<\/li>\n<li>Perforierte Konstruktion auf dem Handr\u00fccken<\/li>\n<li>Vorgeformtes anatomisches Fingermuster<\/li>\n<li>Konturierte Griffeins\u00e4tze im Handfl\u00e4chen- und Daumenbereich<\/li>\n<\/ul>\n","protected":false},"excerpt":{"rendered":"<p>Die Alpinestars SP-8 V3 Handschuhe sind aus Leder gefertigt, das sehr abriebfest ist. Das Modell Air&#8230;<\/p>\n","protected":false},"featured_media":222863,"comment_status":"open","ping_status":"closed","template":"","meta":{"_acf_changed":false},"brand":[2111],"gender":[2168],"product_brand":[],"product_cat":[1357,2086,2188],"product_tag":[],"class_list":{"0":"post-222948","1":"product","2":"type-product","3":"status-publish","4":"has-post-thumbnail","6":"brand-alpinestars-de","7":"gender-moski-de","8":"product_cat-ausrustung-fur-motorradfahrer","9":"product_cat-handschuhe","10":"product_cat-lederhandschuhe","11":"pa_velikost-rokovice-l-de","12":"pa_velikost-rokovice-m-de","13":"pa_velikost-rokovice-s-de","14":"pa_velikost-rokovice-xl-de","15":"pa_velikost-rokovice-xxl-de","16":"pa_velikost-rokovice-xxxl-de","18":"first","19":"outofstock","20":"sale","21":"taxable","22":"shipping-taxable","23":"purchasable","24":"product-type-variable"},"acf":[],"_links":{"self":[{"href":"https:\/\/moto-oprema.com\/de\/wp-json\/wp\/v2\/product\/222948","targetHints":{"allow":["GET"]}}],"collection":[{"href":"https:\/\/moto-oprema.com\/de\/wp-json\/wp\/v2\/product"}],"about":[{"href":"https:\/\/moto-oprema.com\/de\/wp-json\/wp\/v2\/types\/product"}],"replies":[{"embeddable":true,"href":"https:\/\/moto-oprema.com\/de\/wp-json\/wp\/v2\/comments?post=222948"}],"wp:featuredmedia":[{"embeddable":true,"href":"https:\/\/moto-oprema.com\/de\/wp-json\/wp\/v2\/media\/222863"}],"wp:attachment":[{"href":"https:\/\/moto-oprema.com\/de\/wp-json\/wp\/v2\/media?parent=222948"}],"wp:term":[{"taxonomy":"brand","embeddable":true,"href":"https:\/\/moto-oprema.com\/de\/wp-json\/wp\/v2\/brand?post=222948"},{"taxonomy":"gender","embeddable":true,"href":"https:\/\/moto-oprema.com\/de\/wp-json\/wp\/v2\/gender?post=222948"},{"taxonomy":"product_brand","embeddable":true,"href":"https:\/\/moto-oprema.com\/de\/wp-json\/wp\/v2\/product_brand?post=222948"},{"taxonomy":"product_cat","embeddable":true,"href":"https:\/\/moto-oprema.com\/de\/wp-json\/wp\/v2\/product_cat?post=222948"},{"taxonomy":"product_tag","embeddable":true,"href":"https:\/\/moto-oprema.com\/de\/wp-json\/wp\/v2\/product_tag?post=222948"}],"curies":[{"name":"wp","href":"https:\/\/api.w.org\/{rel}","templated":true}]}}