{"id":222442,"date":"2026-05-11T07:51:11","date_gmt":"2026-05-11T07:51:11","guid":{"rendered":"https:\/\/moto-oprema.com\/?post_type=product&#038;p=222442"},"modified":"2026-05-11T08:35:38","modified_gmt":"2026-05-11T08:35:38","slug":"oneal-sierra-r-v-24-schwarz-grau-kopija","status":"publish","type":"product","link":"https:\/\/moto-oprema.com\/de\/Artikel\/oneal-sierra-r-v-24-schwarz-grau-kopija\/","title":{"rendered":"O&#8217;NEAL SIERRA RS ECHO V.26 SCHWARZ FLUO GELB"},"content":{"rendered":"<p>Entdecken Sie den neuen O&#8217;NEAL Sierra RS V.26 &#8211; den Allround-Helm f\u00fcr anspruchsvolle Fahrer.<\/p>\n<p>Dieser Helm kombiniert die h\u00f6chsten Sicherheitsstandards mit einer komfortablen Passform und modernster Ausstattung. Mit zwei Au\u00dfenschalen und drei Innenschalen aus EPS bietet er optimalen Schutz und individuelle Anpassungsm\u00f6glichkeiten. Die hochwertige ABS-Au\u00dfenschale sorgt f\u00fcr eine lange Lebensdauer, w\u00e4hrend die clevere Bel\u00fcftung mit verschlie\u00dfbaren Bel\u00fcftungs\u00f6ffnungen und Innenkan\u00e4len f\u00fcr ein angenehmes Klima sorgt.  <\/p>\n<p>Der Sierra RS ist f\u00fcr den Quin Smart Safety Sensor vorbereitet und verf\u00fcgt \u00fcber das innovative E.Q.R.S. System mit Notfallschlaufen, die ein schnelles Entfernen der gepolsterten Wangenpolster erm\u00f6glichen. Ein Microlock-Kinnriemen sorgt f\u00fcr einen sicheren Halt. Das gepolsterte, herausnehmbare Innenfutter absorbiert Schwei\u00df und ist waschbar, so dass ein angenehmes Tragegef\u00fchl gew\u00e4hrleistet ist.  <\/p>\n<p>F\u00fcr moderne Kommunikation ist der Helm Bluetooth-f\u00e4hig, mit vorgefertigten Aussparungen f\u00fcr zus\u00e4tzliche Lautsprecher im Ohrbereich (Bluetooth-Ger\u00e4t nicht im Lieferumfang enthalten). Das Pinlock\u00ae MaxVision-Visier bietet eine klare Sicht, erg\u00e4nzt durch einen integrierten Sonnenschirm f\u00fcr alle Wetterbedingungen. Der Sierra RS erf\u00fcllt die neue ECE-Norm 22.06 und gew\u00e4hrleistet damit h\u00f6chste Sicherheitsstandards.  <\/p>\n<p>Material: Au\u00dfenschale aus 74 % ABS und 26 % EPS; Polsterung aus 100 % PU-Schaum; Innenfutter aus 85 % Polyester und 15 % Elasthan.<\/p>\n","protected":false},"excerpt":{"rendered":"<p>Enduro-Tourenhelm O&#8217;neal sierra v.24<\/p>\n","protected":false},"featured_media":222479,"comment_status":"open","ping_status":"closed","template":"","meta":{"_acf_changed":false},"brand":[2177],"gender":[2173],"product_brand":[],"product_cat":[1357,1360],"product_tag":[],"class_list":{"0":"post-222442","1":"product","2":"type-product","3":"status-publish","4":"has-post-thumbnail","6":"brand-oneal-de","7":"gender-unisex-de","8":"product_cat-ausrustung-fur-motorradfahrer","9":"product_cat-helme","10":"pa_size-2xl-de","11":"pa_size-l-de","12":"pa_size-m-de","13":"pa_size-s-de","14":"pa_size-xl-de","15":"pa_size-xs-de","17":"first","18":"instock","19":"sale","20":"taxable","21":"shipping-taxable","22":"purchasable","23":"product-type-variable"},"acf":[],"_links":{"self":[{"href":"https:\/\/moto-oprema.com\/de\/wp-json\/wp\/v2\/product\/222442","targetHints":{"allow":["GET"]}}],"collection":[{"href":"https:\/\/moto-oprema.com\/de\/wp-json\/wp\/v2\/product"}],"about":[{"href":"https:\/\/moto-oprema.com\/de\/wp-json\/wp\/v2\/types\/product"}],"replies":[{"embeddable":true,"href":"https:\/\/moto-oprema.com\/de\/wp-json\/wp\/v2\/comments?post=222442"}],"wp:featuredmedia":[{"embeddable":true,"href":"https:\/\/moto-oprema.com\/de\/wp-json\/wp\/v2\/media\/222479"}],"wp:attachment":[{"href":"https:\/\/moto-oprema.com\/de\/wp-json\/wp\/v2\/media?parent=222442"}],"wp:term":[{"taxonomy":"brand","embeddable":true,"href":"https:\/\/moto-oprema.com\/de\/wp-json\/wp\/v2\/brand?post=222442"},{"taxonomy":"gender","embeddable":true,"href":"https:\/\/moto-oprema.com\/de\/wp-json\/wp\/v2\/gender?post=222442"},{"taxonomy":"product_brand","embeddable":true,"href":"https:\/\/moto-oprema.com\/de\/wp-json\/wp\/v2\/product_brand?post=222442"},{"taxonomy":"product_cat","embeddable":true,"href":"https:\/\/moto-oprema.com\/de\/wp-json\/wp\/v2\/product_cat?post=222442"},{"taxonomy":"product_tag","embeddable":true,"href":"https:\/\/moto-oprema.com\/de\/wp-json\/wp\/v2\/product_tag?post=222442"}],"curies":[{"name":"wp","href":"https:\/\/api.w.org\/{rel}","templated":true}]}}