{"id":222128,"date":"2026-04-24T08:27:39","date_gmt":"2026-04-24T08:27:39","guid":{"rendered":"https:\/\/moto-oprema.com\/?post_type=product&#038;p=222128"},"modified":"2026-04-24T10:33:51","modified_gmt":"2026-04-24T10:33:51","slug":"alpinestars-trifecta-t-shirt-blau-kopija","status":"publish","type":"product","link":"https:\/\/moto-oprema.com\/de\/Artikel\/alpinestars-trifecta-t-shirt-blau-kopija\/","title":{"rendered":"ALPINESTARS TRIFECTA T-SHIRT SCHWARZ"},"content":{"rendered":"<p>Modern und stilvoll: das bedruckte T-Shirt von Alpinestars besticht durch das Alpinestars-Logo in einer Kombination aus drei Farbstreifen. Der weiche Druck sorgt f\u00fcr ein angenehmes Tragegef\u00fchl. Mit einem Innenprint am Hals und einem auff\u00e4lligen Au\u00dfendesign f\u00fcr einen unverwechselbaren Look.<br \/>\nMaterial: 60% gek\u00e4mmte, ringgesponnene Baumwolle, 40% Polyester<\/p>\n","protected":false},"excerpt":{"rendered":"","protected":false},"featured_media":222061,"comment_status":"open","ping_status":"closed","template":"","meta":{"_acf_changed":false},"brand":[2111],"gender":[2168],"product_brand":[],"product_cat":[2179,2180],"product_tag":[],"class_list":{"0":"post-222128","1":"product","2":"type-product","3":"status-publish","4":"has-post-thumbnail","6":"brand-alpinestars-de","7":"gender-moski-de","8":"product_cat-freizeitkleidung","9":"product_cat-t-shirts-de","10":"pa_velikost-st-2xl-de","11":"pa_velikost-st-l-de","12":"pa_velikost-st-m-de","13":"pa_velikost-st-s-de","14":"pa_velikost-st-xl-de","15":"pa_velikost-st-xs-de","17":"first","18":"instock","19":"taxable","20":"shipping-taxable","21":"purchasable","22":"product-type-variable"},"acf":[],"_links":{"self":[{"href":"https:\/\/moto-oprema.com\/de\/wp-json\/wp\/v2\/product\/222128","targetHints":{"allow":["GET"]}}],"collection":[{"href":"https:\/\/moto-oprema.com\/de\/wp-json\/wp\/v2\/product"}],"about":[{"href":"https:\/\/moto-oprema.com\/de\/wp-json\/wp\/v2\/types\/product"}],"replies":[{"embeddable":true,"href":"https:\/\/moto-oprema.com\/de\/wp-json\/wp\/v2\/comments?post=222128"}],"wp:featuredmedia":[{"embeddable":true,"href":"https:\/\/moto-oprema.com\/de\/wp-json\/wp\/v2\/media\/222061"}],"wp:attachment":[{"href":"https:\/\/moto-oprema.com\/de\/wp-json\/wp\/v2\/media?parent=222128"}],"wp:term":[{"taxonomy":"brand","embeddable":true,"href":"https:\/\/moto-oprema.com\/de\/wp-json\/wp\/v2\/brand?post=222128"},{"taxonomy":"gender","embeddable":true,"href":"https:\/\/moto-oprema.com\/de\/wp-json\/wp\/v2\/gender?post=222128"},{"taxonomy":"product_brand","embeddable":true,"href":"https:\/\/moto-oprema.com\/de\/wp-json\/wp\/v2\/product_brand?post=222128"},{"taxonomy":"product_cat","embeddable":true,"href":"https:\/\/moto-oprema.com\/de\/wp-json\/wp\/v2\/product_cat?post=222128"},{"taxonomy":"product_tag","embeddable":true,"href":"https:\/\/moto-oprema.com\/de\/wp-json\/wp\/v2\/product_tag?post=222128"}],"curies":[{"name":"wp","href":"https:\/\/api.w.org\/{rel}","templated":true}]}}