{"id":221919,"date":"2026-04-23T10:54:05","date_gmt":"2026-04-23T10:54:05","guid":{"rendered":"https:\/\/moto-oprema.com\/?post_type=product&#038;p=221919"},"modified":"2026-04-23T10:59:28","modified_gmt":"2026-04-23T10:59:28","slug":"alpinestars-sp-r-pro-handschuhe-schwarz-fl-gelb-kopija","status":"publish","type":"product","link":"https:\/\/moto-oprema.com\/de\/Artikel\/alpinestars-sp-r-pro-handschuhe-schwarz-fl-gelb-kopija\/","title":{"rendered":"ALPINESTARS SP-R PRO HANDSCHUHE SCHWARZ WEISS ROT"},"content":{"rendered":"<p>Die Alpinestars SP-R Pro Handschuhe wurden f\u00fcr sportliche Fahrer und urbane Stra\u00dfenliebhaber entwickelt und bieten MotoGP-abgeleiteten Schutz, der f\u00fcr Supernaked- und Hypermotard-Motorr\u00e4der optimiert wurde. Sie sind aus vollnarbigem Ziegenleder mit fortschrittlichem, gespaltenem TPU-Schutz an den Fingergelenken gefertigt, charakteristisch f\u00fcr die SP-R-Serie und CE Level 1 zertifiziert, und verf\u00fcgen \u00fcber strategisch platzierte perforierte Zonen f\u00fcr eine bessere Luftzirkulation. Anatomisch geformte Grip-Innensohlen und flexible Akkordeoneins\u00e4tze sorgen f\u00fcr pr\u00e4zise Kontrolle, \u00fcberragenden Komfort und rennerprobte Haltbarkeit.  <\/p>\n<p>Wesentliche Merkmale<\/p>\n<ul>\n<li>Der aus der MotoGP stammende, geteilte Fingergelenkschutz maximiert die Beweglichkeit der Finger und eliminiert Druckstellen beim Bremsen und in Kurven<\/li>\n<li>Patentierte Fingerbr\u00fccke &#8211; verhindert, dass die Finger beim Aufprall zu weit gespreizt werden, um die Hand besser zu sch\u00fctzen<\/li>\n<li>Anatomisch geformte Griffeins\u00e4tze &#8211; optimieren die Kontrollpr\u00e4zision und das Ansprechverhalten des Hebels an den Kontaktfl\u00e4chen von Hand und Daumen<\/li>\n<li>Perforierte Ziegenlederkonstruktion &#8211; bietet au\u00dfergew\u00f6hnliche Abriebfestigkeit und verbesserte Atmungsaktivit\u00e4t<\/li>\n<li>CE Level 1 zertifizierter Fingergelenkschutz &#8211; bietet rennerprobten Aufprallschutz mit TPR-Fingerverst\u00e4rkungen<\/li>\n<\/ul>\n<p>Schutz<\/p>\n<ul>\n<li>CE Level 1 zertifizierter Fingergelenkschutz f\u00fcr Sto\u00dffestigkeit<\/li>\n<li>SP-R geteilte TPU-Finger, abgeleitet aus dem MotoGP, sch\u00fctzen vor St\u00f6\u00dfen, w\u00e4hrend die Finger flexibel bleiben<\/li>\n<li>TPR-Verst\u00e4rkungen im Zehenbereich bieten Abriebfestigkeit in kritischen Bereichen<\/li>\n<li>Vollnarbiges Ziegenleder bietet hervorragenden Abriebschutz f\u00fcr die Handfl\u00e4che und die Finger<\/li>\n<li>Die patentierte Fingerbr\u00fccke verhindert Verletzungen durch eine \u00dcberstreckung der Finger<\/li>\n<li>Verst\u00e4rkte Handfl\u00e4chen- und Daumenbereiche sch\u00fctzen hohe Kontaktfl\u00e4chen<\/li>\n<\/ul>\n<p>Materialien:<\/p>\n<ul>\n<li>Vollnarbiges Ziegenleder im Zehenbereich f\u00fcr Strapazierf\u00e4higkeit<\/li>\n<li>Leichte Textilunterlage zur Gewichtsreduzierung<\/li>\n<li>Perforierte Eins\u00e4tze aus synthetischem Wildleder auf der R\u00fcckseite<\/li>\n<li>Handfl\u00e4che aus Kunstleder mit verst\u00e4rkten Griffzonen f\u00fcr erh\u00f6hte Haltbarkeit<\/li>\n<li>Wildledereinsatz auf der Innenseite des Daumens f\u00fcr Abriebfestigkeit<\/li>\n<li>TPU (thermoplastisches Polyurethan) SP-R geteilter Fingerschutz<\/li>\n<li>TPR (thermoplastischer Gummi) Zehenverst\u00e4rkungen<\/li>\n<li>Integrierte dehnbare Zehenkappen<\/li>\n<li>Elastisches Handgelenkband<\/li>\n<\/ul>\n<p>&nbsp;<\/p>\n","protected":false},"excerpt":{"rendered":"<p>Die Alpinestars SP-R Pro Handschuhe wurden f\u00fcr sportliche Fahrer und urbane Stra\u00dfenliebhaber entwickelt und bieten MotoGP-abgeleiteten&#8230;<\/p>\n","protected":false},"featured_media":221839,"comment_status":"open","ping_status":"closed","template":"","meta":{"_acf_changed":false},"brand":[2111],"gender":[2168],"product_brand":[],"product_cat":[1357,2086,2188],"product_tag":[],"class_list":{"0":"post-221919","1":"product","2":"type-product","3":"status-publish","4":"has-post-thumbnail","6":"brand-alpinestars-de","7":"gender-moski-de","8":"product_cat-ausrustung-fur-motorradfahrer","9":"product_cat-handschuhe","10":"product_cat-lederhandschuhe","11":"pa_velikost-rokovice-l-de","12":"pa_velikost-rokovice-m-de","13":"pa_velikost-rokovice-s-de","14":"pa_velikost-rokovice-xl-de","15":"pa_velikost-rokovice-xxl-de","16":"pa_velikost-rokovice-xxxl-de","18":"first","19":"instock","20":"sale","21":"taxable","22":"shipping-taxable","23":"purchasable","24":"product-type-variable"},"acf":[],"_links":{"self":[{"href":"https:\/\/moto-oprema.com\/de\/wp-json\/wp\/v2\/product\/221919","targetHints":{"allow":["GET"]}}],"collection":[{"href":"https:\/\/moto-oprema.com\/de\/wp-json\/wp\/v2\/product"}],"about":[{"href":"https:\/\/moto-oprema.com\/de\/wp-json\/wp\/v2\/types\/product"}],"replies":[{"embeddable":true,"href":"https:\/\/moto-oprema.com\/de\/wp-json\/wp\/v2\/comments?post=221919"}],"wp:featuredmedia":[{"embeddable":true,"href":"https:\/\/moto-oprema.com\/de\/wp-json\/wp\/v2\/media\/221839"}],"wp:attachment":[{"href":"https:\/\/moto-oprema.com\/de\/wp-json\/wp\/v2\/media?parent=221919"}],"wp:term":[{"taxonomy":"brand","embeddable":true,"href":"https:\/\/moto-oprema.com\/de\/wp-json\/wp\/v2\/brand?post=221919"},{"taxonomy":"gender","embeddable":true,"href":"https:\/\/moto-oprema.com\/de\/wp-json\/wp\/v2\/gender?post=221919"},{"taxonomy":"product_brand","embeddable":true,"href":"https:\/\/moto-oprema.com\/de\/wp-json\/wp\/v2\/product_brand?post=221919"},{"taxonomy":"product_cat","embeddable":true,"href":"https:\/\/moto-oprema.com\/de\/wp-json\/wp\/v2\/product_cat?post=221919"},{"taxonomy":"product_tag","embeddable":true,"href":"https:\/\/moto-oprema.com\/de\/wp-json\/wp\/v2\/product_tag?post=221919"}],"curies":[{"name":"wp","href":"https:\/\/api.w.org\/{rel}","templated":true}]}}