{"id":221608,"date":"2026-04-21T08:57:28","date_gmt":"2026-04-21T08:57:28","guid":{"rendered":"https:\/\/moto-oprema.com\/?post_type=product&#038;p=221608"},"modified":"2026-04-21T09:05:09","modified_gmt":"2026-04-21T09:05:09","slug":"agv-k6s-helm-mono-matt-schwarz-kopija","status":"publish","type":"product","link":"https:\/\/moto-oprema.com\/de\/Artikel\/agv-k6s-helm-mono-matt-schwarz-kopija\/","title":{"rendered":"AGV K6S HELM SLASHCUT GRAU ROT"},"content":{"rendered":"<p>Helm AGV K6 S<\/p>\n<p>Der AGV K6 S Helm basiert auf modernster MotoGP-Technologie und ist auf die anspruchsvollen Bed\u00fcrfnisse von Motorradrennsportlern zugeschnitten. Dieser Vollvisierhelm kombiniert hoch entwickelte Materialien mit fortschrittlichen technologischen Innovationen und strengen Sicherheitsstandards. Als Motorradhelm ist der K6 S so konzipiert, dass er auch unter den extremsten Bedingungen ein hervorragendes Fahrgef\u00fchl vermittelt.  <\/p>\n<p>Die hochwertige Helmschale des K6 S aus Karbon- und Aramidfasern bietet ein Schutzniveau, das sonst nur MotoGP-Fahrern vorbehalten ist. Dieses robuste und leichte Material ist in der Lage, die Aufprallenergie bei einem Unfall effizient zu absorbieren und zu verteilen. <\/p>\n<p>Dank des strengen Extreme Safety Design-Protokolls von AGV erf\u00fcllt der K6 S die strengen Anforderungen der ECE 22.06-Norm und \u00fcbertrifft diese sogar noch. Das Sicherheits-Engagement von AGV ber\u00fccksichtigt verschiedene Aspekte, darunter Aufprallschutz und Aerodynamik, um sicherzustellen, dass der Helm nicht nur sch\u00fctzt, sondern auch die Leistung und den Komfort des Fahrers optimiert. <\/p>\n<p>Mit f\u00fcnf gro\u00dfen Bel\u00fcftungs\u00f6ffnungen bietet der AGV K6 S Helm unter allen Bedingungen eine hervorragende Bel\u00fcftung. Die ergonomisch verstellbaren Elemente und das AGV Micro-Lock-System machen ihn auch mit Handschuhen leicht bedienbar. Das wasserabweisende Au\u00dfenmaterial sch\u00fctzt vor Regen, w\u00e4hrend das atmungsaktive Innenmaterial den Schwei\u00df effektiv abtransportiert.  <\/p>\n<p>Der K6 S ist ein sehr leichter Motorradhelm. Mit einem Gewicht von nur 1255 Gramm ist er \u00e4u\u00dferst komfortabel und reduziert so die Erm\u00fcdung auch bei l\u00e4ngeren Fahrten. Die aerodynamische Schale sorgt auch bei hohen Geschwindigkeiten f\u00fcr Stabilit\u00e4t und reduziert den Luftwiderstand. Der K6 S ist perfekt ausbalanciert und bietet eine neutrale dynamische Gewichtsverteilung f\u00fcr ein komfortables Fahrgef\u00fchl.   <\/p>\n<p>Merkmale:<\/p>\n<ul>\n<li>Integrierter Spoiler<\/li>\n<li>Optimiert f\u00fcr alle Fahrten<\/li>\n<li>Die Schalenform ist so konzipiert, dass Turbulenzen reduziert werden<\/li>\n<li>2Dry: sofortige Schwei\u00dfabsorption<\/li>\n<li>Sicherheitsausl\u00f6sesystem f\u00fcr gepolsterte Wangenklappen<\/li>\n<li>Wangenpolsterung: Ritmo-Gewebe f\u00fcr leichteres An- und Ausziehen, mit Shalimar-Gewebe im Wangenbereich, um Stabilit\u00e4t bei hohen Geschwindigkeiten zu gew\u00e4hrleisten<\/li>\n<li>Kopfpolsterung: weicher und sanfter Shalimar-Stoff<\/li>\n<li>Gewickelter profilierter Nackenschutz<\/li>\n<li>Speziell f\u00fcr Brillentr\u00e4ger entwickelte Form<\/li>\n<li>Microsense: ultimativer Hautkomfort<\/li>\n<li>Nackenpolster: Ritmo-Gewebe und Kunstleder, wasserabweisend mit hoher Abriebfestigkeit<\/li>\n<li>Reflektierende Eins\u00e4tze<\/li>\n<li>Herausnehmbares und waschbares Futter<\/li>\n<li>Bakteriell inaktiv: antimikrobieller Schutz<\/li>\n<li>Doppelter D-Stopp<\/li>\n<li>190\u00b0 horizontales Sichtfeld<\/li>\n<li>85\u00b0 vertikales Sichtfeld<\/li>\n<li>Kratzfest<\/li>\n<li>Mechanismus des Metallvisiers<\/li>\n<li>Micro-\u00d6ffnungssystem<\/li>\n<li>Mehrstufiger Visiermechanismus<\/li>\n<li>Klasse 1-Optik<\/li>\n<li>Patentierter Mechanismus f\u00fcr das Schnellwechselsystem<\/li>\n<li>Patentiertes Visierverriegelungssystem<\/li>\n<li>1 gro\u00dfer Heckauswurf<\/li>\n<li>5 Bel\u00fcftungs\u00f6ffnungen an der Vorderseite<\/li>\n<li>Einstellbare L\u00fcftungsschlitze<\/li>\n<li>Clavicle Schutzprofil<\/li>\n<\/ul>\n<p>Technische Daten:<\/p>\n<ul>\n<li>Karbon-Aramid-Glasfaser<\/li>\n<li>Doppelter D-Ring-Verschluss<\/li>\n<li>5 % EPS in 4 Schalengr\u00f6\u00dfen<\/li>\n<li>ECE 2206<\/li>\n<li>Gewicht: 1255 g (+\/- 50 g)<\/li>\n<\/ul>\n<p>Kompatibilit\u00e4t:<\/p>\n<ul>\n<li>Kompatibel mit dem ARK Intercom-System von AGV<\/li>\n<\/ul>\n<p>Packungsinhalt:<\/p>\n<p>1 x AGV K6S Helm<br \/>\n1 x 100% Max Vision Pinlock (120)<br \/>\n1 x Windschutz<br \/>\n1 x abnehmbarer Nasenschutz<\/p>\n","protected":false},"excerpt":{"rendered":"<p>Helm AGV K6 S Der AGV K6 S Helm basiert auf modernster MotoGP-Technologie und ist auf&#8230;<\/p>\n","protected":false},"featured_media":221649,"comment_status":"open","ping_status":"closed","template":"","meta":{"_acf_changed":false},"brand":[2128],"gender":[2173],"product_brand":[],"product_cat":[1357,1360,1361],"product_tag":[],"class_list":{"0":"post-221608","1":"product","2":"type-product","3":"status-publish","4":"has-post-thumbnail","6":"brand-agv-de","7":"gender-unisex-de","8":"product_cat-ausrustung-fur-motorradfahrer","9":"product_cat-helme","10":"product_cat-integral","11":"pa_size-2xl-de","12":"pa_size-l-de","13":"pa_size-m-de","14":"pa_size-s-de","15":"pa_size-xl-de","16":"pa_size-xs-de","18":"first","19":"instock","20":"sale","21":"taxable","22":"shipping-taxable","23":"purchasable","24":"product-type-variable"},"acf":[],"_links":{"self":[{"href":"https:\/\/moto-oprema.com\/de\/wp-json\/wp\/v2\/product\/221608","targetHints":{"allow":["GET"]}}],"collection":[{"href":"https:\/\/moto-oprema.com\/de\/wp-json\/wp\/v2\/product"}],"about":[{"href":"https:\/\/moto-oprema.com\/de\/wp-json\/wp\/v2\/types\/product"}],"replies":[{"embeddable":true,"href":"https:\/\/moto-oprema.com\/de\/wp-json\/wp\/v2\/comments?post=221608"}],"wp:featuredmedia":[{"embeddable":true,"href":"https:\/\/moto-oprema.com\/de\/wp-json\/wp\/v2\/media\/221649"}],"wp:attachment":[{"href":"https:\/\/moto-oprema.com\/de\/wp-json\/wp\/v2\/media?parent=221608"}],"wp:term":[{"taxonomy":"brand","embeddable":true,"href":"https:\/\/moto-oprema.com\/de\/wp-json\/wp\/v2\/brand?post=221608"},{"taxonomy":"gender","embeddable":true,"href":"https:\/\/moto-oprema.com\/de\/wp-json\/wp\/v2\/gender?post=221608"},{"taxonomy":"product_brand","embeddable":true,"href":"https:\/\/moto-oprema.com\/de\/wp-json\/wp\/v2\/product_brand?post=221608"},{"taxonomy":"product_cat","embeddable":true,"href":"https:\/\/moto-oprema.com\/de\/wp-json\/wp\/v2\/product_cat?post=221608"},{"taxonomy":"product_tag","embeddable":true,"href":"https:\/\/moto-oprema.com\/de\/wp-json\/wp\/v2\/product_tag?post=221608"}],"curies":[{"name":"wp","href":"https:\/\/api.w.org\/{rel}","templated":true}]}}