{"id":221308,"date":"2026-04-20T09:51:25","date_gmt":"2026-04-20T09:51:25","guid":{"rendered":"https:\/\/moto-oprema.com\/?post_type=product&#038;p=221308"},"modified":"2026-04-20T10:12:30","modified_gmt":"2026-04-20T10:12:30","slug":"leatt-mx-helm-moto-2-5-v26-rosa-kopija","status":"publish","type":"product","link":"https:\/\/moto-oprema.com\/de\/Artikel\/leatt-mx-helm-moto-2-5-v26-rosa-kopija\/","title":{"rendered":"LEATT MX HELM MOTO 2.5 V26 GRAU"},"content":{"rendered":"<p>Der LEATT Moto 2.5 Helm ist die perfekte Wahl f\u00fcr Fahrer, die nach bew\u00e4hrtem Schutz suchen, ohne das hohe Preisschild zu tragen. Er wurde f\u00fcr neue Fahrer oder Wiedereinsteiger entwickelt und bietet zuverl\u00e4ssigen Aufprallschutz, leichten Komfort und eine Bel\u00fcftung, die Sie auf der Rennstrecke k\u00fchl h\u00e4lt. Er ist mit der gleichen Sicherheitstechnologie ausgestattet, auf die Sie sich in der gesamten Leatt-Produktpalette verlassen k\u00f6nnen &#8211; einschlie\u00dflich der 360\u00b0-Turbine-Technologie, die vor linearen und rotierenden St\u00f6\u00dfen sch\u00fctzt &#8211; mit ECE- und DOT-Zertifizierung, um das Ganze abzurunden.  <\/p>\n<p>LUPINA:<\/p>\n<p>Schale aus spritzgegossenem Polymer-Verbundstoff in drei Gr\u00f6\u00dfen<\/p>\n<p>3-IN-1-SICHERHEITSSYSTEM:<\/p>\n<p>In Kombination mit dem Aufprallschaum bietet die 360\u00b0 Turbine Technology ein einzigartiges 3-in-1-Sicherheitssystem, das vor St\u00f6\u00dfen mit niedriger und hoher Geschwindigkeit sowie vor Rotationskr\u00e4ften sch\u00fctzt.<\/p>\n<p>HAPPY FOAM:<\/p>\n<ul>\n<li>2 Dichten von Aufprallschaum zur Reduzierung der Kr\u00e4fte auf Kopf und Gehirn<\/li>\n<li>TURBINE: 360\u00b0-Turbinen-Technologie<\/li>\n<li>Schleuderschutz: Optimal geformte Turbinenscheiben lassen den Helm bei einem Aufprall sanft \u00fcber den Kopf gleiten und helfen, die maximale Beschleunigung auf Kopf und Gehirn zu reduzieren.<\/li>\n<li>Schutz bei geringem Aufprall: Ein spezielles energieabsorbierendes Material in den Turbinen absorbiert die bei Gehirnersch\u00fctterungen auftretenden geringen Aufprallenergien.<\/li>\n<\/ul>\n<p>ANSICHTEN:<\/p>\n<ul>\n<li>Bel\u00fcftungskan\u00e4le halten Ihren Kopf k\u00fchl<\/li>\n<\/ul>\n<p>INNERE LINIE:<\/p>\n<ul>\n<li>Das Innenfutter ist waschbar und atmungsaktiv<\/li>\n<\/ul>\n<p>SCHLIESSUNG:<\/p>\n<ul>\n<li>DD-Ring<\/li>\n<\/ul>\n<p>SEHEN:<\/p>\n<ul>\n<li>Das Visier verf\u00fcgt \u00fcber eine Abrei\u00dffunktion, um die Kr\u00e4fte auf Kopf und Nacken bei einem Unfall zu verringern<\/li>\n<\/ul>\n<p>&nbsp;<\/p>\n","protected":false},"excerpt":{"rendered":"<p>Der LEATT Moto 2.5 Helm ist die perfekte Wahl f\u00fcr Fahrer, die nach bew\u00e4hrtem Schutz suchen,&#8230;<\/p>\n","protected":false},"featured_media":221346,"comment_status":"open","ping_status":"closed","template":"","meta":{"_acf_changed":false},"brand":[2121],"gender":[2173],"product_brand":[],"product_cat":[2028,2063],"product_tag":[],"class_list":{"0":"post-221308","1":"product","2":"type-product","3":"status-publish","4":"has-post-thumbnail","6":"brand-leatt-de","7":"gender-unisex-de","8":"product_cat-motocross-ausrustung","9":"product_cat-mx-helme","10":"pa_size-l-de","11":"pa_size-m-de","12":"pa_size-s-de","13":"pa_size-xl-de","14":"pa_size-xs-de","16":"first","17":"instock","18":"sale","19":"taxable","20":"shipping-taxable","21":"purchasable","22":"product-type-variable"},"acf":[],"_links":{"self":[{"href":"https:\/\/moto-oprema.com\/de\/wp-json\/wp\/v2\/product\/221308","targetHints":{"allow":["GET"]}}],"collection":[{"href":"https:\/\/moto-oprema.com\/de\/wp-json\/wp\/v2\/product"}],"about":[{"href":"https:\/\/moto-oprema.com\/de\/wp-json\/wp\/v2\/types\/product"}],"replies":[{"embeddable":true,"href":"https:\/\/moto-oprema.com\/de\/wp-json\/wp\/v2\/comments?post=221308"}],"wp:featuredmedia":[{"embeddable":true,"href":"https:\/\/moto-oprema.com\/de\/wp-json\/wp\/v2\/media\/221346"}],"wp:attachment":[{"href":"https:\/\/moto-oprema.com\/de\/wp-json\/wp\/v2\/media?parent=221308"}],"wp:term":[{"taxonomy":"brand","embeddable":true,"href":"https:\/\/moto-oprema.com\/de\/wp-json\/wp\/v2\/brand?post=221308"},{"taxonomy":"gender","embeddable":true,"href":"https:\/\/moto-oprema.com\/de\/wp-json\/wp\/v2\/gender?post=221308"},{"taxonomy":"product_brand","embeddable":true,"href":"https:\/\/moto-oprema.com\/de\/wp-json\/wp\/v2\/product_brand?post=221308"},{"taxonomy":"product_cat","embeddable":true,"href":"https:\/\/moto-oprema.com\/de\/wp-json\/wp\/v2\/product_cat?post=221308"},{"taxonomy":"product_tag","embeddable":true,"href":"https:\/\/moto-oprema.com\/de\/wp-json\/wp\/v2\/product_tag?post=221308"}],"curies":[{"name":"wp","href":"https:\/\/api.w.org\/{rel}","templated":true}]}}