{"id":220737,"date":"2026-04-14T07:57:50","date_gmt":"2026-04-14T07:57:50","guid":{"rendered":"https:\/\/moto-oprema.com\/?post_type=product&#038;p=220737"},"modified":"2026-04-14T08:05:52","modified_gmt":"2026-04-14T08:05:52","slug":"alpinestars-tech-3-schwarz-weiss-kopija","status":"publish","type":"product","link":"https:\/\/moto-oprema.com\/de\/Artikel\/alpinestars-tech-3-schwarz-weiss-kopija\/","title":{"rendered":"ALPINESTARS TECH 3 ROT BLAU GELB"},"content":{"rendered":"<div id=\"tab-product-description-original\" class=\"ui-tabs-panel ui-widget-content ui-corner-bottom\">\n<div class=\"description\">\n<p><strong>Alpinestars Tech 3 MX Stiefel<\/strong><\/p>\n<p><span class=\"VIiyi\" lang=\"sl\"><span class=\"JLqJ4b ChMk0b\">Der neueste Durchbruch in der Premium-Reihe der Motocross- und Offroad-Stiefel von Tech integriert die bew\u00e4hrte Leistung der Tech 3-Technologie in einen anatomisch geformten Stiefel, der Schutz und Komfort bietet.<\/span> <span class=\"JLqJ4b ChMk0b\">Mit einer robusten und doch federnden Struktur sowie vielen Schutzfunktionen innen und au\u00dfen.<\/span><\/span><\/p>\n<p>Bauwesen<\/p>\n<ul>\n<li>Das Oberteil besteht aus einem leichten Mikrofasermaterial, das f\u00fcr Flexibilit\u00e4t, Haltbarkeit und Abriebfestigkeit sorgt.<\/li>\n<li>Der Fingerteil ist aus einem synthetischen Material gefertigt, um Abriebfestigkeit zu gew\u00e4hrleisten.<\/li>\n<li>Leichte Mikrofasereins\u00e4tze im Vorder- und R\u00fcckenbereich sorgen f\u00fcr mehr Komfort und Flexibilit\u00e4t in den wichtigsten Bereichen.<\/li>\n<li>\n<\/li>\n<\/ul>\n<p>Wesentliche Merkmale<\/p>\n<ul>\n<li>Die verl\u00e4ngerte PU-Synthetik-Manschette verhindert das Eindringen von \u00fcberm\u00e4\u00dfigem Wasser und Schmutz.<\/li>\n<li>Eingespritzte TPU-Schienbeinplatte, die mit einer medialen TPU-Schutzplatte verbunden ist; oberes Befestigungssystem mit Klettverschluss und TPR-Lasche f\u00fcr eine breite Passform und Wadenst\u00fctze.<\/li>\n<li>Der h\u00f6here mediale TPU-Protektor ist mit einer technischen Textur f\u00fcr besseren Halt versehen.<\/li>\n<li>Das biomechanische mediale System erm\u00f6glicht die Beugung nach vorne und hinten und bietet Unterst\u00fctzung und Schutz f\u00fcr den Kn\u00f6chel.<\/li>\n<li>Ergonomische Riemen mit drei TPU-Schnallen erm\u00f6glichen eine reibungslose Frontalflexion von der medialen zur lateralen Seite, ohne den Bewegungsspielraum einzuschr\u00e4nken.<\/li>\n<li>Das neue Verschlusssystem umfasst 3 Polymerclips mit einem innovativen Verschlusssystem.<\/li>\n<li>Dieses Verschlusssystem umfasst eine mikroverstellbare Schnalle mit Memory-Funktion und ein Schnellverschluss-System mit selbstnivellierendem Design f\u00fcr eine einfache und pr\u00e4zise Befestigung. Alle Schnallen sind austauschbar. <\/li>\n<li>Innovative, einteilige TPU-verst\u00e4rkte Dual-Compound-Au\u00dfensohle mit Metall-Au\u00dfensohle im Inneren der Zehenverst\u00e4rkung, die mit eingespritzt wurde.<\/li>\n<li>Weicher Schaumstoff umschlie\u00dft die Kn\u00f6chel und den Kragen und sorgt f\u00fcr Komfort und Sto\u00dfd\u00e4mpfung.<\/li>\n<li>Volltextil-Innenfutter f\u00fcr erh\u00f6hten Komfort und besseren Feuchtigkeitstransport.<\/li>\n<li>Das austauschbare EVA-Fu\u00dfbett mit Textilfutter an der Oberseite bietet Unterst\u00fctzung f\u00fcr das Fu\u00dfgew\u00f6lbe und Komfort.<\/li>\n<li>Die exklusive High-Traction-Gummiau\u00dfensohle von Alpinestars bietet Grip und Traktion auf einer Vielzahl von Oberfl\u00e4chen und wurde entwickelt, um Ihnen Kontrolle und Gef\u00fchl auf den Pedalen Ihres Motorrads zu geben. Die Sohle ist austauschbar. <\/li>\n<\/ul>\n<p>Schutz<\/p>\n<ul>\n<li>TECH 3 BOOT Schuhe sind CE-zertifiziert gem\u00e4\u00df EN 13634:2010.<\/li>\n<li>Ein geformter TPU-Wadenschutz, ein h\u00f6heres mediales TPU-Schild, ein externes seitliches TPU-Kn\u00f6chelschild und eine TPU-Ferse bieten Halt und Sto\u00dffestigkeit.<\/li>\n<li>Das TPR-R\u00fcckenpolster, das auf dem TPU-Schwertschutz angebracht ist, bietet Schutz und Komfort beim Biegen des R\u00fcckenteils.<\/li>\n<\/ul>\n<p>&nbsp;<\/p>\n<\/div>\n<\/div>\n","protected":false},"excerpt":{"rendered":"<p>Alpinestars Tech 3 MX Stiefel Der neueste Durchbruch in der Premium-Reihe der Motocross- und Offroad-Stiefel von&#8230;<\/p>\n","protected":false},"featured_media":220806,"comment_status":"open","ping_status":"closed","template":"","meta":{"_acf_changed":false},"brand":[2111],"gender":[2168],"product_brand":[],"product_cat":[2028,2244],"product_tag":[],"class_list":{"0":"post-220737","1":"product","2":"type-product","3":"status-publish","4":"has-post-thumbnail","6":"brand-alpinestars-de","7":"gender-moski-de","8":"product_cat-motocross-ausrustung","9":"product_cat-mx-stiefel","10":"pa_size-10445-de","11":"pa_size-11455-de","12":"pa_size-1247-de","13":"pa_size-1348-de","14":"pa_size-14495-de","15":"pa_size-1551-de","16":"pa_size-538-de","17":"pa_size-639-de","18":"pa_size-7405-de","19":"pa_size-842-de","20":"pa_size-943-de","22":"first","23":"instock","24":"taxable","25":"shipping-taxable","26":"purchasable","27":"product-type-variable"},"acf":[],"_links":{"self":[{"href":"https:\/\/moto-oprema.com\/de\/wp-json\/wp\/v2\/product\/220737","targetHints":{"allow":["GET"]}}],"collection":[{"href":"https:\/\/moto-oprema.com\/de\/wp-json\/wp\/v2\/product"}],"about":[{"href":"https:\/\/moto-oprema.com\/de\/wp-json\/wp\/v2\/types\/product"}],"replies":[{"embeddable":true,"href":"https:\/\/moto-oprema.com\/de\/wp-json\/wp\/v2\/comments?post=220737"}],"wp:featuredmedia":[{"embeddable":true,"href":"https:\/\/moto-oprema.com\/de\/wp-json\/wp\/v2\/media\/220806"}],"wp:attachment":[{"href":"https:\/\/moto-oprema.com\/de\/wp-json\/wp\/v2\/media?parent=220737"}],"wp:term":[{"taxonomy":"brand","embeddable":true,"href":"https:\/\/moto-oprema.com\/de\/wp-json\/wp\/v2\/brand?post=220737"},{"taxonomy":"gender","embeddable":true,"href":"https:\/\/moto-oprema.com\/de\/wp-json\/wp\/v2\/gender?post=220737"},{"taxonomy":"product_brand","embeddable":true,"href":"https:\/\/moto-oprema.com\/de\/wp-json\/wp\/v2\/product_brand?post=220737"},{"taxonomy":"product_cat","embeddable":true,"href":"https:\/\/moto-oprema.com\/de\/wp-json\/wp\/v2\/product_cat?post=220737"},{"taxonomy":"product_tag","embeddable":true,"href":"https:\/\/moto-oprema.com\/de\/wp-json\/wp\/v2\/product_tag?post=220737"}],"curies":[{"name":"wp","href":"https:\/\/api.w.org\/{rel}","templated":true}]}}