{"id":220112,"date":"2026-04-07T08:59:16","date_gmt":"2026-04-07T08:59:16","guid":{"rendered":"https:\/\/moto-oprema.com\/?post_type=product&#038;p=220112"},"modified":"2026-04-07T09:08:54","modified_gmt":"2026-04-07T09:08:54","slug":"alpinestars-t-gp-r-v4-jacke-schwarz-kopija","status":"publish","type":"product","link":"https:\/\/moto-oprema.com\/de\/Artikel\/alpinestars-t-gp-r-v4-jacke-schwarz-kopija\/","title":{"rendered":"ALPINESTARS T-GP AIR JACKE SCHWARZ"},"content":{"rendered":"<p>Die Alpinestars T-GP Air Jacket wurde f\u00fcr Sport- und Rennmotorradfahrer entwickelt. Sie ist eine leichte Textiljacke, die f\u00fcr maximale Atmungsaktivit\u00e4t und Schutz optimiert wurde, der aus der Rennerfahrung bei warmen Wetterbedingungen stammt. Sie ist mit einer aerodynamischen Supertech R10-Ausbeulung nach Rennspezifikationen und einem Nucleon Flex Pro-Schutz mit CE Level 2-Zertifizierung ausgestattet, der \u00fcberlegene Stabilit\u00e4t bei hohen Geschwindigkeiten und Aufprallschutz bietet. Diese Tech-Air\u00ae-kompatible Jacke kombiniert laserperforierte Paneele mit einem 3D-Mesh f\u00fcr hervorragende Bel\u00fcftung und verf\u00fcgt \u00fcber Racing GP DFS Au\u00dfenschieber f\u00fcr rennerprobten Abriebschutz.  <\/p>\n<p>Wesentliche Merkmale<\/p>\n<ul>\n<li>Aerodynamischer Kamm: Der Rennsport-Supertech R10 ist mit dem Supertech R10 Helm integriert, um den Luftwiderstand zu reduzieren und die Stabilit\u00e4t bei hohen Geschwindigkeiten zu verbessern.<\/li>\n<li>Bel\u00fcftungssystem: Laserperforierte Paneele und technisches 3D-Netzgewebe maximieren die Luftzirkulation f\u00fcr K\u00fchlung und Komfort bei Fahrten bei warmem Wetter.<\/li>\n<li>Racing GP DFS: Dual-density Dynamic Friction Shields an den Schultern und Ellbogen bieten hervorragenden Aufprall- und Rutschschutz.<\/li>\n<li>Sportliche Passform: Der verl\u00e4ngerte R\u00fccken und die vom Rennsport inspirierte Schnittf\u00fchrung verbessern den Windschutz und verringern die Erm\u00fcdung des Fahrers in geb\u00fcckter Haltung.<\/li>\n<li>Handgelenkverschluss mit automatischem Verschluss: Das aus dem Rennsport stammende Rei\u00dfverschluss-System verhindert ein versehentliches \u00d6ffnen und sorgt f\u00fcr eine nahtlose Integration mit den Alpinestars Handschuhen.<\/li>\n<\/ul>\n<p>Schutz<\/p>\n<ul>\n<li>Nucleon Flex Pro mit CE Level 2 Zertifizierung an Schultern und Ellbogen f\u00fcr hervorragenden Aufprallschutz<\/li>\n<li>Racing GP DFS (Dynamic Friction Shield) Au\u00dfengleiter mit doppelter Dichte bieten rennerprobte Verschlei\u00dffestigkeit<\/li>\n<li>Tech-Air\u00ae Kompatibilit\u00e4t: Entwickelt f\u00fcr die Integration mit dem Tech-Air\u00ae 7X Airbagsystem, Tech-Air\u00ae 5 Airbagsystem und Tech-Air\u00ae 3 Airbagsystem<\/li>\n<li>Vollst\u00e4ndig CE-zertifizierte Motorradbekleidung gem\u00e4\u00df den CE-Normen &#8211; Kategorie II prEN17092 &#8211; Klasse A<\/li>\n<\/ul>\n<p>&nbsp;<\/p>\n","protected":false},"excerpt":{"rendered":"<p>&nbsp; &nbsp;<\/p>\n","protected":false},"featured_media":220153,"comment_status":"open","ping_status":"closed","template":"","meta":{"_acf_changed":false},"brand":[2111],"gender":[2168],"product_brand":[],"product_cat":[1357,2045,2048],"product_tag":[],"class_list":{"0":"post-220112","1":"product","2":"type-product","3":"status-publish","4":"has-post-thumbnail","6":"brand-alpinestars-de","7":"gender-moski-de","8":"product_cat-ausrustung-fur-motorradfahrer","9":"product_cat-jakne-de","10":"product_cat-textil-jacken","11":"pa_size-l-de","12":"pa_size-m-de","13":"pa_size-s-de","14":"pa_size-xl-de","15":"pa_size-xxl-de","16":"pa_size-xxxl-de","18":"first","19":"instock","20":"sale","21":"taxable","22":"shipping-taxable","23":"purchasable","24":"product-type-variable"},"acf":[],"_links":{"self":[{"href":"https:\/\/moto-oprema.com\/de\/wp-json\/wp\/v2\/product\/220112","targetHints":{"allow":["GET"]}}],"collection":[{"href":"https:\/\/moto-oprema.com\/de\/wp-json\/wp\/v2\/product"}],"about":[{"href":"https:\/\/moto-oprema.com\/de\/wp-json\/wp\/v2\/types\/product"}],"replies":[{"embeddable":true,"href":"https:\/\/moto-oprema.com\/de\/wp-json\/wp\/v2\/comments?post=220112"}],"wp:featuredmedia":[{"embeddable":true,"href":"https:\/\/moto-oprema.com\/de\/wp-json\/wp\/v2\/media\/220153"}],"wp:attachment":[{"href":"https:\/\/moto-oprema.com\/de\/wp-json\/wp\/v2\/media?parent=220112"}],"wp:term":[{"taxonomy":"brand","embeddable":true,"href":"https:\/\/moto-oprema.com\/de\/wp-json\/wp\/v2\/brand?post=220112"},{"taxonomy":"gender","embeddable":true,"href":"https:\/\/moto-oprema.com\/de\/wp-json\/wp\/v2\/gender?post=220112"},{"taxonomy":"product_brand","embeddable":true,"href":"https:\/\/moto-oprema.com\/de\/wp-json\/wp\/v2\/product_brand?post=220112"},{"taxonomy":"product_cat","embeddable":true,"href":"https:\/\/moto-oprema.com\/de\/wp-json\/wp\/v2\/product_cat?post=220112"},{"taxonomy":"product_tag","embeddable":true,"href":"https:\/\/moto-oprema.com\/de\/wp-json\/wp\/v2\/product_tag?post=220112"}],"curies":[{"name":"wp","href":"https:\/\/api.w.org\/{rel}","templated":true}]}}