{"id":219949,"date":"2026-04-03T08:26:29","date_gmt":"2026-04-03T08:26:29","guid":{"rendered":"https:\/\/moto-oprema.com\/?post_type=product&#038;p=219949"},"modified":"2026-04-03T08:39:09","modified_gmt":"2026-04-03T08:39:09","slug":"xpd-moto-schnell-schuhe-schwarz-grau-kopija-2","status":"publish","type":"product","link":"https:\/\/moto-oprema.com\/de\/Artikel\/xpd-moto-schnell-schuhe-schwarz-grau-kopija-2\/","title":{"rendered":"XPD MOTO FAST SCHUHE SCHWARZ"},"content":{"rendered":"<p>Dieser sportliche Schuh wurde f\u00fcr urbane Motorradfahrer entwickelt, die bei Stil und Funktionalit\u00e4t keine Kompromisse eingehen wollen. Er verk\u00f6rpert die Exzellenz des italienischen Designs in Verbindung mit der Tradition des Motorradsports. Das Obermaterial aus technischem Gewebe und Mikrofaser mit Mesh-Eins\u00e4tzen sorgt f\u00fcr \u00fcberragende Atmungsaktivit\u00e4t und Strapazierf\u00e4higkeit, perfekt f\u00fcr jede Herausforderung in der Stadt. Die Michelin\u00ae Laufsohle aus vulkanisiertem Gummi mit doppelter Dichte bietet au\u00dfergew\u00f6hnlichen Grip und sorgt f\u00fcr Stabilit\u00e4t auf jedem Untergrund.<br \/>\nAusgestattet mit dem H.S.S.-System f\u00fcr optimalen Fersenhalt und TPU-Kn\u00f6chelschutz bietet das Modell MOTO FAST Verst\u00e4rkungen im Zehen- und Fersenbereich f\u00fcr umfassenden Schutz und gleichzeitig leichten Komfort. Die atmungsaktive, ergonomische Ortholite\u00ae-Einlegesohle bietet un\u00fcbertroffenen Komfort und erf\u00fcllt die Bed\u00fcrfnisse derjenigen, die auf der \u00dcberholspur leben. Ein reflektierender Einsatz hinten sorgt f\u00fcr Sichtbarkeit bei Nachtfahrten.<br \/>\nMOTO FAST ist die Wahl f\u00fcr alle, die Sicherheit, Innovation und unverwechselbaren Xpd-Stil verlangen.<\/p>\n","protected":false},"excerpt":{"rendered":"<p>Dieser sportliche Schuh wurde f\u00fcr urbane Motorradfahrer entwickelt, die bei Stil und Funktionalit\u00e4t keine Kompromisse eingehen&#8230;<\/p>\n","protected":false},"featured_media":220018,"comment_status":"open","ping_status":"closed","template":"","meta":{"_acf_changed":false},"brand":[2162],"gender":[2173],"product_brand":[],"product_cat":[1357,2043,2044],"product_tag":[],"class_list":{"0":"post-219949","1":"product","2":"type-product","3":"status-publish","4":"has-post-thumbnail","6":"brand-xpd-de","7":"gender-unisex-de","8":"product_cat-ausrustung-fur-motorradfahrer","9":"product_cat-schuhe","10":"product_cat-urbanes-schuhwerk","11":"pa_velikost-skornji-36-de","12":"pa_velikost-skornji-37-de","13":"pa_velikost-skornji-38-de","14":"pa_velikost-skornji-39-de","15":"pa_velikost-skornji-40-de","16":"pa_velikost-skornji-41-de","17":"pa_velikost-skornji-42-de","18":"pa_velikost-skornji-43-de","19":"pa_velikost-skornji-44-de","20":"pa_velikost-skornji-45-de","21":"pa_velikost-skornji-46-de","22":"pa_velikost-skornji-47-de","23":"pa_velikost-skornji-48-de","25":"first","26":"instock","27":"sale","28":"taxable","29":"shipping-taxable","30":"purchasable","31":"product-type-variable"},"acf":[],"_links":{"self":[{"href":"https:\/\/moto-oprema.com\/de\/wp-json\/wp\/v2\/product\/219949","targetHints":{"allow":["GET"]}}],"collection":[{"href":"https:\/\/moto-oprema.com\/de\/wp-json\/wp\/v2\/product"}],"about":[{"href":"https:\/\/moto-oprema.com\/de\/wp-json\/wp\/v2\/types\/product"}],"replies":[{"embeddable":true,"href":"https:\/\/moto-oprema.com\/de\/wp-json\/wp\/v2\/comments?post=219949"}],"wp:featuredmedia":[{"embeddable":true,"href":"https:\/\/moto-oprema.com\/de\/wp-json\/wp\/v2\/media\/220018"}],"wp:attachment":[{"href":"https:\/\/moto-oprema.com\/de\/wp-json\/wp\/v2\/media?parent=219949"}],"wp:term":[{"taxonomy":"brand","embeddable":true,"href":"https:\/\/moto-oprema.com\/de\/wp-json\/wp\/v2\/brand?post=219949"},{"taxonomy":"gender","embeddable":true,"href":"https:\/\/moto-oprema.com\/de\/wp-json\/wp\/v2\/gender?post=219949"},{"taxonomy":"product_brand","embeddable":true,"href":"https:\/\/moto-oprema.com\/de\/wp-json\/wp\/v2\/product_brand?post=219949"},{"taxonomy":"product_cat","embeddable":true,"href":"https:\/\/moto-oprema.com\/de\/wp-json\/wp\/v2\/product_cat?post=219949"},{"taxonomy":"product_tag","embeddable":true,"href":"https:\/\/moto-oprema.com\/de\/wp-json\/wp\/v2\/product_tag?post=219949"}],"curies":[{"name":"wp","href":"https:\/\/api.w.org\/{rel}","templated":true}]}}