{"id":219674,"date":"2026-04-03T08:06:55","date_gmt":"2026-04-03T08:06:55","guid":{"rendered":"https:\/\/moto-oprema.com\/?post_type=product&#038;p=219674"},"modified":"2026-04-03T08:24:44","modified_gmt":"2026-04-03T08:24:44","slug":"xpd-moto-schnell-schuhe-schwarz-grau-kopija","status":"publish","type":"product","link":"https:\/\/moto-oprema.com\/de\/Artikel\/xpd-moto-schnell-schuhe-schwarz-grau-kopija\/","title":{"rendered":"XPD MOTO SCHNELL H2OUT SCHUHE SCHWARZ"},"content":{"rendered":"<p>XPD Moto Fast H2OUT Schuhe<\/p>\n<p>Fahren Sie die Stra\u00dfe mit der ultimativen Kontrolle und Sicherheit, die nur der MOTO FAST H2OUT\u00ae von Xpd bieten kann. Dieser Motorradschuh aus hochwertigem Leder und einer Michelin\u00ae Dual-Density-Au\u00dfensohle f\u00fcr au\u00dfergew\u00f6hnliche Traktion wurde f\u00fcr echte Enthusiasten entwickelt, die keine Kompromisse eingehen wollen. Das H.S.S.-St\u00fctzsystem sorgt f\u00fcr unvergleichliche Stabilit\u00e4t, w\u00e4hrend das mikroverstellbare Kabel- und Rotorverschlusssystem eine pr\u00e4zise und schnelle Anpassung erm\u00f6glicht.  <\/p>\n<p>Dank der wasserdichten und atmungsaktiven H2OUT\u00ae-Membran k\u00f6nnen Sie allen Wetterbedingungen unbesorgt entgegensehen. Ein geformter TPU-Kn\u00f6chelschutz und ein verst\u00e4rkter Vorder- und Hinterfu\u00df sorgen f\u00fcr zus\u00e4tzliche Sicherheit, w\u00e4hrend die Memory Foam-D\u00e4mpfung und die ergonomische Ortholite\u00ae-Einlegesohle f\u00fcr maximalen Komfort sorgen. Eine reflektierende Einlegesohle hinten sorgt f\u00fcr Sichtbarkeit bei Nachtfahrten.  <\/p>\n<p>Exterieur:<\/p>\n<ul>\n<li>Obermaterial Leder.<\/li>\n<li>Michelin\u00ae vulkanisierte Gummilaufsohle mit doppelter Dichte f\u00fcr hervorragenden Grip.<\/li>\n<li>H.S.S. (Heel Support System) aus Kunststoff f\u00fcr zus\u00e4tzlichen Fersenhalt.<\/li>\n<li>Lederschutz f\u00fcr Zahnr\u00e4der.<\/li>\n<li>Gepolsterter Hals f\u00fcr zus\u00e4tzlichen Komfort.<\/li>\n<li>Mikroverstellbares Schlie\u00dfsystem mit Kabel und Rotor.<\/li>\n<li>Reflektierender Druck auf der hinteren Zugschlaufe.<\/li>\n<\/ul>\n<p>&nbsp;<\/p>\n<p>Innen:<\/p>\n<ul>\n<li>H2OUT\u00ae wasserdichte und atmungsaktive Schlauchmembran.<\/li>\n<li>Kn\u00f6chelschutz aus TPU-geformtem Kunststoff.<\/li>\n<li>Verst\u00e4rkte Vorder- und R\u00fcckseite.<\/li>\n<li>Weiche Polymer-Polsterung mit Memory-Schaum.<\/li>\n<li>Weiche, geformte und ergonomisch geformte Nylon D.F.A. (Differentiated Flexibility Area) Innensohle.<\/li>\n<li>Auswechselbare, ergonomisch geformte, lang anhaltend d\u00e4mpfende, atmungsaktive und leichte Ortholite\u00ae Einlegesohlen.<\/li>\n<\/ul>\n<p>&nbsp;<\/p>\n","protected":false},"excerpt":{"rendered":"<p>XPD Moto Fast H2OUT Schuhe Fahren Sie die Stra\u00dfe mit der ultimativen Kontrolle und Sicherheit, die&#8230;<\/p>\n","protected":false},"featured_media":219747,"comment_status":"open","ping_status":"closed","template":"","meta":{"_acf_changed":false},"brand":[2162],"gender":[2168],"product_brand":[],"product_cat":[1357,2043,2044],"product_tag":[],"class_list":{"0":"post-219674","1":"product","2":"type-product","3":"status-publish","4":"has-post-thumbnail","6":"brand-xpd-de","7":"gender-moski-de","8":"product_cat-ausrustung-fur-motorradfahrer","9":"product_cat-schuhe","10":"product_cat-urbanes-schuhwerk","11":"pa_velikost-skornji-36-de","12":"pa_velikost-skornji-37-de","13":"pa_velikost-skornji-38-de","14":"pa_velikost-skornji-39-de","15":"pa_velikost-skornji-40-de","16":"pa_velikost-skornji-41-de","17":"pa_velikost-skornji-42-de","18":"pa_velikost-skornji-43-de","19":"pa_velikost-skornji-44-de","20":"pa_velikost-skornji-45-de","21":"pa_velikost-skornji-46-de","22":"pa_velikost-skornji-47-de","24":"first","25":"instock","26":"sale","27":"taxable","28":"shipping-taxable","29":"purchasable","30":"product-type-variable"},"acf":[],"_links":{"self":[{"href":"https:\/\/moto-oprema.com\/de\/wp-json\/wp\/v2\/product\/219674","targetHints":{"allow":["GET"]}}],"collection":[{"href":"https:\/\/moto-oprema.com\/de\/wp-json\/wp\/v2\/product"}],"about":[{"href":"https:\/\/moto-oprema.com\/de\/wp-json\/wp\/v2\/types\/product"}],"replies":[{"embeddable":true,"href":"https:\/\/moto-oprema.com\/de\/wp-json\/wp\/v2\/comments?post=219674"}],"wp:featuredmedia":[{"embeddable":true,"href":"https:\/\/moto-oprema.com\/de\/wp-json\/wp\/v2\/media\/219747"}],"wp:attachment":[{"href":"https:\/\/moto-oprema.com\/de\/wp-json\/wp\/v2\/media?parent=219674"}],"wp:term":[{"taxonomy":"brand","embeddable":true,"href":"https:\/\/moto-oprema.com\/de\/wp-json\/wp\/v2\/brand?post=219674"},{"taxonomy":"gender","embeddable":true,"href":"https:\/\/moto-oprema.com\/de\/wp-json\/wp\/v2\/gender?post=219674"},{"taxonomy":"product_brand","embeddable":true,"href":"https:\/\/moto-oprema.com\/de\/wp-json\/wp\/v2\/product_brand?post=219674"},{"taxonomy":"product_cat","embeddable":true,"href":"https:\/\/moto-oprema.com\/de\/wp-json\/wp\/v2\/product_cat?post=219674"},{"taxonomy":"product_tag","embeddable":true,"href":"https:\/\/moto-oprema.com\/de\/wp-json\/wp\/v2\/product_tag?post=219674"}],"curies":[{"name":"wp","href":"https:\/\/api.w.org\/{rel}","templated":true}]}}