{"id":218529,"date":"2026-03-30T10:01:27","date_gmt":"2026-03-30T10:01:27","guid":{"rendered":"https:\/\/moto-oprema.com\/?post_type=product&#038;p=218529"},"modified":"2026-03-30T10:11:37","modified_gmt":"2026-03-30T10:11:37","slug":"scorpion-exo-com-link1-bt-kommunikation-kopija-2","status":"publish","type":"product","link":"https:\/\/moto-oprema.com\/de\/Artikel\/scorpion-exo-com-link1-bt-kommunikation-kopija-2\/","title":{"rendered":"SCORPION EXO-COM LINK-1C BT KOMMUNIKATION"},"content":{"rendered":"<p>Scorpion EXO-COM Link 1C Kommunikationssystem, Einzelverpackung<\/p>\n<p>Mit dem Exo-Com Link-1C erleben Sie Musik und Kommunikation auf einer ganz neuen Ebene. Intuitive Bedienelemente lassen Sie sich auf das Fahren konzentrieren &#8211; keine komplizierte Technik, kein unn\u00f6tiger Stress. Egal, mit welchem Helm Sie fahren: Dank seiner universellen Kompatibilit\u00e4t passt sich das Link-1 perfekt an und sorgt auch auf langen Fahrten f\u00fcr eine stabile, klare Verbindung. Egal, ob Sie gerade erst anfangen oder schon unz\u00e4hlige Kilometer auf dem Buckel haben, mit dem Exo-Com Link-1 sind Sie immer gut verbunden und sicher unterwegs. Steigern Sie Ihre Freiheit, Ihr Fahrvergn\u00fcgen und Ihre Sicherheit mit Exo-Com Link-1.    <\/p>\n<p>Merkmale:<\/p>\n<ul>\n<li>40 mm HD HARMAN Lautsprecher f\u00fcr unvergleichlichen Klang<\/li>\n<li>Rauschunterdr\u00fcckung<\/li>\n<li>Mehr als 14 Stunden Gespr\u00e4chszeit<\/li>\n<li>Gegensprechverbindung f\u00fcr 2 Motorradfahrer<\/li>\n<li>Bluetooth Version 5.3 f\u00fcr eine stabile Verbindung mit geringem Stromverbrauch<\/li>\n<li>EXOCOM App im Play Store und App Store verf\u00fcgbar<\/li>\n<li>Reichweite bis zu 450 Meter<\/li>\n<li>Technische Daten:<\/li>\n<li>IP58 Zertifizierung<\/li>\n<li>Akku: 780 mAh Lithium-Ionen, 3,7 V<\/li>\n<li>Abmessungen: 93 \u00d7 47 \u00d7 20 mm<\/li>\n<li>Gewicht: 42 g<\/li>\n<\/ul>\n<p>Inhalt:<\/p>\n<ul>\n<li>1x Scorpion EXO-COM Link 1C Steuerger\u00e4t<\/li>\n<li>1x EXO-COM Link 1 Montageplatte<\/li>\n<li>1x Befestigungsmaterial<\/li>\n<li>1x Lautsprecher<\/li>\n<li>1x Kabel Mikrofon<\/li>\n<li>1x Schwanenhalsmikrofon<\/li>\n<li>Ersatzmikrofon und Lautsprecherpolster<\/li>\n<\/ul>\n","protected":false},"excerpt":{"rendered":"<p>Scorpion EXO-COM Link 1C Kommunikationssystem, Einzelverpackung Mit dem Exo-Com Link-1C erleben Sie Musik und Kommunikation auf&#8230;<\/p>\n","protected":false},"featured_media":218545,"comment_status":"open","ping_status":"closed","template":"","meta":{"_acf_changed":false},"brand":[3431],"gender":[],"product_brand":[],"product_cat":[1357,1360,2064],"product_tag":[],"class_list":{"0":"post-218529","1":"product","2":"type-product","3":"status-publish","4":"has-post-thumbnail","6":"brand-scorpion-de","7":"product_cat-ausrustung-fur-motorradfahrer","8":"product_cat-helme","9":"product_cat-kommunikation","11":"first","12":"instock","13":"sale","14":"taxable","15":"shipping-taxable","16":"purchasable","17":"product-type-simple"},"acf":[],"_links":{"self":[{"href":"https:\/\/moto-oprema.com\/de\/wp-json\/wp\/v2\/product\/218529","targetHints":{"allow":["GET"]}}],"collection":[{"href":"https:\/\/moto-oprema.com\/de\/wp-json\/wp\/v2\/product"}],"about":[{"href":"https:\/\/moto-oprema.com\/de\/wp-json\/wp\/v2\/types\/product"}],"replies":[{"embeddable":true,"href":"https:\/\/moto-oprema.com\/de\/wp-json\/wp\/v2\/comments?post=218529"}],"wp:featuredmedia":[{"embeddable":true,"href":"https:\/\/moto-oprema.com\/de\/wp-json\/wp\/v2\/media\/218545"}],"wp:attachment":[{"href":"https:\/\/moto-oprema.com\/de\/wp-json\/wp\/v2\/media?parent=218529"}],"wp:term":[{"taxonomy":"brand","embeddable":true,"href":"https:\/\/moto-oprema.com\/de\/wp-json\/wp\/v2\/brand?post=218529"},{"taxonomy":"gender","embeddable":true,"href":"https:\/\/moto-oprema.com\/de\/wp-json\/wp\/v2\/gender?post=218529"},{"taxonomy":"product_brand","embeddable":true,"href":"https:\/\/moto-oprema.com\/de\/wp-json\/wp\/v2\/product_brand?post=218529"},{"taxonomy":"product_cat","embeddable":true,"href":"https:\/\/moto-oprema.com\/de\/wp-json\/wp\/v2\/product_cat?post=218529"},{"taxonomy":"product_tag","embeddable":true,"href":"https:\/\/moto-oprema.com\/de\/wp-json\/wp\/v2\/product_tag?post=218529"}],"curies":[{"name":"wp","href":"https:\/\/api.w.org\/{rel}","templated":true}]}}