{"id":218325,"date":"2026-03-26T11:18:21","date_gmt":"2026-03-26T11:18:21","guid":{"rendered":"https:\/\/moto-oprema.com\/?post_type=product&#038;p=218325"},"modified":"2026-04-01T07:13:09","modified_gmt":"2026-04-01T07:13:09","slug":"xpd-xp6-s-stiefel-schwarz-weiss-kopija","status":"publish","type":"product","link":"https:\/\/moto-oprema.com\/de\/Artikel\/xpd-xp6-s-stiefel-schwarz-weiss-kopija\/","title":{"rendered":"XPD X-BEAT AIR SCHUHE SCHWARZ GRAU"},"content":{"rendered":"<p>Der X-Beat Air ist ein sommerlicher Motorradschuh mit ausgezeichneter Atmungsaktivit\u00e4t und Mesh-Eins\u00e4tzen, perfekt f\u00fcr Fahrten bei hei\u00dfem Wetter. Er wurde f\u00fcr mittlere bis lange Fahrten auf Sport- und Tourenmotorr\u00e4dern entwickelt und bietet eine bequeme Passform und eine vom Laufsport inspirierte Laufsohle, die auch auf langen Strecken in warmem Klima hervorragenden Komfort und Funktionalit\u00e4t bietet. <\/p>\n<p>OUTSIDE<\/p>\n<ul>\n<li>Obermaterial aus 3D Air Mesh und Mikrofaser, das sehr abriebfest ist<\/li>\n<li>Urbane, ultraleichte, ma\u00dfgeschneiderte, traktionsstarke Laufsohle aus vulkanisiertem Gummi mit doppelter Dichte und konvexen Stollen<\/li>\n<li>Ultraleichte EVA-Zwischensohle f\u00fcr bessere D\u00e4mpfung<\/li>\n<li>TPU-Kantenschutz und Schalthebelschutz f\u00fcr erh\u00f6hten Schutz des oberen Teils<\/li>\n<li>Thermogeformter und verst\u00e4rkter Kn\u00f6chelbereich<\/li>\n<li>Gepolsterter und elastischer Lycra\u00ae-R\u00fcckenkragen f\u00fcr<\/li>\n<\/ul>\n<p>INTERNATIONAL<\/p>\n<ul>\n<li>3D Air Mesh Futter f\u00fcr zus\u00e4tzliche Atmungsaktivit\u00e4t<\/li>\n<li>Kn\u00f6chelprotektoren aus TPU-geformtem Kunststoff<\/li>\n<li>Verst\u00e4rkte Front und R\u00fcckseite<\/li>\n<li>Weiche Polymer-Polsterung mit Memory-Schaum<\/li>\n<li>Weiche, geformte und ergonomisch geformte D.F.A. (Differentiated Flexibility Area) Nylon-Innensohle<\/li>\n<li>Auswechselbare, ergonomisch geformte, lang anhaltend d\u00e4mpfende, atmungsaktive und leichte Ortholite\u00ae Einlegesohlen<\/li>\n<\/ul>\n","protected":false},"excerpt":{"rendered":"","protected":false},"featured_media":218472,"comment_status":"open","ping_status":"closed","template":"","meta":{"_acf_changed":false},"brand":[2162],"gender":[2173],"product_brand":[],"product_cat":[1357,2043,2049],"product_tag":[],"class_list":{"0":"post-218325","1":"product","2":"type-product","3":"status-publish","4":"has-post-thumbnail","6":"brand-xpd-de","7":"gender-unisex-de","8":"product_cat-ausrustung-fur-motorradfahrer","9":"product_cat-schuhe","10":"product_cat-touring-schuhe","11":"pa_velikost-skornji-37-de","12":"pa_velikost-skornji-38-de","13":"pa_velikost-skornji-39-de","14":"pa_velikost-skornji-40-de","15":"pa_velikost-skornji-41-de","16":"pa_velikost-skornji-42-de","17":"pa_velikost-skornji-43-de","18":"pa_velikost-skornji-44-de","19":"pa_velikost-skornji-45-de","20":"pa_velikost-skornji-46-de","21":"pa_velikost-skornji-47-de","22":"pa_velikost-skornji-48-de","24":"first","25":"instock","26":"sale","27":"taxable","28":"shipping-taxable","29":"purchasable","30":"product-type-variable"},"acf":[],"_links":{"self":[{"href":"https:\/\/moto-oprema.com\/de\/wp-json\/wp\/v2\/product\/218325","targetHints":{"allow":["GET"]}}],"collection":[{"href":"https:\/\/moto-oprema.com\/de\/wp-json\/wp\/v2\/product"}],"about":[{"href":"https:\/\/moto-oprema.com\/de\/wp-json\/wp\/v2\/types\/product"}],"replies":[{"embeddable":true,"href":"https:\/\/moto-oprema.com\/de\/wp-json\/wp\/v2\/comments?post=218325"}],"wp:featuredmedia":[{"embeddable":true,"href":"https:\/\/moto-oprema.com\/de\/wp-json\/wp\/v2\/media\/218472"}],"wp:attachment":[{"href":"https:\/\/moto-oprema.com\/de\/wp-json\/wp\/v2\/media?parent=218325"}],"wp:term":[{"taxonomy":"brand","embeddable":true,"href":"https:\/\/moto-oprema.com\/de\/wp-json\/wp\/v2\/brand?post=218325"},{"taxonomy":"gender","embeddable":true,"href":"https:\/\/moto-oprema.com\/de\/wp-json\/wp\/v2\/gender?post=218325"},{"taxonomy":"product_brand","embeddable":true,"href":"https:\/\/moto-oprema.com\/de\/wp-json\/wp\/v2\/product_brand?post=218325"},{"taxonomy":"product_cat","embeddable":true,"href":"https:\/\/moto-oprema.com\/de\/wp-json\/wp\/v2\/product_cat?post=218325"},{"taxonomy":"product_tag","embeddable":true,"href":"https:\/\/moto-oprema.com\/de\/wp-json\/wp\/v2\/product_tag?post=218325"}],"curies":[{"name":"wp","href":"https:\/\/api.w.org\/{rel}","templated":true}]}}