{"id":217875,"date":"2026-03-25T11:52:58","date_gmt":"2026-03-25T11:52:58","guid":{"rendered":"https:\/\/moto-oprema.com\/?post_type=product&#038;p=217875"},"modified":"2026-03-25T11:53:00","modified_gmt":"2026-03-25T11:53:00","slug":"spidi-nahtloses-hemd-schwarz-grau-2","status":"publish","type":"product","link":"https:\/\/moto-oprema.com\/de\/Artikel\/spidi-nahtloses-hemd-schwarz-grau-2\/","title":{"rendered":"SPIDI NAHTLOSES HEMD SCHWARZ GRAU"},"content":{"rendered":"<p>Das f\u00fcr Wettkampfzwecke konzipierte SPIDI Seamless Functional Shirt besteht aus einer Polyester\/Polyamid-Mischung, die f\u00fcr hervorragende Atmungsaktivit\u00e4t sorgt und die Belastung des K\u00f6rpers reduziert. Seine gestrickte Struktur in Kombination mit einem anatomisch geformten Schnitt sorgt den ganzen Tag \u00fcber f\u00fcr den Komfort des Reiters.<\/p>\n","protected":false},"excerpt":{"rendered":"<p>Das f\u00fcr Wettkampfzwecke konzipierte SPIDI Seamless Functional Shirt besteht aus einer Polyester\/Polyamid-Mischung, die f\u00fcr hervorragende Atmungsaktivit\u00e4t&#8230;<\/p>\n","protected":false},"featured_media":217850,"comment_status":"open","ping_status":"closed","template":"","meta":{"_acf_changed":false},"brand":[2124],"gender":[2173],"product_brand":[],"product_cat":[1357,2208,2212],"product_tag":[],"class_list":{"0":"post-217875","1":"product","2":"type-product","3":"status-publish","4":"has-post-thumbnail","6":"brand-spidi-de","7":"gender-unisex-de","8":"product_cat-ausrustung-fur-motorradfahrer","9":"product_cat-funktionskleidung-und-unterwasche","10":"product_cat-unterkappen","11":"pa_size-l-xl-de","12":"pa_size-s-m-de","13":"pa_size-2xl-3xl-de","15":"first","16":"instock","17":"sale","18":"taxable","19":"shipping-taxable","20":"purchasable","21":"product-type-variable"},"acf":[],"_links":{"self":[{"href":"https:\/\/moto-oprema.com\/de\/wp-json\/wp\/v2\/product\/217875","targetHints":{"allow":["GET"]}}],"collection":[{"href":"https:\/\/moto-oprema.com\/de\/wp-json\/wp\/v2\/product"}],"about":[{"href":"https:\/\/moto-oprema.com\/de\/wp-json\/wp\/v2\/types\/product"}],"replies":[{"embeddable":true,"href":"https:\/\/moto-oprema.com\/de\/wp-json\/wp\/v2\/comments?post=217875"}],"wp:featuredmedia":[{"embeddable":true,"href":"https:\/\/moto-oprema.com\/de\/wp-json\/wp\/v2\/media\/217850"}],"wp:attachment":[{"href":"https:\/\/moto-oprema.com\/de\/wp-json\/wp\/v2\/media?parent=217875"}],"wp:term":[{"taxonomy":"brand","embeddable":true,"href":"https:\/\/moto-oprema.com\/de\/wp-json\/wp\/v2\/brand?post=217875"},{"taxonomy":"gender","embeddable":true,"href":"https:\/\/moto-oprema.com\/de\/wp-json\/wp\/v2\/gender?post=217875"},{"taxonomy":"product_brand","embeddable":true,"href":"https:\/\/moto-oprema.com\/de\/wp-json\/wp\/v2\/product_brand?post=217875"},{"taxonomy":"product_cat","embeddable":true,"href":"https:\/\/moto-oprema.com\/de\/wp-json\/wp\/v2\/product_cat?post=217875"},{"taxonomy":"product_tag","embeddable":true,"href":"https:\/\/moto-oprema.com\/de\/wp-json\/wp\/v2\/product_tag?post=217875"}],"curies":[{"name":"wp","href":"https:\/\/api.w.org\/{rel}","templated":true}]}}