{"id":217777,"date":"2026-03-25T11:12:49","date_gmt":"2026-03-25T11:12:49","guid":{"rendered":"https:\/\/moto-oprema.com\/?post_type=product&#038;p=217777"},"modified":"2026-03-25T11:37:18","modified_gmt":"2026-03-25T11:37:18","slug":"spidi-x-gt-handschuhe-schwarz-kopija-2","status":"publish","type":"product","link":"https:\/\/moto-oprema.com\/de\/Artikel\/spidi-x-gt-handschuhe-schwarz-kopija-2\/","title":{"rendered":"SPIDI SPORT-GT HANDSCHUHE SCHWARZ"},"content":{"rendered":"<p>Die SPIDI Sport-GT Handschuhe wurden f\u00fcr Fahrten bei warmem Wetter entwickelt und bieten den Komfort, die Atmungsaktivit\u00e4t und den Schutz, den Sie f\u00fcr lange Tage auf der Stra\u00dfe ben\u00f6tigen. Sie sind leicht und extrem atmungsaktiv und damit ideal f\u00fcr sommerliche Bedingungen und l\u00e4ngere Fahrten in hei\u00dfen Klimazonen. <\/p>\n<p>Die Basiskonstruktion besteht vollst\u00e4ndig aus atmungsaktiven, hochfesten Materialien, die die Luftzirkulation und Flexibilit\u00e4t f\u00f6rdern und gleichzeitig die Strapazierf\u00e4higkeit f\u00fcr den t\u00e4glichen Gebrauch erhalten. Die Handfl\u00e4che aus Mikrofaser bietet hervorragenden Grip an den Griffen und verbesserte Abriebfestigkeit und sorgt f\u00fcr Kontrolle und Komfort bei langen Stunden auf dem Rad. <\/p>\n<p>Die Handschuhe sind nach EN13594:2015 KP zertifiziert und erf\u00fcllen die CE-Normen f\u00fcr Motorradschutzhandschuhe. Der Aufprallschutz wird durch Powertech-Fingerprotektoren gew\u00e4hrleistet und die zus\u00e4tzliche Polsterung auf der Handfl\u00e4che und dem Handr\u00fccken erh\u00f6ht die Sicherheit und den Komfort beim Fahren. <\/p>\n<p>F\u00fcr den allt\u00e4glichen Komfort sind die Sport-GT Handschuhe mit Touchscreens kompatibel, so dass der Fahrer GPS-Ger\u00e4te oder Smartphones nutzen kann, ohne sie ausziehen zu m\u00fcssen. Elastische, ziehharmonikaf\u00f6rmige Eins\u00e4tze an den Fingern verbessern die Flexibilit\u00e4t und die nat\u00fcrliche Bewegung der Hand und tragen dazu bei, die Erm\u00fcdung w\u00e4hrend langer Sommerfahrten zu verringern.<\/p>\n","protected":false},"excerpt":{"rendered":"<p>Die SPIDI Sport-GT Handschuhe wurden f\u00fcr Fahrten bei warmem Wetter entwickelt und bieten den Komfort, die&#8230;<\/p>\n","protected":false},"featured_media":217818,"comment_status":"open","ping_status":"closed","template":"","meta":{"_acf_changed":false},"brand":[2124],"gender":[2168],"product_brand":[],"product_cat":[1357,2086,2188,2092],"product_tag":[],"class_list":{"0":"post-217777","1":"product","2":"type-product","3":"status-publish","4":"has-post-thumbnail","6":"brand-spidi-de","7":"gender-moski-de","8":"product_cat-ausrustung-fur-motorradfahrer","9":"product_cat-handschuhe","10":"product_cat-lederhandschuhe","11":"product_cat-textil-handschuhe","12":"pa_velikost-rokovice-l-de","13":"pa_velikost-rokovice-m-de","14":"pa_velikost-rokovice-s-de","15":"pa_velikost-rokovice-xl-de","16":"pa_velikost-rokovice-xxl-de","17":"pa_velikost-rokovice-xxxl-de","19":"first","20":"instock","21":"sale","22":"taxable","23":"shipping-taxable","24":"purchasable","25":"product-type-variable"},"acf":[],"_links":{"self":[{"href":"https:\/\/moto-oprema.com\/de\/wp-json\/wp\/v2\/product\/217777","targetHints":{"allow":["GET"]}}],"collection":[{"href":"https:\/\/moto-oprema.com\/de\/wp-json\/wp\/v2\/product"}],"about":[{"href":"https:\/\/moto-oprema.com\/de\/wp-json\/wp\/v2\/types\/product"}],"replies":[{"embeddable":true,"href":"https:\/\/moto-oprema.com\/de\/wp-json\/wp\/v2\/comments?post=217777"}],"wp:featuredmedia":[{"embeddable":true,"href":"https:\/\/moto-oprema.com\/de\/wp-json\/wp\/v2\/media\/217818"}],"wp:attachment":[{"href":"https:\/\/moto-oprema.com\/de\/wp-json\/wp\/v2\/media?parent=217777"}],"wp:term":[{"taxonomy":"brand","embeddable":true,"href":"https:\/\/moto-oprema.com\/de\/wp-json\/wp\/v2\/brand?post=217777"},{"taxonomy":"gender","embeddable":true,"href":"https:\/\/moto-oprema.com\/de\/wp-json\/wp\/v2\/gender?post=217777"},{"taxonomy":"product_brand","embeddable":true,"href":"https:\/\/moto-oprema.com\/de\/wp-json\/wp\/v2\/product_brand?post=217777"},{"taxonomy":"product_cat","embeddable":true,"href":"https:\/\/moto-oprema.com\/de\/wp-json\/wp\/v2\/product_cat?post=217777"},{"taxonomy":"product_tag","embeddable":true,"href":"https:\/\/moto-oprema.com\/de\/wp-json\/wp\/v2\/product_tag?post=217777"}],"curies":[{"name":"wp","href":"https:\/\/api.w.org\/{rel}","templated":true}]}}