{"id":217687,"date":"2026-03-25T10:50:05","date_gmt":"2026-03-25T10:50:05","guid":{"rendered":"https:\/\/moto-oprema.com\/?post_type=product&#038;p=217687"},"modified":"2026-03-25T11:07:12","modified_gmt":"2026-03-25T11:07:12","slug":"spidi-x-gt-handschuhe-schwarz-kopija","status":"publish","type":"product","link":"https:\/\/moto-oprema.com\/de\/Artikel\/spidi-x-gt-handschuhe-schwarz-kopija\/","title":{"rendered":"SPIDI POWER CARBON HANDSCHUHE SCHWARZ"},"content":{"rendered":"<p>Die Power Carbon Handschuhe sind leichte, leistungsstarke Handschuhe, die Ihre H\u00e4nde auf der Stra\u00dfe und auf der Rennstrecke sch\u00fctzen. Sie verf\u00fcgen \u00fcber eine EN13594:2015 CP CE Sicherheitszertifizierung und eine Kohlefaserverst\u00e4rkung an den Fingergelenken f\u00fcr zus\u00e4tzliche Sicherheit. Die Handschuhe sind aus strapazierf\u00e4higem Ziegenleder (0,6 mm bis 0,8 mm) mit Eins\u00e4tzen aus fortschrittlichem synthetischem Wildleder f\u00fcr zus\u00e4tzlichen Schutz vor Abrieb gefertigt.  <\/p>\n<p>Das Handgelenk wird mit einem 360\u00b0-Rundumgurt mit Klettverschluss geschlossen und die Handschuhe verf\u00fcgen \u00fcber eine Lasche zum schnellen und einfachen Anziehen. Die R\u00fcckseite der Finger ist gepolstert und verf\u00fcgt \u00fcber 3D-Mesh-Eins\u00e4tze, die eine direkte Bel\u00fcftung erm\u00f6glichen und den Fahrkomfort in w\u00e4rmeren Klimazonen erh\u00f6hen. Die Handfl\u00e4chen und die Au\u00dfenseite der Handschuhe sind f\u00fcr Komfort und Sicherheit gepolstert und verf\u00fcgen \u00fcber perforierte Mesh-Bel\u00fcftungs\u00f6ffnungen f\u00fcr trockene und kalte H\u00e4nde. Wichtig ist, dass die Blinker f\u00fcr die Verwendung auf Touchscreens geeignet sind, so dass Sie GPS, Ihr Smartphone und andere Touchscreen-Ger\u00e4te bedienen k\u00f6nnen, ohne die Handschuhe ausziehen zu m\u00fcssen.<\/p>\n","protected":false},"excerpt":{"rendered":"<p>Die Power Carbon Handschuhe sind leichte, leistungsstarke Handschuhe, die Ihre H\u00e4nde auf der Stra\u00dfe und auf&#8230;<\/p>\n","protected":false},"featured_media":217748,"comment_status":"open","ping_status":"closed","template":"","meta":{"_acf_changed":false},"brand":[2124],"gender":[2168],"product_brand":[],"product_cat":[1357,2086,2188,2092],"product_tag":[],"class_list":{"0":"post-217687","1":"product","2":"type-product","3":"status-publish","4":"has-post-thumbnail","6":"brand-spidi-de","7":"gender-moski-de","8":"product_cat-ausrustung-fur-motorradfahrer","9":"product_cat-handschuhe","10":"product_cat-lederhandschuhe","11":"product_cat-textil-handschuhe","12":"pa_velikost-rokovice-l-de","13":"pa_velikost-rokovice-m-de","14":"pa_velikost-rokovice-s-de","15":"pa_velikost-rokovice-xl-de","16":"pa_velikost-rokovice-xxl-de","17":"pa_velikost-rokovice-xxxl-de","19":"first","20":"instock","21":"sale","22":"taxable","23":"shipping-taxable","24":"purchasable","25":"product-type-variable"},"acf":[],"_links":{"self":[{"href":"https:\/\/moto-oprema.com\/de\/wp-json\/wp\/v2\/product\/217687","targetHints":{"allow":["GET"]}}],"collection":[{"href":"https:\/\/moto-oprema.com\/de\/wp-json\/wp\/v2\/product"}],"about":[{"href":"https:\/\/moto-oprema.com\/de\/wp-json\/wp\/v2\/types\/product"}],"replies":[{"embeddable":true,"href":"https:\/\/moto-oprema.com\/de\/wp-json\/wp\/v2\/comments?post=217687"}],"wp:featuredmedia":[{"embeddable":true,"href":"https:\/\/moto-oprema.com\/de\/wp-json\/wp\/v2\/media\/217748"}],"wp:attachment":[{"href":"https:\/\/moto-oprema.com\/de\/wp-json\/wp\/v2\/media?parent=217687"}],"wp:term":[{"taxonomy":"brand","embeddable":true,"href":"https:\/\/moto-oprema.com\/de\/wp-json\/wp\/v2\/brand?post=217687"},{"taxonomy":"gender","embeddable":true,"href":"https:\/\/moto-oprema.com\/de\/wp-json\/wp\/v2\/gender?post=217687"},{"taxonomy":"product_brand","embeddable":true,"href":"https:\/\/moto-oprema.com\/de\/wp-json\/wp\/v2\/product_brand?post=217687"},{"taxonomy":"product_cat","embeddable":true,"href":"https:\/\/moto-oprema.com\/de\/wp-json\/wp\/v2\/product_cat?post=217687"},{"taxonomy":"product_tag","embeddable":true,"href":"https:\/\/moto-oprema.com\/de\/wp-json\/wp\/v2\/product_tag?post=217687"}],"curies":[{"name":"wp","href":"https:\/\/api.w.org\/{rel}","templated":true}]}}