{"id":217291,"date":"2026-03-24T11:15:21","date_gmt":"2026-03-24T11:15:21","guid":{"rendered":"https:\/\/moto-oprema.com\/?post_type=product&#038;p=217291"},"modified":"2026-04-01T07:04:31","modified_gmt":"2026-04-01T07:04:31","slug":"spidi-j-fit-superslim-shorts-blau-dunkel-gebraucht-kopija-3","status":"publish","type":"product","link":"https:\/\/moto-oprema.com\/de\/Artikel\/spidi-j-fit-superslim-shorts-blau-dunkel-gebraucht-kopija-3\/","title":{"rendered":"SPIDI J-FIT SUPERSLIM KURZE HOSE BLAU DUNKEL GEBRAUCHT"},"content":{"rendered":"<p>Die J-Fit Superslim ist eine Motorradjeans, die einen unvergleichlichen Komfort bietet. Die St\u00e4rke dieser Biker-Shorts liegt im verwendeten Material: Dieser Super-Stretch-Denim wird von SPIDI durch die Verflechtung von Baumwolle und Cordura\u00ae-Fasern und die Zugabe von 6 % Elastan hergestellt, was f\u00fcr ein ausgezeichnetes Ma\u00df an Flexibilit\u00e4t und Anpassungsf\u00e4higkeit sorgt. Das SPIDI R\u00fcckenetikett ist aus Leder gefertigt, w\u00e4hrend die Kn\u00f6pfe, Nieten und der Schl\u00fcsselring aus matter Bronze sind.  <\/p>\n<p>Slim FIT Modell, verk\u00fcrzte L\u00e4nge (32 Zoll).<\/p>\n<p>Diese Jeans sind nach Klasse A gem\u00e4\u00df EN 17092-4:2020 zertifiziert und enthalten Warrior Lite Short Kniesch\u00fctzer, w\u00e4hrend Warrior Lite Level 2 H\u00fcftsch\u00fctzer als Option erh\u00e4ltlich sind.<\/p>\n","protected":false},"excerpt":{"rendered":"","protected":false},"featured_media":94751,"comment_status":"open","ping_status":"closed","template":"","meta":{"_acf_changed":false},"brand":[2124],"gender":[2168],"product_brand":[],"product_cat":[1357,2189,2190],"product_tag":[],"class_list":{"0":"post-217291","1":"product","2":"type-product","3":"status-publish","4":"has-post-thumbnail","6":"brand-spidi-de","7":"gender-moski-de","8":"product_cat-ausrustung-fur-motorradfahrer","9":"product_cat-hose","10":"product_cat-jeans-hosen","11":"pa_size-28-de","12":"pa_size-29-de","13":"pa_size-30-de","14":"pa_size-31-de","15":"pa_size-32-de","16":"pa_size-33-de","17":"pa_size-34-de","18":"pa_size-36-de","19":"pa_size-38-de","20":"pa_size-40-de","22":"first","23":"instock","24":"sale","25":"taxable","26":"shipping-taxable","27":"purchasable","28":"product-type-variable"},"acf":[],"_links":{"self":[{"href":"https:\/\/moto-oprema.com\/de\/wp-json\/wp\/v2\/product\/217291","targetHints":{"allow":["GET"]}}],"collection":[{"href":"https:\/\/moto-oprema.com\/de\/wp-json\/wp\/v2\/product"}],"about":[{"href":"https:\/\/moto-oprema.com\/de\/wp-json\/wp\/v2\/types\/product"}],"replies":[{"embeddable":true,"href":"https:\/\/moto-oprema.com\/de\/wp-json\/wp\/v2\/comments?post=217291"}],"wp:featuredmedia":[{"embeddable":true,"href":"https:\/\/moto-oprema.com\/de\/wp-json\/wp\/v2\/media\/94751"}],"wp:attachment":[{"href":"https:\/\/moto-oprema.com\/de\/wp-json\/wp\/v2\/media?parent=217291"}],"wp:term":[{"taxonomy":"brand","embeddable":true,"href":"https:\/\/moto-oprema.com\/de\/wp-json\/wp\/v2\/brand?post=217291"},{"taxonomy":"gender","embeddable":true,"href":"https:\/\/moto-oprema.com\/de\/wp-json\/wp\/v2\/gender?post=217291"},{"taxonomy":"product_brand","embeddable":true,"href":"https:\/\/moto-oprema.com\/de\/wp-json\/wp\/v2\/product_brand?post=217291"},{"taxonomy":"product_cat","embeddable":true,"href":"https:\/\/moto-oprema.com\/de\/wp-json\/wp\/v2\/product_cat?post=217291"},{"taxonomy":"product_tag","embeddable":true,"href":"https:\/\/moto-oprema.com\/de\/wp-json\/wp\/v2\/product_tag?post=217291"}],"curies":[{"name":"wp","href":"https:\/\/api.w.org\/{rel}","templated":true}]}}