{"id":216985,"date":"2026-03-24T10:10:12","date_gmt":"2026-03-24T10:10:12","guid":{"rendered":"https:\/\/moto-oprema.com\/?post_type=product&#038;p=216985"},"modified":"2026-03-24T10:38:14","modified_gmt":"2026-03-24T10:38:14","slug":"spidi-race-warrior-2-net-manner-jacke-schwarz-weiss-kopija","status":"publish","type":"product","link":"https:\/\/moto-oprema.com\/de\/Artikel\/spidi-race-warrior-2-net-manner-jacke-schwarz-weiss-kopija\/","title":{"rendered":"SPIDI RACE WARRIOR 2 NET FRAUEN JACKE SCHWARZ WEISS"},"content":{"rendered":"<p>Die SPIDI Warrior Net 2 ist eine leichte Motorradjacke, die f\u00fcr au\u00dfergew\u00f6hnliche Atmungsaktivit\u00e4t in warmen und tropischen Klimazonen entwickelt wurde und damit ideal f\u00fcr Sport- und Tourenmotorradfahrer ist. Die einlagige Konstruktion besteht aus hochfestem Mesh-Gewebe f\u00fcr maximale Luftzirkulation, erg\u00e4nzt durch Stretch-Softshell-Eins\u00e4tze an den \u00c4rmeln und der H\u00fcfte, die strategisch dort platziert sind, wo Flexibilit\u00e4t und Haltbarkeit am wichtigsten sind. Die Warrior Net 2 Jacke ist CE-zertifiziert nach EN 17092-4:2020 Klasse A und verf\u00fcgt \u00fcber herausnehmbare Warrior Basic Level 2 Schulter- und Ellbogenpads. Warrior Brust- und R\u00fcckenprotektoren sind als Zubeh\u00f6r erh\u00e4ltlich.   <\/p>\n<ul>\n<li>CE: Schutzausr\u00fcstung f\u00fcr Motorradfahrer gem\u00e4\u00df der Verordnung (EU) 2016\/454.<\/li>\n<li>Schutzkleidung f\u00fcr Motorradfahrer &#8211; zertifiziert nach EN 17092-4:2020, Klasse A<\/li>\n<li>Einbau f\u00fcr CE-R\u00fcckenprotektor, Stufe 2, Z172<\/li>\n<li>CE Klasse 1 Z54 R\u00fcckengurt-Kit<\/li>\n<li>Warrior Lite abnehmbare Schulterpolster, zertifiziert nach EN 1621-1 Stufe 2 f\u00fcr Schultern<\/li>\n<li>CE Klasse 2 R\u00fcckengurt-Kit Z147<\/li>\n<li>Warrior Schulterpolster<\/li>\n<li>Warrior Grade 1 Brustgeschirr-Set Z138<\/li>\n<li>Thorax-Krieger-Brustschildhalterung, Stufe 1, Z157<\/li>\n<li>Warrior L2 Basic abnehmbare Ellbogenschoner, EN 1621-1 zertifiziert, Level 2, Ellbogen<\/li>\n<\/ul>\n<p>HOPE<\/p>\n<p>Stabiles Netzfutter<\/p>\n<p>M\u00d6GLICHKEITEN<\/p>\n<p>Durchschnittliches Gewicht 1,5 kg<\/p>\n<p>Hosenklammer zum Verbinden von Jacke und Hose<\/p>\n","protected":false},"excerpt":{"rendered":"","protected":false},"featured_media":217022,"comment_status":"open","ping_status":"closed","template":"","meta":{"_acf_changed":false},"brand":[2124],"gender":[2170],"product_brand":[],"product_cat":[1357,2045,2048],"product_tag":[],"class_list":{"0":"post-216985","1":"product","2":"type-product","3":"status-publish","4":"has-post-thumbnail","6":"brand-spidi-de","7":"gender-zenska-de","8":"product_cat-ausrustung-fur-motorradfahrer","9":"product_cat-jakne-de","10":"product_cat-textil-jacken","11":"pa_size-2xl-de","12":"pa_size-3xl-de","13":"pa_size-4xl-de","14":"pa_size-l-de","15":"pa_size-m-de","16":"pa_size-s-de","17":"pa_size-xl-de","19":"first","20":"instock","21":"sale","22":"taxable","23":"shipping-taxable","24":"purchasable","25":"product-type-variable"},"acf":[],"_links":{"self":[{"href":"https:\/\/moto-oprema.com\/de\/wp-json\/wp\/v2\/product\/216985","targetHints":{"allow":["GET"]}}],"collection":[{"href":"https:\/\/moto-oprema.com\/de\/wp-json\/wp\/v2\/product"}],"about":[{"href":"https:\/\/moto-oprema.com\/de\/wp-json\/wp\/v2\/types\/product"}],"replies":[{"embeddable":true,"href":"https:\/\/moto-oprema.com\/de\/wp-json\/wp\/v2\/comments?post=216985"}],"wp:featuredmedia":[{"embeddable":true,"href":"https:\/\/moto-oprema.com\/de\/wp-json\/wp\/v2\/media\/217022"}],"wp:attachment":[{"href":"https:\/\/moto-oprema.com\/de\/wp-json\/wp\/v2\/media?parent=216985"}],"wp:term":[{"taxonomy":"brand","embeddable":true,"href":"https:\/\/moto-oprema.com\/de\/wp-json\/wp\/v2\/brand?post=216985"},{"taxonomy":"gender","embeddable":true,"href":"https:\/\/moto-oprema.com\/de\/wp-json\/wp\/v2\/gender?post=216985"},{"taxonomy":"product_brand","embeddable":true,"href":"https:\/\/moto-oprema.com\/de\/wp-json\/wp\/v2\/product_brand?post=216985"},{"taxonomy":"product_cat","embeddable":true,"href":"https:\/\/moto-oprema.com\/de\/wp-json\/wp\/v2\/product_cat?post=216985"},{"taxonomy":"product_tag","embeddable":true,"href":"https:\/\/moto-oprema.com\/de\/wp-json\/wp\/v2\/product_tag?post=216985"}],"curies":[{"name":"wp","href":"https:\/\/api.w.org\/{rel}","templated":true}]}}