{"id":216330,"date":"2026-03-18T09:44:03","date_gmt":"2026-03-18T09:44:03","guid":{"rendered":"https:\/\/moto-oprema.com\/?post_type=product&#038;p=216330"},"modified":"2026-03-24T09:46:15","modified_gmt":"2026-03-24T09:46:15","slug":"spidi-ridemaster-jacke-mud-kopija","status":"publish","type":"product","link":"https:\/\/moto-oprema.com\/de\/Artikel\/spidi-ridemaster-jacke-mud-kopija\/","title":{"rendered":"SPIDI RIDEMASTER JACKE ROT"},"content":{"rendered":"<p>Die SPIDI Ridemaster H2OUT\u00ae ist eine Abenteuer-Motorradjacke, die auf St\u00e4rke, Haltbarkeit und ein hervorragendes Preis-Leistungs-Verh\u00e4ltnis ausgelegt ist.<\/p>\n<p>Sie ist ideal f\u00fcr Fahrten in gem\u00e4\u00dfigten oder kalten Klimazonen und kombiniert Komfort, fortschrittliche Technologie und Schutz in einer wasserdichten, robusten und funktionellen Jacke. Das herausnehmbare Thermofutter und die gro\u00dfen dynamischen Bel\u00fcftungs\u00f6ffnungen sorgen f\u00fcr eine effektive Temperaturregulierung in allen Jahreszeiten. <\/p>\n<p>Die Au\u00dfenh\u00fclle besteht aus hochfestem Polyester und Ripstop-Gewebe, Materialien, die eine ausgezeichnete Abrieb- und Verschlei\u00dffestigkeit bieten. Im Inneren sch\u00fctzt die H2OUT\u00ae-Membran &#8211; wasserdicht, winddicht und atmungsaktiv &#8211; den Fahrer vor den Elementen und gew\u00e4hrleistet gleichzeitig eine nat\u00fcrliche Bel\u00fcftung. <\/p>\n<p>Die Bel\u00fcftung wird durch das Neck-to-Elbow-System verbessert, das den Luftstrom vom Kragen bis zu den Ellbogen leitet, sowie durch verstellbare hintere Deflektoren mit Rei\u00dfverschl\u00fcssen, die auch bei langen Fahrten f\u00fcr individuellen Komfort sorgen.<\/p>\n<p>Das 100 g\/m\u00b2 starke Thermofutter ist herausnehmbar und mit dem modularen STEP-INWEAR System kompatibel, so dass es mit anderen SPIDI Kleidungsst\u00fccken, die mit der gleichen Technologie ausgestattet sind, ausgetauscht oder verwendet werden kann und sich so perfekt an unterschiedliche Wetterbedingungen anpasst.<\/p>\n<p>Die Jacke ist nach Klasse AA gem\u00e4\u00df EN 17092-4:2020 zertifiziert und bietet ein hohes Ma\u00df an Schutz f\u00fcr den Einsatz auf der Stra\u00dfe. Reflektierende Eins\u00e4tze verbessern die Sichtbarkeit des Fahrers bei schlechten Lichtverh\u00e4ltnissen und erh\u00f6hen die Sicherheit bei Nachtfahrten.<\/p>\n<p>Mit ihrer robusten Konstruktion, dem modularen Schichtsystem und ihrer Allround-Performance ist die SPIDI Ridemaster H2OUT\u00ae die perfekte Wahl f\u00fcr Motorradfahrer, die eine zuverl\u00e4ssige, technische Motorradjacke suchen, die f\u00fcr alle Jahreszeiten geeignet ist.<\/p>\n<p>&nbsp;<\/p>\n<p>Zusammensetzung des Rohmaterials:<\/p>\n<p>&#8211; 100% Polyester<\/p>\n","protected":false},"excerpt":{"rendered":"","protected":false},"featured_media":216213,"comment_status":"open","ping_status":"closed","template":"","meta":{"_acf_changed":false},"brand":[2124],"gender":[2168],"product_brand":[],"product_cat":[1357,2045,2048],"product_tag":[],"class_list":{"0":"post-216330","1":"product","2":"type-product","3":"status-publish","4":"has-post-thumbnail","6":"brand-spidi-de","7":"gender-moski-de","8":"product_cat-ausrustung-fur-motorradfahrer","9":"product_cat-jakne-de","10":"product_cat-textil-jacken","11":"pa_size-2xl-de","12":"pa_size-3xl-de","13":"pa_size-4xl-de","14":"pa_size-l-de","15":"pa_size-m-de","16":"pa_size-s-de","17":"pa_size-xl-de","19":"first","20":"instock","21":"sale","22":"taxable","23":"shipping-taxable","24":"purchasable","25":"product-type-variable"},"acf":[],"_links":{"self":[{"href":"https:\/\/moto-oprema.com\/de\/wp-json\/wp\/v2\/product\/216330","targetHints":{"allow":["GET"]}}],"collection":[{"href":"https:\/\/moto-oprema.com\/de\/wp-json\/wp\/v2\/product"}],"about":[{"href":"https:\/\/moto-oprema.com\/de\/wp-json\/wp\/v2\/types\/product"}],"replies":[{"embeddable":true,"href":"https:\/\/moto-oprema.com\/de\/wp-json\/wp\/v2\/comments?post=216330"}],"wp:featuredmedia":[{"embeddable":true,"href":"https:\/\/moto-oprema.com\/de\/wp-json\/wp\/v2\/media\/216213"}],"wp:attachment":[{"href":"https:\/\/moto-oprema.com\/de\/wp-json\/wp\/v2\/media?parent=216330"}],"wp:term":[{"taxonomy":"brand","embeddable":true,"href":"https:\/\/moto-oprema.com\/de\/wp-json\/wp\/v2\/brand?post=216330"},{"taxonomy":"gender","embeddable":true,"href":"https:\/\/moto-oprema.com\/de\/wp-json\/wp\/v2\/gender?post=216330"},{"taxonomy":"product_brand","embeddable":true,"href":"https:\/\/moto-oprema.com\/de\/wp-json\/wp\/v2\/product_brand?post=216330"},{"taxonomy":"product_cat","embeddable":true,"href":"https:\/\/moto-oprema.com\/de\/wp-json\/wp\/v2\/product_cat?post=216330"},{"taxonomy":"product_tag","embeddable":true,"href":"https:\/\/moto-oprema.com\/de\/wp-json\/wp\/v2\/product_tag?post=216330"}],"curies":[{"name":"wp","href":"https:\/\/api.w.org\/{rel}","templated":true}]}}