{"id":216031,"date":"2026-03-18T08:59:35","date_gmt":"2026-03-18T08:59:35","guid":{"rendered":"https:\/\/moto-oprema.com\/?post_type=product&#038;p=216031"},"modified":"2026-04-01T07:24:44","modified_gmt":"2026-04-01T07:24:44","slug":"alpinestars-cusco-drystar-jacke-schwarz-grau-kopija","status":"publish","type":"product","link":"https:\/\/moto-oprema.com\/de\/Artikel\/alpinestars-cusco-drystar-jacke-schwarz-grau-kopija\/","title":{"rendered":"ALPINESTARS CUSCO DRYSTAR JACKE SCHWARZ"},"content":{"rendered":"<p>Alpinestars Cusco Drystar &#8211; Wasserdichte Motorradjacke aus Textil<\/p>\n<p>Die Cusco Drystar ist eine vielseitige, leichte Jacke f\u00fcr zwei Jahreszeiten, die sich perfekt f\u00fcr Fahrten auf der Stra\u00dfe, Reisen oder den t\u00e4glichen Arbeitsweg eignet. Sie wurde f\u00fcr extreme Flexibilit\u00e4t entwickelt und bietet Fahrern optimalen Komfort und Schutz bei wechselnden Wetterbedingungen. Dank der hochwertigen Materialien und der durchdachten Konstruktion h\u00e4lt die Jacke Sie sowohl an hei\u00dfen, sonnigen Tagen als auch bei Regen zuverl\u00e4ssig trocken und sch\u00fctzt Sie vor Wind bei maximaler Bewegungsfreiheit. Die Cusco Drystar ist daher die ideale Wahl f\u00fcr alle, die Komfort, Schutz und Flexibilit\u00e4t in einem einzigen Kleidungsst\u00fcck suchen und bietet die perfekte Kombination aus Leichtigkeit, Strapazierf\u00e4higkeit und Atmungsaktivit\u00e4t f\u00fcr abenteuerliche Fahrten im Fr\u00fchling und Sommer.   <\/p>\n<p>Merkmale:<\/p>\n<ul>\n<li>Eine vielseitige und leichte Jacke f\u00fcr Abenteuer in zwei Jahreszeiten<\/li>\n<li>Bietet optimalen Komfort und Schutz bei warmen und feuchten Bedingungen<\/li>\n<li>Die ideale Wahl f\u00fcr Motorradtouren und das t\u00e4gliche Pendeln<\/li>\n<li>Leichte und strapazierf\u00e4hige Konstruktion aus recyceltem Ripstop- und Stretch-Softshell-Material f\u00fcr hohen Tragekomfort und maximale Bewegungsfreiheit auf und neben dem Rad<\/li>\n<li>Herausnehmbare Drystar\u00ae-Membran f\u00fcr Rundum-Klimakontrolle und zuverl\u00e4ssigen Schutz vor Wind und Wetter, die sowohl unter als auch \u00fcber der Jacke getragen werden kann;<\/li>\n<li>Gro\u00dfe, strategisch platzierte Bel\u00fcftungs\u00f6ffnungen f\u00fcr optimalen Luftstrom bei hohen Temperaturen;<\/li>\n<\/ul>\n<p>Technische Daten:<\/p>\n<ul>\n<li>Schutzkleidung f\u00fcr Motorradfahrer, Klasse AA (EN 17092-3:2020);<\/li>\n<li>Ellbogen- und Schulterpolster: Nucleon Flex Pro Level 2<\/li>\n<\/ul>\n<p>&nbsp;<\/p>\n","protected":false},"excerpt":{"rendered":"","protected":false},"featured_media":216076,"comment_status":"open","ping_status":"closed","template":"","meta":{"_acf_changed":false},"brand":[2111],"gender":[2168],"product_brand":[],"product_cat":[1357,2045,2048],"product_tag":[],"class_list":{"0":"post-216031","1":"product","2":"type-product","3":"status-publish","4":"has-post-thumbnail","6":"brand-alpinestars-de","7":"gender-moski-de","8":"product_cat-ausrustung-fur-motorradfahrer","9":"product_cat-jakne-de","10":"product_cat-textil-jacken","11":"pa_size-2xl-de","12":"pa_size-3xl-de","13":"pa_size-4xl-de","14":"pa_size-l-de","15":"pa_size-m-de","16":"pa_size-s-de","17":"pa_size-xl-de","19":"first","20":"instock","21":"sale","22":"taxable","23":"shipping-taxable","24":"purchasable","25":"product-type-variable"},"acf":[],"_links":{"self":[{"href":"https:\/\/moto-oprema.com\/de\/wp-json\/wp\/v2\/product\/216031","targetHints":{"allow":["GET"]}}],"collection":[{"href":"https:\/\/moto-oprema.com\/de\/wp-json\/wp\/v2\/product"}],"about":[{"href":"https:\/\/moto-oprema.com\/de\/wp-json\/wp\/v2\/types\/product"}],"replies":[{"embeddable":true,"href":"https:\/\/moto-oprema.com\/de\/wp-json\/wp\/v2\/comments?post=216031"}],"wp:featuredmedia":[{"embeddable":true,"href":"https:\/\/moto-oprema.com\/de\/wp-json\/wp\/v2\/media\/216076"}],"wp:attachment":[{"href":"https:\/\/moto-oprema.com\/de\/wp-json\/wp\/v2\/media?parent=216031"}],"wp:term":[{"taxonomy":"brand","embeddable":true,"href":"https:\/\/moto-oprema.com\/de\/wp-json\/wp\/v2\/brand?post=216031"},{"taxonomy":"gender","embeddable":true,"href":"https:\/\/moto-oprema.com\/de\/wp-json\/wp\/v2\/gender?post=216031"},{"taxonomy":"product_brand","embeddable":true,"href":"https:\/\/moto-oprema.com\/de\/wp-json\/wp\/v2\/product_brand?post=216031"},{"taxonomy":"product_cat","embeddable":true,"href":"https:\/\/moto-oprema.com\/de\/wp-json\/wp\/v2\/product_cat?post=216031"},{"taxonomy":"product_tag","embeddable":true,"href":"https:\/\/moto-oprema.com\/de\/wp-json\/wp\/v2\/product_tag?post=216031"}],"curies":[{"name":"wp","href":"https:\/\/api.w.org\/{rel}","templated":true}]}}