{"id":215085,"date":"2026-03-05T10:27:09","date_gmt":"2026-03-05T10:27:09","guid":{"rendered":"https:\/\/moto-oprema.com\/?post_type=product&#038;p=215085"},"modified":"2026-03-05T10:41:53","modified_gmt":"2026-03-05T10:41:53","slug":"skorpion-vx-16-evo-patriot-weiss-blau-gelb-kopija","status":"publish","type":"product","link":"https:\/\/moto-oprema.com\/de\/Artikel\/skorpion-vx-16-evo-patriot-weiss-blau-gelb-kopija\/","title":{"rendered":"SKORPION VX-16 EVO PATRIOT SILBER SCHWARZ COOPER"},"content":{"rendered":"<p>Scorpion VX-16 Evo Air Patriot Motocross-Helm<\/p>\n<p>Der VX-16 Air vereint alle Merkmale der bew\u00e4hrten VX-15 Serie, einschlie\u00dflich AirFit, einem gro\u00dfen Sichtfeld und einer abnehmbaren Mund\u00f6ffnung, und bietet eine verbesserte Passform dank lasergeschnittener, 3D-geformter Wangenpolster. Der Helm verf\u00fcgt \u00fcber einen gr\u00f6\u00dferen Kinnbereich f\u00fcr komfortables Atmen und ein geringeres Gewicht dank der fortschrittlichen thermoplastischen Scorpion-Schale. Der VX-16 Air setzt auch modische Akzente im Off-Road-Bereich und schreibt ein neues Kapitel in der Geschichte der Scorpion Off-Road-Helme.  <\/p>\n<p>Merkmale:<\/p>\n<ul>\n<li>AirFit &#8211; aufblasbares Wangenpolster-System f\u00fcr eine perfekte, individuelle Passform.<\/li>\n<li>Double D &#8211; das branchenf\u00fchrende D-Ring-System.<\/li>\n<li>KwikWick\u00ae &#8211; ein temperaturregulierender Stoff, der Sie an warmen Tagen k\u00fchl und trocken und an kalten Tagen warm h\u00e4lt. Das Innenfutter ist leicht herausnehmbar und waschbar. <\/li>\n<li>Windabweiser: verbesserte Anti-Beschlag-Eigenschaften.<\/li>\n<\/ul>\n<p>Technische Merkmale:<\/p>\n<ul>\n<li>Material: Thermoplast \/ Polycarbonat<\/li>\n<li>Verschluss: Doppel-D-Titan-Verschluss<\/li>\n<li>Norm: ECE 22.06<\/li>\n<\/ul>\n<p>Gr\u00f6\u00dfen:<\/p>\n<p>Helmgr\u00f6\u00dfen \/ Kopfumfang:<\/p>\n<ul>\n<li>XS: 53 cm &#8211; 54 cm<\/li>\n<li>S: 55 cm &#8211; 56 cm<\/li>\n<li>M: 57 cm &#8211; 58 cm<\/li>\n<li>L: 59 cm &#8211; 60 cm<\/li>\n<li>XL: 61 cm &#8211; 62 cm<\/li>\n<li>XXL: 63 cm &#8211; 64 cm<\/li>\n<\/ul>\n<p>Inhalt:<\/p>\n<ul>\n<li>1x Scorpion VX-16 Evo Air Patriot Motocross-Helm<\/li>\n<li>1x Visierverl\u00e4ngerung<\/li>\n<\/ul>\n","protected":false},"excerpt":{"rendered":"","protected":false},"featured_media":215101,"comment_status":"open","ping_status":"closed","template":"","meta":{"_acf_changed":false},"brand":[3431],"gender":[2173],"product_brand":[],"product_cat":[2028,2063],"product_tag":[],"class_list":{"0":"post-215085","1":"product","2":"type-product","3":"status-publish","4":"has-post-thumbnail","6":"brand-scorpion-de","7":"gender-unisex-de","8":"product_cat-motocross-ausrustung","9":"product_cat-mx-helme","10":"pa_velikost-st-l-de","11":"pa_velikost-st-m-de","12":"pa_velikost-st-s-de","13":"pa_velikost-st-xl-de","14":"pa_velikost-st-xs-de","15":"pa_velikost-st-xxl-de","16":"pa_velikost-st-xxxl-de","18":"first","19":"instock","20":"taxable","21":"shipping-taxable","22":"purchasable","23":"product-type-variable"},"acf":[],"_links":{"self":[{"href":"https:\/\/moto-oprema.com\/de\/wp-json\/wp\/v2\/product\/215085","targetHints":{"allow":["GET"]}}],"collection":[{"href":"https:\/\/moto-oprema.com\/de\/wp-json\/wp\/v2\/product"}],"about":[{"href":"https:\/\/moto-oprema.com\/de\/wp-json\/wp\/v2\/types\/product"}],"replies":[{"embeddable":true,"href":"https:\/\/moto-oprema.com\/de\/wp-json\/wp\/v2\/comments?post=215085"}],"wp:featuredmedia":[{"embeddable":true,"href":"https:\/\/moto-oprema.com\/de\/wp-json\/wp\/v2\/media\/215101"}],"wp:attachment":[{"href":"https:\/\/moto-oprema.com\/de\/wp-json\/wp\/v2\/media?parent=215085"}],"wp:term":[{"taxonomy":"brand","embeddable":true,"href":"https:\/\/moto-oprema.com\/de\/wp-json\/wp\/v2\/brand?post=215085"},{"taxonomy":"gender","embeddable":true,"href":"https:\/\/moto-oprema.com\/de\/wp-json\/wp\/v2\/gender?post=215085"},{"taxonomy":"product_brand","embeddable":true,"href":"https:\/\/moto-oprema.com\/de\/wp-json\/wp\/v2\/product_brand?post=215085"},{"taxonomy":"product_cat","embeddable":true,"href":"https:\/\/moto-oprema.com\/de\/wp-json\/wp\/v2\/product_cat?post=215085"},{"taxonomy":"product_tag","embeddable":true,"href":"https:\/\/moto-oprema.com\/de\/wp-json\/wp\/v2\/product_tag?post=215085"}],"curies":[{"name":"wp","href":"https:\/\/api.w.org\/{rel}","templated":true}]}}