{"id":214403,"date":"2026-03-04T11:14:58","date_gmt":"2026-03-04T11:14:58","guid":{"rendered":"https:\/\/moto-oprema.com\/?post_type=product&#038;p=214403"},"modified":"2026-03-04T11:31:39","modified_gmt":"2026-03-04T11:31:39","slug":"alpinestars-t-sps-v2-wp-jacke-schwarz-rot-rot-fluo-kopija","status":"publish","type":"product","link":"https:\/\/moto-oprema.com\/de\/Artikel\/alpinestars-t-sps-v2-wp-jacke-schwarz-rot-rot-fluo-kopija\/","title":{"rendered":"ALPINESTARS T-SPS AIR V2 WP JACKE SCHWARZ GELB FLUO"},"content":{"rendered":"<div id=\"tw-target-text-container\" class=\"tw-ta-container tw-nfl\">\n<p>Die vielseitige T-SPS Air v2 Jacke verf\u00fcgt \u00fcber strategisch platzierte Bel\u00fcftungs\u00f6ffnungen und gro\u00dfe Netzeins\u00e4tze auf der Brust, dem R\u00fccken und den \u00c4rmeln, um optimale Atmungsaktivit\u00e4t bei unterschiedlichen Wetterbedingungen zu gew\u00e4hrleisten. Die T-SPS Air v2 Jacke ist leistungsorientiert geschnitten und mit erstklassigem Nucleon Flex Plus Schutz an Schultern und Ellbogen ausgestattet. Sie ist die ideale Wahl f\u00fcr Fahrten in der Stadt. Standard-Passform.  <\/p>\n<p>Eigenschaften<\/p>\n<ul>\n<li>Die strategisch perforierte 600D-Zone l\u00e4sst Luft durch die Hauptschale str\u00f6men und verbessert die Atmungsaktivit\u00e4t und Bel\u00fcftung.<\/li>\n<li>Die technischen Mesh-Eins\u00e4tze sind so konzipiert, dass sie eine maximale Luftzirkulation im Oberk\u00f6rper gew\u00e4hrleisten und so f\u00fcr eine optimale K\u00fchlung sorgen, insbesondere bei Sportmotorr\u00e4dern ohne Karosserie.<\/li>\n<li>Die internen Verst\u00e4rkungen sind strategisch an den am st\u00e4rksten beanspruchten Stellen angebracht, um maximale Haltbarkeit und Schutz vor Abnutzung zu gew\u00e4hrleisten.<\/li>\n<li>Sportlicher Schnitt mit ergonomischen Eins\u00e4tzen und technischer 2D-Mesh-Konstruktion f\u00fcr mehr Komfort und Beweglichkeit.<\/li>\n<\/ul>\n<p>Bauwesen<\/p>\n<ul>\n<li>Die T-SPS Air v2 Jacke ist aus strapazierf\u00e4higem 600D-Polyester-Gewebe gefertigt und damit besonders langlebig.<\/li>\n<li>Mehrteiliges Muster f\u00fcr ultimativen Komfort und Funktionalit\u00e4t.<\/li>\n<li>Wasserdichte Innentasche zur sicheren Aufbewahrung von wichtigen Gegenst\u00e4nden.<\/li>\n<\/ul>\n<p>Schutz<\/p>\n<p>CE-zertifiziert Klasse A.<\/p>\n<ul>\n<li>Nucleon Flex Plus Schulter- und Ellbogenschoner, Stufe 1.<\/li>\n<li>Tech-Air\u00ae bereit.<\/li>\n<li>ELLBOGEN- UND SCHULTERSCHUTZ SIND NICHT ENTHALTEN:<\/li>\n<li>Nucleon Flex Pro Schulterprotektoren: Stufe 2.<\/li>\n<li>Nucleon Flex Pro Ellbogensch\u00fctzer: Stufe 2.<\/li>\n<\/ul>\n<\/div>\n","protected":false},"excerpt":{"rendered":"<p>Farbe: schwarz &#8211; fluo gelb<\/p>\n","protected":false},"featured_media":214444,"comment_status":"open","ping_status":"closed","template":"","meta":{"_acf_changed":false},"brand":[2111],"gender":[2168],"product_brand":[],"product_cat":[1357,2045,2048],"product_tag":[],"class_list":{"0":"post-214403","1":"product","2":"type-product","3":"status-publish","4":"has-post-thumbnail","6":"brand-alpinestars-de","7":"gender-moski-de","8":"product_cat-ausrustung-fur-motorradfahrer","9":"product_cat-jakne-de","10":"product_cat-textil-jacken","11":"pa_size-2xl-de","12":"pa_size-3xl-de","13":"pa_size-4xl-de","14":"pa_size-l-de","15":"pa_size-m-de","16":"pa_size-s-de","17":"pa_size-xl-de","19":"first","20":"instock","21":"sale","22":"taxable","23":"shipping-taxable","24":"purchasable","25":"product-type-variable"},"acf":[],"_links":{"self":[{"href":"https:\/\/moto-oprema.com\/de\/wp-json\/wp\/v2\/product\/214403","targetHints":{"allow":["GET"]}}],"collection":[{"href":"https:\/\/moto-oprema.com\/de\/wp-json\/wp\/v2\/product"}],"about":[{"href":"https:\/\/moto-oprema.com\/de\/wp-json\/wp\/v2\/types\/product"}],"replies":[{"embeddable":true,"href":"https:\/\/moto-oprema.com\/de\/wp-json\/wp\/v2\/comments?post=214403"}],"wp:featuredmedia":[{"embeddable":true,"href":"https:\/\/moto-oprema.com\/de\/wp-json\/wp\/v2\/media\/214444"}],"wp:attachment":[{"href":"https:\/\/moto-oprema.com\/de\/wp-json\/wp\/v2\/media?parent=214403"}],"wp:term":[{"taxonomy":"brand","embeddable":true,"href":"https:\/\/moto-oprema.com\/de\/wp-json\/wp\/v2\/brand?post=214403"},{"taxonomy":"gender","embeddable":true,"href":"https:\/\/moto-oprema.com\/de\/wp-json\/wp\/v2\/gender?post=214403"},{"taxonomy":"product_brand","embeddable":true,"href":"https:\/\/moto-oprema.com\/de\/wp-json\/wp\/v2\/product_brand?post=214403"},{"taxonomy":"product_cat","embeddable":true,"href":"https:\/\/moto-oprema.com\/de\/wp-json\/wp\/v2\/product_cat?post=214403"},{"taxonomy":"product_tag","embeddable":true,"href":"https:\/\/moto-oprema.com\/de\/wp-json\/wp\/v2\/product_tag?post=214403"}],"curies":[{"name":"wp","href":"https:\/\/api.w.org\/{rel}","templated":true}]}}