{"id":213626,"date":"2026-02-27T10:07:52","date_gmt":"2026-02-27T10:07:52","guid":{"rendered":"https:\/\/moto-oprema.com\/?post_type=product&#038;p=213626"},"modified":"2026-02-27T10:17:47","modified_gmt":"2026-02-27T10:17:47","slug":"hjc-rpha12-quartararo-replik-ii-helm-kopija","status":"publish","type":"product","link":"https:\/\/moto-oprema.com\/de\/Artikel\/hjc-rpha12-quartararo-replik-ii-helm-kopija\/","title":{"rendered":"HJC RPHA12 RED BULL AUSTIN GP II HELM"},"content":{"rendered":"<p>HJC RPHA 12 Red Bull Austin II Helm<\/p>\n<p>Der HJC RPHA 12 Red Bull Austin II Helm ist mehr als nur ein Schutzhelm &#8211; er ist eine Hommage an die Leidenschaft des Motorsports und den unverwechselbaren Stil von Red Bull Racing. Mit seinem unverwechselbaren Design, das von der Dynamik der MotoGP\u2122 und den Farben der legend\u00e4ren Energy-Drink-Marke inspiriert ist, f\u00e4llt er auf jeder Stra\u00dfe und Rennstrecke sofort ins Auge. Die kr\u00e4ftige blaue Farbe, die dynamische Grafik und das ikonische Red Bull-Logo machen diesen Helm zu einer Augenweide f\u00fcr Fans, die Geschwindigkeit, Leistung und Lifestyle miteinander verbinden wollen. Aus technischer Sicht beeindruckt der RPHA 12 mit seiner fortschrittlichen Premium Integrated Matrix EVO (PIM EVO) Schalenkonstruktion aus Carbon-Aramid-Fasern und Naturfasern, die eine extrem leichte und dennoch hochstabile Struktur gew\u00e4hrleistet. Das aerodynamische Design mit integriertem Heckspoiler reduziert Luftwiderstand und Auftrieb und sorgt so f\u00fcr maximale Stabilit\u00e4t auch bei hohen Geschwindigkeiten. Das gew\u00f6lbte Visier des HJ-42 mit seinem Zwei-Wege-Verschlusssystem sorgt nicht nur f\u00fcr ein klares Sichtfeld und einen perfekten Sitz, sondern unterstreicht auch die Rennsport-DNA dieses Helms. Das herausnehmbare, atmungsaktive Innenfutter, die austauschbaren Wangenpolster und das optimierte Bel\u00fcftungssystem sorgen f\u00fcr noch mehr Komfort. Dieser Helm entspricht der aktuellen ECE 22.06-Norm und kombiniert kompromisslose Sicherheit mit einem der kultigsten Designs in der Welt des Motorradsports. Ideal f\u00fcr Fahrer, die Technologie, Stil und Motorsportbegeisterung in einem Helm vereinen m\u00f6chten.         <\/p>\n<p>Spec:<\/p>\n<ul>\n<li>Premium integrierte Matrix \/ P.I.M. EVO .<\/li>\n<li>Die Au\u00dfenschale aus Karbonfaser bietet eine leichtere, komfortablere Schale mit besserer Sto\u00dffestigkeit.<\/li>\n<li>Pinlock Ready HJ-42 VISOR: Bietet 99% UV-Schutz, kratzfeste Beschichtung; Ratsche mit bidirektionalem Stift sorgt f\u00fcr reibungslose Ratschenbewegung und besseren Halt.<\/li>\n<li>Aerodynamische Schalenstruktur f\u00fcr herausragende Leistung bei H\u00f6chstgeschwindigkeiten.<\/li>\n<li>Notfallset (Wangenklappen) zum sicheren und schnellen Abnehmen in Notsituationen.<\/li>\n<li>Die gr\u00f6\u00dfere Augen\u00f6ffnung erm\u00f6glicht eine bessere periphere Sicht f\u00fcr den Fahrer.<\/li>\n<li>Die fortschrittliche antibakterielle Innenausstattung sorgt f\u00fcr mehr Atmungsaktivit\u00e4t und schnelles Trocknen.<\/li>\n<li>Die Innenschale und die Wangenknochen sind herausnehmbar und waschbar.<\/li>\n<li>Er ist standardm\u00e4\u00dfig mit einem 2D-Visier mit klarem und dunklem Rauch, Pinlock, ausgestattet,<\/li>\n<li>Kinnvorhang und Atemabweiser.<\/li>\n<li>4 Oberteilgr\u00f6\u00dfen: XS, S, M-L, XL-2XL.<\/li>\n<\/ul>\n<p>Designpunkte aus Carbon<br \/>\nLufteinlassblende in der Farbe der Waffe<br \/>\nCarbon-Aufkleber<br \/>\nExklusiver Din-Ring aus gold eloxiertem Aluminium.<\/p>\n","protected":false},"excerpt":{"rendered":"<p>HJC RPHA 12 Integralhelm Farbe:Red Bull Austin II<\/p>\n","protected":false},"featured_media":213671,"comment_status":"open","ping_status":"closed","template":"","meta":{"_acf_changed":false},"brand":[2131],"gender":[2173],"product_brand":[],"product_cat":[1357,1360,1361],"product_tag":[],"class_list":{"0":"post-213626","1":"product","2":"type-product","3":"status-publish","4":"has-post-thumbnail","6":"brand-hjc-de","7":"gender-unisex-de","8":"product_cat-ausrustung-fur-motorradfahrer","9":"product_cat-helme","10":"product_cat-integral","11":"pa_size-l-de","12":"pa_size-m-de","13":"pa_size-s-de","14":"pa_size-xl-de","15":"pa_size-xs-de","16":"pa_size-xxl-de","17":"pa_size-xxs-de","19":"first","20":"instock","21":"sale","22":"taxable","23":"shipping-taxable","24":"purchasable","25":"product-type-variable"},"acf":[],"_links":{"self":[{"href":"https:\/\/moto-oprema.com\/de\/wp-json\/wp\/v2\/product\/213626","targetHints":{"allow":["GET"]}}],"collection":[{"href":"https:\/\/moto-oprema.com\/de\/wp-json\/wp\/v2\/product"}],"about":[{"href":"https:\/\/moto-oprema.com\/de\/wp-json\/wp\/v2\/types\/product"}],"replies":[{"embeddable":true,"href":"https:\/\/moto-oprema.com\/de\/wp-json\/wp\/v2\/comments?post=213626"}],"wp:featuredmedia":[{"embeddable":true,"href":"https:\/\/moto-oprema.com\/de\/wp-json\/wp\/v2\/media\/213671"}],"wp:attachment":[{"href":"https:\/\/moto-oprema.com\/de\/wp-json\/wp\/v2\/media?parent=213626"}],"wp:term":[{"taxonomy":"brand","embeddable":true,"href":"https:\/\/moto-oprema.com\/de\/wp-json\/wp\/v2\/brand?post=213626"},{"taxonomy":"gender","embeddable":true,"href":"https:\/\/moto-oprema.com\/de\/wp-json\/wp\/v2\/gender?post=213626"},{"taxonomy":"product_brand","embeddable":true,"href":"https:\/\/moto-oprema.com\/de\/wp-json\/wp\/v2\/product_brand?post=213626"},{"taxonomy":"product_cat","embeddable":true,"href":"https:\/\/moto-oprema.com\/de\/wp-json\/wp\/v2\/product_cat?post=213626"},{"taxonomy":"product_tag","embeddable":true,"href":"https:\/\/moto-oprema.com\/de\/wp-json\/wp\/v2\/product_tag?post=213626"}],"curies":[{"name":"wp","href":"https:\/\/api.w.org\/{rel}","templated":true}]}}