{"id":213258,"date":"2026-02-27T08:01:36","date_gmt":"2026-02-27T08:01:36","guid":{"rendered":"https:\/\/moto-oprema.com\/?post_type=product&#038;p=213258"},"modified":"2026-02-27T08:05:32","modified_gmt":"2026-02-27T08:05:32","slug":"skorpion-adx-2-kamps-weiss-rot-blau-kopija","status":"publish","type":"product","link":"https:\/\/moto-oprema.com\/de\/Artikel\/skorpion-adx-2-kamps-weiss-rot-blau-kopija\/","title":{"rendered":"SKORPION ADX-2 KAMPS GRAU ROT"},"content":{"rendered":"<p>Skorpion ADX-2 Kamps Enduro-Helm<\/p>\n<p>Der ADX-2 Kamps ist ein moderner Enduro-Helm, der Vielseitigkeit, Komfort und Sicherheit in einem funktionellen Paket vereint. Er wurde f\u00fcr Fahrer entwickelt, die sowohl auf der Stra\u00dfe als auch im Gel\u00e4nde unterwegs sind und besticht durch sein modulares Design mit P\/J-Zertifizierung, ein effizientes Bel\u00fcftungssystem und ein integriertes Visier. Mit seiner robusten Konstruktion, den durchdachten Funktionen und der hohen Alltagstauglichkeit bietet der ADX-2 Kamps maximale Flexibilit\u00e4t und Schutz &#8211; sowohl auf kurzen Fahrten als auch auf langen Abenteuern.  <\/p>\n<p>Merkmale:<\/p>\n<ul>\n<li>Leichtes und aerodynamisches Geh\u00e4use &#8211; reduziert den Windwiderstand und die Erm\u00fcdung bei langen Fahrten<\/li>\n<li>3D Contour Fit Innenpolster &#8211; lasergeschnitten f\u00fcr eine pr\u00e4zise Passform und hohen Komfort<\/li>\n<li>P\/J-Zertifizierung &#8211; kann als Voll- oder offener Helm f\u00fcr maximale Flexibilit\u00e4t verwendet werden<\/li>\n<li>Eingebautes SpeedView\u00ae Sonnenvisier &#8211; sch\u00fctzt zuverl\u00e4ssig vor Sonnenblendung<\/li>\n<li>Effizientes Aero-Tuned Bel\u00fcftungssystem &#8211; reduziert den Luftwiderstand und leitet W\u00e4rme und Feuchtigkeit ab<\/li>\n<li>KwikFit\u00ae Wangenpolster &#8211; machen das Tragen einer Brille komfortabel<\/li>\n<li>Abnehmbares Visier &#8211; flexibel f\u00fcr Touren oder Abenteuerausfl\u00fcge<\/li>\n<li>Vorbereitet f\u00fcr Kommunikationssysteme mit Lautsprechertaschen &#8211; ideal f\u00fcr Bluetooth-Systeme<\/li>\n<\/ul>\n<p>Technische Merkmale:<\/p>\n<ul>\n<li>Material: Thermoplast \/ Polycarbonat<\/li>\n<li>ECE 22-06, P\/J zertifiziert<\/li>\n<li>Mikrometrischer Verschluss mit gezahnter Spange<\/li>\n<li>Gr\u00f6\u00dfen XS &#8211; XXL<\/li>\n<\/ul>\n<p>Gr\u00f6\u00dfen:<\/p>\n<p>Helmgr\u00f6\u00dfen \/ Kopfumfang:<\/p>\n<p>XS: 54 cm &#8211; 55 cm<\/p>\n<p>S: 55 cm &#8211; 56 cm<\/p>\n<p>M: 57 cm &#8211; 58 cm<\/p>\n<p>L: 58 cm &#8211; 59 cm<\/p>\n<p>XL: 60 cm &#8211; 61 cm<\/p>\n<p>XXL: 62 cm &#8211; 63 cm<\/p>\n<p>Kompatibilit\u00e4t:<\/p>\n<p>Vorbereitet f\u00fcr Kommunikationssysteme (integrierte Lautsprechertaschen, EXO-COM Ready; nicht im Lieferumfang enthalten)<\/p>\n<p>Inhalt:<\/p>\n<ul>\n<li>1x Scorpion ADX-2 Kamps Enduro Helm<\/li>\n<li>1x Helmtasche<\/li>\n<\/ul>\n<p>Zus\u00e4tzliche Informationen zum Produkt<\/p>\n<ul>\n<li>Bereit f\u00fcr Kommunikationsger\u00e4te<\/li>\n<li>Geeignet f\u00fcr Brillen<\/li>\n<li>Bereit f\u00fcr Pinlock<\/li>\n<li>Sonnenblende<\/li>\n<li>Verschluss: Microlock<\/li>\n<\/ul>\n<p>&nbsp;<\/p>\n","protected":false},"excerpt":{"rendered":"","protected":false},"featured_media":213274,"comment_status":"open","ping_status":"closed","template":"","meta":{"_acf_changed":false},"brand":[3431],"gender":[2173],"product_brand":[],"product_cat":[2026,1357,1360],"product_tag":[],"class_list":{"0":"post-213258","1":"product","2":"type-product","3":"status-publish","4":"has-post-thumbnail","6":"brand-scorpion-de","7":"gender-unisex-de","8":"product_cat-ausklappbar","9":"product_cat-ausrustung-fur-motorradfahrer","10":"product_cat-helme","11":"pa_velikost-st-l-de","12":"pa_velikost-st-m-de","13":"pa_velikost-st-s-de","14":"pa_velikost-st-xl-de","15":"pa_velikost-st-xs-de","16":"pa_velikost-st-xxl-de","17":"pa_velikost-st-xxxl-de","19":"first","20":"instock","21":"taxable","22":"shipping-taxable","23":"purchasable","24":"product-type-variable"},"acf":[],"_links":{"self":[{"href":"https:\/\/moto-oprema.com\/de\/wp-json\/wp\/v2\/product\/213258","targetHints":{"allow":["GET"]}}],"collection":[{"href":"https:\/\/moto-oprema.com\/de\/wp-json\/wp\/v2\/product"}],"about":[{"href":"https:\/\/moto-oprema.com\/de\/wp-json\/wp\/v2\/types\/product"}],"replies":[{"embeddable":true,"href":"https:\/\/moto-oprema.com\/de\/wp-json\/wp\/v2\/comments?post=213258"}],"wp:featuredmedia":[{"embeddable":true,"href":"https:\/\/moto-oprema.com\/de\/wp-json\/wp\/v2\/media\/213274"}],"wp:attachment":[{"href":"https:\/\/moto-oprema.com\/de\/wp-json\/wp\/v2\/media?parent=213258"}],"wp:term":[{"taxonomy":"brand","embeddable":true,"href":"https:\/\/moto-oprema.com\/de\/wp-json\/wp\/v2\/brand?post=213258"},{"taxonomy":"gender","embeddable":true,"href":"https:\/\/moto-oprema.com\/de\/wp-json\/wp\/v2\/gender?post=213258"},{"taxonomy":"product_brand","embeddable":true,"href":"https:\/\/moto-oprema.com\/de\/wp-json\/wp\/v2\/product_brand?post=213258"},{"taxonomy":"product_cat","embeddable":true,"href":"https:\/\/moto-oprema.com\/de\/wp-json\/wp\/v2\/product_cat?post=213258"},{"taxonomy":"product_tag","embeddable":true,"href":"https:\/\/moto-oprema.com\/de\/wp-json\/wp\/v2\/product_tag?post=213258"}],"curies":[{"name":"wp","href":"https:\/\/api.w.org\/{rel}","templated":true}]}}