{"id":212359,"date":"2026-02-23T10:15:14","date_gmt":"2026-02-23T10:15:14","guid":{"rendered":"https:\/\/moto-oprema.com\/?post_type=product&#038;p=212359"},"modified":"2026-02-23T10:28:36","modified_gmt":"2026-02-23T10:28:36","slug":"airoh-mx-helm-wraaap-vision-gelb-blau-glanz-kopija","status":"publish","type":"product","link":"https:\/\/moto-oprema.com\/de\/Artikel\/airoh-mx-helm-wraaap-vision-gelb-blau-glanz-kopija\/","title":{"rendered":"AIROH MX HELM WRAAAP VISION ROT BLAU GLANZ"},"content":{"rendered":"<p>Aggressives Aussehen und auff\u00e4llige Grafiken erg\u00e4nzen die High-End-Ausstattung mit der HRT-Dreifachschale, dem Bel\u00fcftungssystem der neuesten Generation, das im Windkanal erforscht und optimiert wurde, und das sind nur einige der Merkmale dieses innovativen Produkts. Alles, was Sie tun m\u00fcssen, ist Ihre Leidenschaft in vollen Z\u00fcgen zu leben. Befreien Sie Ihren Geist und erobern Sie die Welt.  <\/p>\n<p>Merkmale:<\/p>\n<p>Doppeltes EPS-System<br \/>\nASN (Airoh Sliding Net) System<br \/>\nHerausnehmbares Innenfutter<br \/>\nSpezifikationen:<\/p>\n<p>Anwendungen: Gr\u00f6\u00dfe: 1: XXS &#8211; XXL<br \/>\nGewicht: 1260 g (+\/- 50 g)<br \/>\nMaterial: HRT (High Resistance Thermoplastic)<br \/>\nVerschluss: Doppel-D<br \/>\nECE: 22.06<\/p>\n<p>&nbsp;<\/p>\n","protected":false},"excerpt":{"rendered":"","protected":false},"featured_media":212396,"comment_status":"open","ping_status":"closed","template":"","meta":{"_acf_changed":false},"brand":[2137],"gender":[2173],"product_brand":[],"product_cat":[1357,2028,2063],"product_tag":[],"class_list":{"0":"post-212359","1":"product","2":"type-product","3":"status-publish","4":"has-post-thumbnail","6":"brand-airoh-de","7":"gender-unisex-de","8":"product_cat-ausrustung-fur-motorradfahrer","9":"product_cat-motocross-ausrustung","10":"product_cat-mx-helme","11":"pa_size-l-de","12":"pa_size-m-de","13":"pa_size-s-de","14":"pa_size-xl-de","15":"pa_size-xs-de","16":"pa_size-xxl-de","17":"pa_size-xxs-de","19":"first","20":"instock","21":"sale","22":"taxable","23":"shipping-taxable","24":"purchasable","25":"product-type-variable"},"acf":[],"_links":{"self":[{"href":"https:\/\/moto-oprema.com\/de\/wp-json\/wp\/v2\/product\/212359","targetHints":{"allow":["GET"]}}],"collection":[{"href":"https:\/\/moto-oprema.com\/de\/wp-json\/wp\/v2\/product"}],"about":[{"href":"https:\/\/moto-oprema.com\/de\/wp-json\/wp\/v2\/types\/product"}],"replies":[{"embeddable":true,"href":"https:\/\/moto-oprema.com\/de\/wp-json\/wp\/v2\/comments?post=212359"}],"wp:featuredmedia":[{"embeddable":true,"href":"https:\/\/moto-oprema.com\/de\/wp-json\/wp\/v2\/media\/212396"}],"wp:attachment":[{"href":"https:\/\/moto-oprema.com\/de\/wp-json\/wp\/v2\/media?parent=212359"}],"wp:term":[{"taxonomy":"brand","embeddable":true,"href":"https:\/\/moto-oprema.com\/de\/wp-json\/wp\/v2\/brand?post=212359"},{"taxonomy":"gender","embeddable":true,"href":"https:\/\/moto-oprema.com\/de\/wp-json\/wp\/v2\/gender?post=212359"},{"taxonomy":"product_brand","embeddable":true,"href":"https:\/\/moto-oprema.com\/de\/wp-json\/wp\/v2\/product_brand?post=212359"},{"taxonomy":"product_cat","embeddable":true,"href":"https:\/\/moto-oprema.com\/de\/wp-json\/wp\/v2\/product_cat?post=212359"},{"taxonomy":"product_tag","embeddable":true,"href":"https:\/\/moto-oprema.com\/de\/wp-json\/wp\/v2\/product_tag?post=212359"}],"curies":[{"name":"wp","href":"https:\/\/api.w.org\/{rel}","templated":true}]}}