{"id":211345,"date":"2026-02-18T09:02:40","date_gmt":"2026-02-18T09:02:40","guid":{"rendered":"https:\/\/moto-oprema.com\/?post_type=product&#038;p=211345"},"modified":"2026-02-18T09:11:12","modified_gmt":"2026-02-18T09:11:12","slug":"dainese-laguna-seca-6-1pc-perf-schwarz-weiss-kopija","status":"publish","type":"product","link":"https:\/\/moto-oprema.com\/de\/Artikel\/dainese-laguna-seca-6-1pc-perf-schwarz-weiss-kopija\/","title":{"rendered":"DAINESE LAGUNA SECA 6 1PC PERF. SCHWARZ ROT BLAU"},"content":{"rendered":"<p>Dainese Laguna Seca 6 1-teilige Motorradkombi aus Leder<\/p>\n<p>Der Laguna Seca 6 ist die neueste Generation des legend\u00e4ren einteiligen Rennanzugs von Dainese. Hergestellt aus hochwertigem 1,2 mm dickem Tutu-Leder mit speziellen Perforationen, kombiniert er maximale Bewegungsfreiheit, Ergonomie und Schutz. Modernste, in der MotoGP\u2122 getestete Technologien machen ihn zur idealen Wahl f\u00fcr anspruchsvolle Rennfahrer. Die innovative Konstruktion kombiniert gro\u00dfe elastische Eins\u00e4tze mit dem Dainese Tri-Axial System auf der R\u00fcckseite f\u00fcr optimale Flexibilit\u00e4t und Haltbarkeit. Das gro\u00dfe Frontpanel aus elastischem Material passt sich der K\u00f6rperform an und sorgt f\u00fcr maximalen Komfort. Der Veloce Racing Neck Kragen und die weichen Eins\u00e4tze an den Handgelenken reduzieren Druckstellen f\u00fcr uneingeschr\u00e4nkte Bewegungsfreiheit. Der Anzug \u00fcbertrifft die Schutzklasse AAA und ist mit Verbundprotektoren der Stufe 2 an Schultern, Ellbogen und Knien ausgestattet. Auswechselbare Aluminiumeins\u00e4tze an den Schultern und Stahleins\u00e4tze an den Ellbogen verringern das Risiko eines pl\u00f6tzlichen Umknickens. Die RSS 4.0 Ellbogen- und Knieschienen lassen sich individuell einstellen und erm\u00f6glichen einen schnellen Austausch, ohne dass die Basisposition ver\u00e4ndert werden muss. Pro-Shape 2.0 (Level 1) H\u00fcftprotektoren bieten zus\u00e4tzlichen Schutz f\u00fcr die H\u00fcften. Dank des boot-IN-Systems und der Verbindung des Anzugs mit den Stiefeln mit Klettverschluss und elastischen Eins\u00e4tzen auf der R\u00fcckseite des Beins ist der Laguna Seca 6 mit AXIAL 2-Stiefeln kompatibel und bietet auch bei st\u00e4rkerer Wadenmuskulatur eine optimale Passform. Das herausnehmbare, waschbare D-Tec Racing Core Futter sorgt f\u00fcr au\u00dfergew\u00f6hnliche Atmungsaktivit\u00e4t. Strategisch platzierte Perforationen sorgen f\u00fcr optimale Bel\u00fcftung &#8211; auch bei hei\u00dfen Trainingsl\u00e4ufen. Der aerodynamische R\u00fccken mit integriertem MotoGP\u2122-inspiriertem Trinksystem sorgt f\u00fcr kontinuierliche Fl\u00fcssigkeitszufuhr w\u00e4hrend intensiver Rennen.             <\/p>\n<p>Merkmale:<\/p>\n<ul>\n<li>Aerodynamischer Rennr\u00fccken mit integriertem Trinksystem<\/li>\n<li>Elastische Handgelenke f\u00fcr mehr Leistung<\/li>\n<li>System zum Befestigen von Overalls an Schuhen<\/li>\n<li>Dreiseitiger elastischer Einsatz auf der R\u00fcckseite<\/li>\n<li>Veloce Rennkragen<\/li>\n<li>S1 bielastischer Stoff<\/li>\n<li>Tutu Leder aus Rinderfell<\/li>\n<li>3D-Blasenstoff-Eins\u00e4tze<\/li>\n<li>Atmungsaktives Netzfutter<\/li>\n<li>Lokalisierte Perforation<\/li>\n<li>Rei\u00dfverschluss an den Waden mit Schuheinstiegssystem<\/li>\n<li>D-Tec Racing Core mit herausnehmbarem und waschbarem Innenanzug<\/li>\n<li>Innentasche im Futter<\/li>\n<li>Auswechselbare Ellbogenschieber RSS 4.0<\/li>\n<li>Auswechselbare Knieschleifer RSS 4.0<\/li>\n<\/ul>\n<p>Spezifikationen:<\/p>\n<ul>\n<li>Schutzkleidung f\u00fcr Motorradfahrer der Klasse AAA<\/li>\n<li>Komposit-Ellbogenschoner Grad 2<\/li>\n<li>Komposit-Knieschoner, Stufe 2<\/li>\n<li>Komposit-Schulterpolster, Stufe 2<\/li>\n<li>Pro-Shape 2.0 H\u00fcftprotektoren Stufe 1<\/li>\n<li>Schulterkappen aus Aluminium<\/li>\n<li>Austauschbare Kr\u00fcmmerplatten aus Stahl<\/li>\n<\/ul>\n<p>Zus\u00e4tzliche Informationen zum Produkt<\/p>\n<p>Material Obermaterial: 100 % Rindsleder Einlegesohlen auf dem Obermaterial: 87 % Polyamid und Nylon, 13 % Elastan Bedruckte Einlegesohlen: 97 % Polyester, 3 % Elastan Herausnehmbares Futter: 100 % Polyester Einlegesohlen auf dem herausnehmbaren Futter: 84 % Polyamid oder Nylon, 16 % Elastan Einlegesohlen an den F\u00fc\u00dfen auf dem festen Futter: 92 % Polyester, 8 % Elastan<\/p>\n<p>Schutzklasse: AAA<\/p>\n<p>material_type: Rindsleder<\/p>\n","protected":false},"excerpt":{"rendered":"<p>Dainese Laguna Seca 6 einteiliger Anzug. Lieferung aller Nummern auf Bestellung 7 Tage!!!<\/p>\n","protected":false},"featured_media":211292,"comment_status":"open","ping_status":"closed","template":"","meta":{"_acf_changed":false},"brand":[2113],"gender":[2168],"product_brand":[],"product_cat":[2220,1357],"product_tag":[],"class_list":{"0":"post-211345","1":"product","2":"type-product","3":"status-publish","4":"has-post-thumbnail","6":"brand-dainese-de","7":"gender-moski-de","8":"product_cat-1-teilige-latzhose","9":"product_cat-ausrustung-fur-motorradfahrer","10":"pa_size-46-de","11":"pa_size-48-de","12":"pa_size-50-de","13":"pa_size-52-de","14":"pa_size-54-de","15":"pa_size-56-de","16":"pa_size-58-de","17":"pa_size-60-de","18":"pa_size-62-de","20":"first","21":"onbackorder","22":"sale","23":"taxable","24":"shipping-taxable","25":"purchasable","26":"product-type-variable"},"acf":[],"_links":{"self":[{"href":"https:\/\/moto-oprema.com\/de\/wp-json\/wp\/v2\/product\/211345","targetHints":{"allow":["GET"]}}],"collection":[{"href":"https:\/\/moto-oprema.com\/de\/wp-json\/wp\/v2\/product"}],"about":[{"href":"https:\/\/moto-oprema.com\/de\/wp-json\/wp\/v2\/types\/product"}],"replies":[{"embeddable":true,"href":"https:\/\/moto-oprema.com\/de\/wp-json\/wp\/v2\/comments?post=211345"}],"wp:featuredmedia":[{"embeddable":true,"href":"https:\/\/moto-oprema.com\/de\/wp-json\/wp\/v2\/media\/211292"}],"wp:attachment":[{"href":"https:\/\/moto-oprema.com\/de\/wp-json\/wp\/v2\/media?parent=211345"}],"wp:term":[{"taxonomy":"brand","embeddable":true,"href":"https:\/\/moto-oprema.com\/de\/wp-json\/wp\/v2\/brand?post=211345"},{"taxonomy":"gender","embeddable":true,"href":"https:\/\/moto-oprema.com\/de\/wp-json\/wp\/v2\/gender?post=211345"},{"taxonomy":"product_brand","embeddable":true,"href":"https:\/\/moto-oprema.com\/de\/wp-json\/wp\/v2\/product_brand?post=211345"},{"taxonomy":"product_cat","embeddable":true,"href":"https:\/\/moto-oprema.com\/de\/wp-json\/wp\/v2\/product_cat?post=211345"},{"taxonomy":"product_tag","embeddable":true,"href":"https:\/\/moto-oprema.com\/de\/wp-json\/wp\/v2\/product_tag?post=211345"}],"curies":[{"name":"wp","href":"https:\/\/api.w.org\/{rel}","templated":true}]}}